{"id":409,"date":"2021-04-26T10:36:03","date_gmt":"2021-04-26T08:36:03","guid":{"rendered":"http:\/\/tripnet.es\/privacy-policy\/"},"modified":"2021-04-26T10:36:04","modified_gmt":"2021-04-26T08:36:04","slug":"privacy-policy","status":"publish","type":"page","link":"http:\/\/www.tripnet.es\/en\/privacy-policy\/","title":{"rendered":"Privacy policy"},"content":{"rendered":"<p>[vc_row css_animation=&#8221;&#8221; row_type=&#8221;row&#8221; use_row_as_full_screen_section=&#8221;no&#8221; type=&#8221;full_width&#8221; angled_section=&#8221;no&#8221; text_align=&#8221;left&#8221; background_image_as_pattern=&#8221;without_pattern&#8221;][vc_column][vc_single_image image=&#8221;93&#8243; img_size=&#8221;full&#8221; alignment=&#8221;center&#8221; qode_css_animation=&#8221;&#8221;][vc_empty_space height=&#8221;80px&#8221;][\/vc_column][\/vc_row][vc_row css_animation=&#8221;&#8221; row_type=&#8221;row&#8221; use_row_as_full_screen_section=&#8221;no&#8221; type=&#8221;grid&#8221; angled_section=&#8221;no&#8221; text_align=&#8221;left&#8221; background_image_as_pattern=&#8221;without_pattern&#8221; z_index=&#8221;&#8221;][vc_column][vc_column_text]<\/p>\n<h1 class=\"contentheading\">Privacy policy<\/h1>\n<p>[\/vc_column_text][vc_empty_space height=&#8221;80px&#8221;][\/vc_column][\/vc_row][vc_row css_animation=&#8221;&#8221; row_type=&#8221;row&#8221; use_row_as_full_screen_section=&#8221;no&#8221; type=&#8221;grid&#8221; angled_section=&#8221;no&#8221; text_align=&#8221;left&#8221; background_image_as_pattern=&#8221;without_pattern&#8221; z_index=&#8221;&#8221;][vc_column][vc_column_text]<span title=\"1. INFORMACI\u00d3N AL USUARIO\"><strong>1. INFORMATION TO THE USER<\/strong><\/p>\n<p><\/span><span title=\"TRIPNET,SL, en adelante RESPONSABLE, es el Responsable del tratamiento de los datospersonales del Usuario y le informa que estos datos ser\u00e1n tratados de conformidad con lo dispuesto en las normativas vigentes en protecci\u00f3n de datos personales, el Reglamento (UE) 2016\/679 de\">TRIPNET, SL, hereinafter RESPONSIBLE, is the Person in charge of processing the personal data of the User and informs him that this data will be treated in accordance with the provisions in the regulations in force on the protection of personal data, Regulation (EU) 2016\/679 of\u00a0<\/span><span title=\"27 de abril de 2016 (GDPR) relativo a la protecci\u00f3n de las personas f\u00edsicas en lo que respecta al tratamiento de datos personales ya la libre circulaci\u00f3n de estos datos, por lo que se le facilita la siguiente\">April 27, 2016 (GDPR) on the protection of natural persons with regard to the processing of personal data and the free circulation of these data, for which the following is provided<\/p>\n<p><\/span><span title=\"informaci\u00f3n del tratamiento:\"><strong>Information treatment:<\/strong><\/p>\n<p><\/span><span title=\"Fin del tratamiento: mantener una relaci\u00f3n comercial con el Usuario.\">End of the treatment: maintain a commercial relationship with the User.\u00a0<\/span><span title=\"Las operaciones previstas para realizar el tratamiento son:\">The operations planned to carry out the treatment are:<br \/>\n<\/span><\/p>\n<ul>\n<li><span title=\"- Remisi\u00f3n de comunicaciones comerciales publicitarias, siempre y cuando se haya autorizado previamente, por email, fax, SMS, MMS, comunidades sociales o cualquier otro medio electr\u00f3nico o f\u00edsico, presente o futuro, que posibilite realizar comunicaciones comerciales.\">Submission of commercial advertising communications, as long as it has been previously authorized, by email, fax, SMS, MMS, social communities or any other electronic or physical means, present or future, that enables commercial communications. <\/span><span title=\"Estas comunicaciones ser\u00e1n realizadas por el RESPONSABLE y relacionadas sobre sus productos y servicios, o de sus colaboradores o proveedores con los que \u00e9ste haya alcanzado alg\u00fan acuerdo de promoci\u00f3n.\">These communications will be made by the RESPONSIBLE and related to your products and services, or to your collaborators or suppliers with whom this has reached a promotion agreement.\u00a0<\/span><span title=\"En este caso, los terceros nunca tendr\u00e1n acceso a los datos personales.\">In this case, third parties will never have access to personal data.\n<p><\/span><\/li>\n<li><span title=\"- Realizar estudios estad\u00edsticos.\">Carry out statistical studies.\n<p><\/span><\/li>\n<li><span title=\"- Tramitar encargos, solicitudes o cualquier tipo de petici\u00f3n que sea realizada por el usuario a trav\u00e9s de cualquiera de las formas de contacto que se ponen a su disposici\u00f3n.\">Process orders, requests or any type of request that is made by the user through any of the contact forms that are made available to him.\n<p><\/span><\/li>\n<li><span title=\"- Remitir el bolet\u00edn de noticias de la p\u00e1gina web.\">Forward the newsletter on the website.\n<p><\/span><\/li>\n<li><span title=\"Criterios de conservaci\u00f3n de los datos: se conservar\u00e1n mientras exista un inter\u00e9s mutuo para mantener el fin del tratamiento y cuando ya no sea necesario para tal fin, se suprimir\u00e1n con medidas de seguridad adecuadas para garantizar la seudonimizaci\u00f3n de los datos o la destrucci\u00f3n total de los\">Data conservation criteria: they will be kept while there is a mutual interest to maintain the end of the treatment and when it is no longer necessary for this purpose, they will be eliminated with adequate security measures to guarantee the pseudonymisation of the data or the total destruction of the data.\u00a0<\/span><span title=\"mismos.\">same.\n<p><\/span><\/li>\n<\/ul>\n<p><span title=\"Comunicaci\u00f3n de los datos: No se comunicar\u00e1n los datos a terceros, salvo obligaci\u00f3n legal.\"><strong>Communication of the data:<\/strong> The data will not be communicated to third parties, except legal obligation.<\/p>\n<p><\/span><\/p>\n<p><span title=\"Derechos que asisten al Usuario:\"><strong>Rights that assist the User:<\/strong><\/p>\n<p><\/span><span title=\"- Derecho a retirar el consentimiento en cualquier momento.\">&#8211; Right to withdraw consent at any time.<\/p>\n<p><\/span><span title=\"- Derecho de acceso, rectificaci\u00f3n, portabilidad y supresi\u00f3n de sus datos y a la limitaci\u00f3n u oposici\u00f3n al su tratamiento.\">&#8211; Right of access, rectification, portability and deletion of your data and the limitation or opposition to its processing.<\/p>\n<p><\/span><span title=\"- Derecho a presentar una reclamaci\u00f3n ante la autoridad de control (agpd.es) si considera que el tratamiento no se ajusta a la normativa vigente.\">&#8211; Right to file a claim with the control authority (agpd.es) if it considers that the treatment does not comply with current regulations.<\/p>\n<p><\/span><span title=\"Datos de contacto para ejercer sus derechos:\"><strong>Contact information to exercise your rights:<\/strong><\/p>\n<p><\/span><span title=\"Direcci\u00f3n postal: TRIPNET, S.L.. Ctra. Nacional II, Km 706, 5 17457 RIUDELLOTS DE LA SELVA (GIRONA).\">Postal address: TRIPNET, S.L .. Ctra. Nacional II, Km 706, 5 17457 RIUDELLOTS DE LA SELVA (GIRONA).<\/span><span class=\"mce-object\" style=\"margin: 0px; padding: 0px; color: #6d6865; font-family: arial, helvetica, sans-serif; font-size: 11px; font-style: normal; font-variant-ligatures: normal; font-variant-caps: normal; font-weight: 400; letter-spacing: normal; orphans: 2; text-align: justify; text-indent: 0px; text-transform: none; white-space: normal; widows: 2; word-spacing: 0px; -webkit-text-stroke-width: 0px; background-color: #ffffff; text-decoration-thickness: initial; text-decoration-style: initial; text-decoration-color: initial;\" title=\"&lt;script&gt;\" data-wp-preserve=\"%3Cscript%20language%3D'JavaScript'%20type%3D'text%2Fjavascript'%3E%0A%20%3C!--%0A%20var%20prefix%20%3D%20'mailto%3A'%3B%0A%20var%20suffix%20%3D%20''%3B%0A%20var%20attribs%20%3D%20''%3B%0A%20var%20path%20%3D%20'hr'%20%2B%20'ef'%20%2B%20'%3D'%3B%0A%20var%20addy45563%20%3D%20'comunicacion'%20%2B%20'%40'%3B%0A%20addy45563%20%3D%20addy45563%20%2B%20'grupacarn'%20%2B%20'.'%20%2B%20'com'%3B%0A%20document.write(%20'%3Ca%20'%20%2B%20path%20%2B%20'%5C''%20%2B%20prefix%20%2B%20addy45563%20%2B%20suffix%20%2B%20'%5C''%20%2B%20attribs%20%2B%20'%3E'%20)%3B%0A%20document.write(%20addy45563%20)%3B%0A%20document.write(%20'%3C%5C%2Fa%3E'%20)%3B%0A%20%2F%2F--%3E%0A%20%3C%2Fscript%3E\" data-mce-placeholder=\"1\"><br \/>\n<\/span><\/p>\n<p>E-mail: <a href=\"mailto:comunicacion@grupacarn.com\">comunicacion@grupacarn.com<\/a><\/p>\n<p>Adre\u00e7a electr\u00f2nica: <a href=\"mailto:comunicacion@grupacarn.com\">comunicacion@grupacarn.com<\/a><\/p>\n<p>&nbsp;<\/p>\n<p><span title=\"2. CAR\u00c1CTER OBLIGATORIO O FACULTATIVO DE LA INFORMACI\u00d3N FACILITADA POR EL USUARIO\"><strong>2. COMPULSORY OR OPTIONAL CHARACTER OF THE INFORMATION PROVIDED BY THE USER<\/strong><\/p>\n<p><\/span><span title=\"Los Usuarios, mediante la marcaci\u00f3n de las casillas correspondientes y entrada de datos en los campos, marcados con un asterisco (*) en el formulario de contacto o presentados en formularios de descarga, aceptan expresamente y de forma libre e inequ\u00edvoca, que sus datos son\">Users, by marking the corresponding boxes and entering data in the fields, marked with an asterisk (*) in the contact form or presented in download forms, expressly and freely and unequivocally accept that their data are\u00a0<\/span><span title=\"necesarios para atender su petici\u00f3n, por parte del prestador, siendo voluntaria la inclusi\u00f3n de datos en los campos restantes.\">necessary to meet your request, by the provider, being voluntary the inclusion of data in the remaining fields.\u00a0<\/span><span title=\"El Usuario garantiza que los datos personales facilitados al RESPONSABLE son veraces y se hace responsable de comunicar cualquier modificaci\u00f3n de los mismos.\">The User guarantees that the personal data provided to the RESPONSIBLE person is true and is responsible for communicating any modification thereof.\u00a0<\/span><span title=\"El RESPONSABLE informa y garantiza expresamente a los usuarios que sus datos personales no ser\u00e1n cedidos en ning\u00fan caso a terceros, y que siempre que realizara alg\u00fan tipo de cesi\u00f3n de datos\">The RESPONSIBLE expressly informs and guarantees users that their personal data will not be transferred in any case to third parties, and that whenever they make some kind of data transfer <\/span><span title=\"personales, se pedir\u00e1 previamente el consentimiento expreso, informado e inequ\u00edvoco por parte los Usuarios.\">personal, previously express consent, informed and unambiguous by the users will be requested. <\/span><span title=\"Todos los datos solicitados a trav\u00e9s del sitio web son obligatorios, ya que son necesarios para la prestaci\u00f3n de un servicio \u00f3ptimo al Usuario.\">All data requested through the website are mandatory, as they are necessary for the provision of an optimal service to the User.\u00a0<\/span><span title=\"En caso de que no sean facilitados todos los datos, no se garantiza que la informaci\u00f3n y servicios facilitados sean completamente ajustados a sus necesidades.\u00a0\">In case all the data are not provided, it is not guaranteed that the information and services provided will be completely adjusted to your needs.<\/p>\n<p><\/span><span title=\"3. MEDIDAS DE SEGURIDAD\"><strong>3. SECURITY MEASURES<\/strong><\/p>\n<p><\/span><span title=\"Que de conformidad con lo dispuesto en las normativas vigentes en protecci\u00f3n de datos personales, el RESPONSABLE est\u00e1 cumpliendo con todas las disposiciones de las normativas GDPR para el tratamiento de los datos personales de su responsabilidad, y manifiestamente con los principios descritos en el art\u00edculo 5 del\">That in accordance with the provisions in the regulations in force on personal data protection, the RESPONSIBLE is complying with all the provisions of the GDPR regulations for the treatment of personal data of its responsibility, and manifestly with the principles described in article 5 of the\u00a0<\/span><span title=\"GDPR, por los cuales son tratados de manera l\u00edcita, leal y transparente en relaci\u00f3n con el interesado y adecuados, pertinentes y limitados a lo necesario en relaci\u00f3n con los fines para los que son tratados.\">GDPR, for which they are treated in a lawful, loyal and transparent manner in relation to the interested party and adequate, pertinent and limited to what is necessary in relation to the purposes for which they are treated.<\/p>\n<p><\/span><span title=\"El RESPONSABLE garantiza que ha implementado pol\u00edticas t\u00e9cnicas y organizativas apropiadas para aplicar las medidas de seguridad que establecen el GDPR con el fin de proteger los derechos y libertades de los Usuarios y les ha comunicado la informaci\u00f3n adecuada para que puedan ejercerlos.\">The RESPONSIBLE guarantees that he has implemented appropriate technical and organizational policies to apply the security measures established by the GDPR in order to protect the rights and freedoms of the Users and has communicated the appropriate information so that they can exercise them.<\/span>[\/vc_column_text][vc_empty_space height=&#8221;80px&#8221;][\/vc_column][\/vc_row]<\/p>\n","protected":false},"excerpt":{"rendered":"<p>[vc_row css_animation=&#8221;&#8221; row_type=&#8221;row&#8221; use_row_as_full_screen_section=&#8221;no&#8221; type=&#8221;full_width&#8221; angled_section=&#8221;no&#8221; text_align=&#8221;left&#8221; background_image_as_pattern=&#8221;without_pattern&#8221;][vc_column][vc_single_image image=&#8221;93&#8243; img_size=&#8221;full&#8221; alignment=&#8221;center&#8221; qode_css_animation=&#8221;&#8221;][vc_empty_space height=&#8221;80px&#8221;][\/vc_column][\/vc_row][vc_row css_animation=&#8221;&#8221; row_type=&#8221;row&#8221; use_row_as_full_screen_section=&#8221;no&#8221; type=&#8221;grid&#8221; angled_section=&#8221;no&#8221; text_align=&#8221;left&#8221; background_image_as_pattern=&#8221;without_pattern&#8221; z_index=&#8221;&#8221;][vc_column][vc_column_text] Privacy policy [\/vc_column_text][vc_empty_space height=&#8221;80px&#8221;][\/vc_column][\/vc_row][vc_row css_animation=&#8221;&#8221; row_type=&#8221;row&#8221; use_row_as_full_screen_section=&#8221;no&#8221; type=&#8221;grid&#8221; angled_section=&#8221;no&#8221; text_align=&#8221;left&#8221; background_image_as_pattern=&#8221;without_pattern&#8221; z_index=&#8221;&#8221;][vc_column][vc_column_text]1. INFORMATION TO THE USER TRIPNET, SL, hereinafter RESPONSIBLE, is the Person in&#8230;<\/p>\n","protected":false},"author":1,"featured_media":0,"parent":0,"menu_order":0,"comment_status":"closed","ping_status":"closed","template":"full_width.php","meta":{"footnotes":""},"class_list":["post-409","page","type-page","status-publish","hentry"],"yoast_head":"<!-- This site is optimized with the Yoast SEO plugin v19.10 - https:\/\/yoast.com\/wordpress\/plugins\/seo\/ -->\n<title>Privacy policy - Tripnet<\/title>\n<meta name=\"robots\" content=\"index, follow, max-snippet:-1, max-image-preview:large, max-video-preview:-1\" \/>\n<link rel=\"canonical\" href=\"http:\/\/www.tripnet.es\/en\/privacy-policy\/\" \/>\n<meta property=\"og:locale\" content=\"en_US\" \/>\n<meta property=\"og:type\" content=\"article\" \/>\n<meta property=\"og:title\" content=\"Privacy policy - Tripnet\" \/>\n<meta property=\"og:description\" content=\"[vc_row css_animation=&#8221;&#8221; row_type=&#8221;row&#8221; use_row_as_full_screen_section=&#8221;no&#8221; type=&#8221;full_width&#8221; angled_section=&#8221;no&#8221; text_align=&#8221;left&#8221; background_image_as_pattern=&#8221;without_pattern&#8221;][vc_column][vc_single_image image=&#8221;93&#8243; img_size=&#8221;full&#8221; alignment=&#8221;center&#8221; qode_css_animation=&#8221;&#8221;][vc_empty_space height=&#8221;80px&#8221;][\/vc_column][\/vc_row][vc_row css_animation=&#8221;&#8221; row_type=&#8221;row&#8221; use_row_as_full_screen_section=&#8221;no&#8221; type=&#8221;grid&#8221; angled_section=&#8221;no&#8221; text_align=&#8221;left&#8221; background_image_as_pattern=&#8221;without_pattern&#8221; z_index=&#8221;&#8221;][vc_column][vc_column_text] Privacy policy [\/vc_column_text][vc_empty_space height=&#8221;80px&#8221;][\/vc_column][\/vc_row][vc_row css_animation=&#8221;&#8221; row_type=&#8221;row&#8221; use_row_as_full_screen_section=&#8221;no&#8221; type=&#8221;grid&#8221; angled_section=&#8221;no&#8221; text_align=&#8221;left&#8221; background_image_as_pattern=&#8221;without_pattern&#8221; z_index=&#8221;&#8221;][vc_column][vc_column_text]1. INFORMATION TO THE USER TRIPNET, SL, hereinafter RESPONSIBLE, is the Person in...\" \/>\n<meta property=\"og:url\" content=\"http:\/\/www.tripnet.es\/en\/privacy-policy\/\" \/>\n<meta property=\"og:site_name\" content=\"Tripnet\" \/>\n<meta property=\"article:publisher\" content=\"https:\/\/www.facebook.com\/TNTripnet\" \/>\n<meta property=\"article:modified_time\" content=\"2021-04-26T08:36:04+00:00\" \/>\n<meta name=\"twitter:card\" content=\"summary_large_image\" \/>\n<meta name=\"twitter:label1\" content=\"Est. reading time\" \/>\n\t<meta name=\"twitter:data1\" content=\"4 minutes\" \/>\n<script type=\"application\/ld+json\" class=\"yoast-schema-graph\">{\"@context\":\"https:\/\/schema.org\",\"@graph\":[{\"@type\":\"WebPage\",\"@id\":\"http:\/\/www.tripnet.es\/en\/privacy-policy\/\",\"url\":\"http:\/\/www.tripnet.es\/en\/privacy-policy\/\",\"name\":\"Privacy policy - Tripnet\",\"isPartOf\":{\"@id\":\"http:\/\/www.tripnet.es\/fr\/#website\"},\"datePublished\":\"2021-04-26T08:36:03+00:00\",\"dateModified\":\"2021-04-26T08:36:04+00:00\",\"breadcrumb\":{\"@id\":\"http:\/\/www.tripnet.es\/en\/privacy-policy\/#breadcrumb\"},\"inLanguage\":\"en-US\",\"potentialAction\":[{\"@type\":\"ReadAction\",\"target\":[\"http:\/\/www.tripnet.es\/en\/privacy-policy\/\"]}]},{\"@type\":\"BreadcrumbList\",\"@id\":\"http:\/\/www.tripnet.es\/en\/privacy-policy\/#breadcrumb\",\"itemListElement\":[{\"@type\":\"ListItem\",\"position\":1,\"name\":\"Inici\",\"item\":\"http:\/\/www.tripnet.es\/en\/\"},{\"@type\":\"ListItem\",\"position\":2,\"name\":\"Privacy policy\"}]},{\"@type\":\"WebSite\",\"@id\":\"http:\/\/www.tripnet.es\/fr\/#website\",\"url\":\"http:\/\/www.tripnet.es\/fr\/\",\"name\":\"Tripnet\",\"description\":\"tripes naturals per l&#039;elaboraci\u00f3 d&#039;embotits\",\"publisher\":{\"@id\":\"http:\/\/www.tripnet.es\/fr\/#organization\"},\"potentialAction\":[{\"@type\":\"SearchAction\",\"target\":{\"@type\":\"EntryPoint\",\"urlTemplate\":\"http:\/\/www.tripnet.es\/fr\/?s={search_term_string}\"},\"query-input\":\"required name=search_term_string\"}],\"inLanguage\":\"en-US\"},{\"@type\":\"Organization\",\"@id\":\"http:\/\/www.tripnet.es\/fr\/#organization\",\"name\":\"Tripnet, S.L.\",\"url\":\"http:\/\/www.tripnet.es\/fr\/\",\"logo\":{\"@type\":\"ImageObject\",\"inLanguage\":\"en-US\",\"@id\":\"http:\/\/www.tripnet.es\/fr\/#\/schema\/logo\/image\/\",\"url\":\"https:\/\/i0.wp.com\/www.tripnet.es\/wp-content\/uploads\/2022\/03\/Logotip_TRIPNET_TT-002-1.png?fit=749%2C911&ssl=1\",\"contentUrl\":\"https:\/\/i0.wp.com\/www.tripnet.es\/wp-content\/uploads\/2022\/03\/Logotip_TRIPNET_TT-002-1.png?fit=749%2C911&ssl=1\",\"width\":749,\"height\":911,\"caption\":\"Tripnet, S.L.\"},\"image\":{\"@id\":\"http:\/\/www.tripnet.es\/fr\/#\/schema\/logo\/image\/\"},\"sameAs\":[\"https:\/\/www.instagram.com\/_tripnet_\/\",\"https:\/\/www.linkedin.com\/company\/tntripnet\",\"https:\/\/www.facebook.com\/TNTripnet\"]}]}<\/script>\n<!-- \/ Yoast SEO plugin. -->","yoast_head_json":{"title":"Privacy policy - Tripnet","robots":{"index":"index","follow":"follow","max-snippet":"max-snippet:-1","max-image-preview":"max-image-preview:large","max-video-preview":"max-video-preview:-1"},"canonical":"http:\/\/www.tripnet.es\/en\/privacy-policy\/","og_locale":"en_US","og_type":"article","og_title":"Privacy policy - Tripnet","og_description":"[vc_row css_animation=&#8221;&#8221; row_type=&#8221;row&#8221; use_row_as_full_screen_section=&#8221;no&#8221; type=&#8221;full_width&#8221; angled_section=&#8221;no&#8221; text_align=&#8221;left&#8221; background_image_as_pattern=&#8221;without_pattern&#8221;][vc_column][vc_single_image image=&#8221;93&#8243; img_size=&#8221;full&#8221; alignment=&#8221;center&#8221; qode_css_animation=&#8221;&#8221;][vc_empty_space height=&#8221;80px&#8221;][\/vc_column][\/vc_row][vc_row css_animation=&#8221;&#8221; row_type=&#8221;row&#8221; use_row_as_full_screen_section=&#8221;no&#8221; type=&#8221;grid&#8221; angled_section=&#8221;no&#8221; text_align=&#8221;left&#8221; background_image_as_pattern=&#8221;without_pattern&#8221; z_index=&#8221;&#8221;][vc_column][vc_column_text] Privacy policy [\/vc_column_text][vc_empty_space height=&#8221;80px&#8221;][\/vc_column][\/vc_row][vc_row css_animation=&#8221;&#8221; row_type=&#8221;row&#8221; use_row_as_full_screen_section=&#8221;no&#8221; type=&#8221;grid&#8221; angled_section=&#8221;no&#8221; text_align=&#8221;left&#8221; background_image_as_pattern=&#8221;without_pattern&#8221; z_index=&#8221;&#8221;][vc_column][vc_column_text]1. INFORMATION TO THE USER TRIPNET, SL, hereinafter RESPONSIBLE, is the Person in...","og_url":"http:\/\/www.tripnet.es\/en\/privacy-policy\/","og_site_name":"Tripnet","article_publisher":"https:\/\/www.facebook.com\/TNTripnet","article_modified_time":"2021-04-26T08:36:04+00:00","twitter_card":"summary_large_image","twitter_misc":{"Est. reading time":"4 minutes"},"schema":{"@context":"https:\/\/schema.org","@graph":[{"@type":"WebPage","@id":"http:\/\/www.tripnet.es\/en\/privacy-policy\/","url":"http:\/\/www.tripnet.es\/en\/privacy-policy\/","name":"Privacy policy - Tripnet","isPartOf":{"@id":"http:\/\/www.tripnet.es\/fr\/#website"},"datePublished":"2021-04-26T08:36:03+00:00","dateModified":"2021-04-26T08:36:04+00:00","breadcrumb":{"@id":"http:\/\/www.tripnet.es\/en\/privacy-policy\/#breadcrumb"},"inLanguage":"en-US","potentialAction":[{"@type":"ReadAction","target":["http:\/\/www.tripnet.es\/en\/privacy-policy\/"]}]},{"@type":"BreadcrumbList","@id":"http:\/\/www.tripnet.es\/en\/privacy-policy\/#breadcrumb","itemListElement":[{"@type":"ListItem","position":1,"name":"Inici","item":"http:\/\/www.tripnet.es\/en\/"},{"@type":"ListItem","position":2,"name":"Privacy policy"}]},{"@type":"WebSite","@id":"http:\/\/www.tripnet.es\/fr\/#website","url":"http:\/\/www.tripnet.es\/fr\/","name":"Tripnet","description":"tripes naturals per l&#039;elaboraci\u00f3 d&#039;embotits","publisher":{"@id":"http:\/\/www.tripnet.es\/fr\/#organization"},"potentialAction":[{"@type":"SearchAction","target":{"@type":"EntryPoint","urlTemplate":"http:\/\/www.tripnet.es\/fr\/?s={search_term_string}"},"query-input":"required name=search_term_string"}],"inLanguage":"en-US"},{"@type":"Organization","@id":"http:\/\/www.tripnet.es\/fr\/#organization","name":"Tripnet, S.L.","url":"http:\/\/www.tripnet.es\/fr\/","logo":{"@type":"ImageObject","inLanguage":"en-US","@id":"http:\/\/www.tripnet.es\/fr\/#\/schema\/logo\/image\/","url":"https:\/\/i0.wp.com\/www.tripnet.es\/wp-content\/uploads\/2022\/03\/Logotip_TRIPNET_TT-002-1.png?fit=749%2C911&ssl=1","contentUrl":"https:\/\/i0.wp.com\/www.tripnet.es\/wp-content\/uploads\/2022\/03\/Logotip_TRIPNET_TT-002-1.png?fit=749%2C911&ssl=1","width":749,"height":911,"caption":"Tripnet, S.L."},"image":{"@id":"http:\/\/www.tripnet.es\/fr\/#\/schema\/logo\/image\/"},"sameAs":["https:\/\/www.instagram.com\/_tripnet_\/","https:\/\/www.linkedin.com\/company\/tntripnet","https:\/\/www.facebook.com\/TNTripnet"]}]}},"_links":{"self":[{"href":"http:\/\/www.tripnet.es\/en\/wp-json\/wp\/v2\/pages\/409","targetHints":{"allow":["GET"]}}],"collection":[{"href":"http:\/\/www.tripnet.es\/en\/wp-json\/wp\/v2\/pages"}],"about":[{"href":"http:\/\/www.tripnet.es\/en\/wp-json\/wp\/v2\/types\/page"}],"author":[{"embeddable":true,"href":"http:\/\/www.tripnet.es\/en\/wp-json\/wp\/v2\/users\/1"}],"replies":[{"embeddable":true,"href":"http:\/\/www.tripnet.es\/en\/wp-json\/wp\/v2\/comments?post=409"}],"version-history":[{"count":2,"href":"http:\/\/www.tripnet.es\/en\/wp-json\/wp\/v2\/pages\/409\/revisions"}],"predecessor-version":[{"id":411,"href":"http:\/\/www.tripnet.es\/en\/wp-json\/wp\/v2\/pages\/409\/revisions\/411"}],"wp:attachment":[{"href":"http:\/\/www.tripnet.es\/en\/wp-json\/wp\/v2\/media?parent=409"}],"curies":[{"name":"wp","href":"https:\/\/api.w.org\/{rel}","templated":true}]}}