{"id":264,"date":"2021-03-16T07:32:49","date_gmt":"2021-03-16T07:32:49","guid":{"rendered":"http:\/\/tripnet.es\/inici\/"},"modified":"2022-04-22T12:14:57","modified_gmt":"2022-04-22T10:14:57","slug":"inici","status":"publish","type":"page","link":"http:\/\/www.tripnet.es\/es\/","title":{"rendered":"Inicio"},"content":{"rendered":"<p>[vc_row css_animation=\u00bb\u00bb row_type=\u00bbrow\u00bb use_row_as_full_screen_section=\u00bbno\u00bb type=\u00bbfull_width\u00bb angled_section=\u00bbno\u00bb text_align=\u00bbleft\u00bb background_image_as_pattern=\u00bbwithout_pattern\u00bb][vc_column]\n\t\t\t<!-- START HOME REVOLUTION SLIDER 6.4.3 --><p class=\"rs-p-wp-fix\"><\/p>\n\t\t\t<rs-module-wrap id=\"rev_slider_1_1_wrapper\" data-source=\"gallery\" style=\"background:transparent;padding:0;margin:0px auto;margin-top:0;margin-bottom:0;\">\n\t\t\t\t<rs-module id=\"rev_slider_1_1\" style=\"\" data-version=\"6.4.3\">\n\t\t\t\t\t<rs-slides>\n\t\t\t\t\t\t<rs-slide data-key=\"rs-1\" data-title=\"Slide\" data-in=\"o:0;y:-100%;\" data-out=\"a:false;\">\n\t\t\t\t\t\t\t<img loading=\"lazy\" decoding=\"async\" src=\"https:\/\/i0.wp.com\/www.tripnet.es\/wp-content\/uploads\/2022\/11\/capcalera-scaled.jpg?resize=1060%2C540\" title=\"capc\u0327alera\" width=\"1060\" height=\"540\" data-bg=\"p:center bottom;\" class=\"rev-slidebg\" data-no-retina data-recalc-dims=\"1\">\n<!---->\t\t\t\t\t\t<\/rs-slide>\n\t\t\t\t\t<\/rs-slides>\n\t\t\t\t<\/rs-module>\n\t\t\t\t<script type=\"text\/javascript\">\n\t\t\t\t\tsetREVStartSize({c: 'rev_slider_1_1',rl:[1240,1024,778,480],el:[1200,900,600,500],gw:[1240,1024,778,480],gh:[1200,900,600,500],type:'standard',justify:'',layout:'fullwidth',mh:\"0\"});\n\t\t\t\t\tvar\trevapi1,\n\t\t\t\t\t\ttpj;\n\t\t\t\t\tfunction revinit_revslider11() {\n\t\t\t\t\tjQuery(function() {\n\t\t\t\t\t\ttpj = jQuery;\n\t\t\t\t\t\trevapi1 = tpj(\"#rev_slider_1_1\");\n\t\t\t\t\t\tif(revapi1==undefined || revapi1.revolution == undefined){\n\t\t\t\t\t\t\trevslider_showDoubleJqueryError(\"rev_slider_1_1\");\n\t\t\t\t\t\t}else{\n\t\t\t\t\t\t\trevapi1.revolution({\n\t\t\t\t\t\t\t\tsliderLayout:\"fullwidth\",\n\t\t\t\t\t\t\t\tvisibilityLevels:\"1240,1024,778,480\",\n\t\t\t\t\t\t\t\tgridwidth:\"1240,1024,778,480\",\n\t\t\t\t\t\t\t\tgridheight:\"1200,900,600,500\",\n\t\t\t\t\t\t\t\tperspective:600,\n\t\t\t\t\t\t\t\tperspectiveType:\"global\",\n\t\t\t\t\t\t\t\teditorheight:\"1200,900,600,500\",\n\t\t\t\t\t\t\t\tresponsiveLevels:\"1240,1024,778,480\",\n\t\t\t\t\t\t\t\tprogressBar:{disableProgressBar:true},\n\t\t\t\t\t\t\t\tnavigation: {\n\t\t\t\t\t\t\t\t\tonHoverStop:false\n\t\t\t\t\t\t\t\t},\n\t\t\t\t\t\t\t\tfallbacks: {\n\t\t\t\t\t\t\t\t\tallowHTML5AutoPlayOnAndroid:true\n\t\t\t\t\t\t\t\t},\n\t\t\t\t\t\t\t});\n\t\t\t\t\t\t}\n\t\t\t\t\t\t\n\t\t\t\t\t});\n\t\t\t\t\t} \/\/ End of RevInitScript\n\t\t\t\tvar once_revslider11 = false;\n\t\t\t\tif (document.readyState === \"loading\") {document.addEventListener('readystatechange',function() { if((document.readyState === \"interactive\" || document.readyState === \"complete\") && !once_revslider11 ) { once_revslider11 = true; revinit_revslider11();}});} else {once_revslider11 = true; revinit_revslider11();}\n\t\t\t\t<\/script>\n\t\t\t<\/rs-module-wrap>\n\t\t\t<!-- END REVOLUTION SLIDER -->\n[\/vc_column][\/vc_row][vc_row css_animation=\u00bb\u00bb row_type=\u00bbrow\u00bb use_row_as_full_screen_section=\u00bbno\u00bb type=\u00bbgrid\u00bb angled_section=\u00bbno\u00bb text_align=\u00bbleft\u00bb background_image_as_pattern=\u00bbwithout_pattern\u00bb z_index=\u00bb\u00bb][vc_column width=\u00bb1\/6&#8243;][\/vc_column][vc_column width=\u00bb2\/3&#8243;][vc_column_text]<\/p>\n<h1 style=\"text-align: center;\"><strong>Especialistas<\/strong> en tripas naturales<\/h1>\n<p>[\/vc_column_text][vc_column_text]<\/p>\n<h4 style=\"text-align: center;\">Somos un equipo dedicado a la producci\u00f3n y comercializaci\u00f3n de tripas y v\u00edsceras naturales de vaca, cerdo y cordero para la elaboraci\u00f3n de embutidos.<\/h4>\n<p>[\/vc_column_text][\/vc_column][vc_column width=\u00bb1\/6&#8243;][\/vc_column][\/vc_row][vc_row css_animation=\u00bb\u00bb row_type=\u00bbrow\u00bb use_row_as_full_screen_section=\u00bbno\u00bb type=\u00bbfull_width\u00bb angled_section=\u00bbno\u00bb text_align=\u00bbleft\u00bb background_image_as_pattern=\u00bbwithout_pattern\u00bb][vc_column][vc_empty_space height=\u00bb55px\u00bb][\/vc_column][\/vc_row][vc_row css_animation=\u00bb\u00bb row_type=\u00bbrow\u00bb use_row_as_full_screen_section=\u00bbno\u00bb type=\u00bbfull_width\u00bb angled_section=\u00bbno\u00bb text_align=\u00bbleft\u00bb background_image_as_pattern=\u00bbwithout_pattern\u00bb z_index=\u00bb\u00bb][vc_column css_animation=\u00bbappear\u00bb width=\u00bb1\/2&#8243; el_class=\u00bb.image\u00bb]<div class=\"q_image_with_text_over q_iwto_hover\"><div class=\"shader\" style = \"background-color: rgba(247,247,247,0.35)\"><\/div><div class=\"shader_hover\" style=\"background-color: rgba(10,1,1,0.03)\"><\/div><img decoding=\"async\" itemprop=\"image\" src=\"https:\/\/i0.wp.com\/www.tripnet.es\/wp-content\/uploads\/2022\/04\/Tripes-Naturals-de-porc-xai-i-vedella-TRIPNET-e1651213270259.png?w=1060\" alt=\"TRIPAS NATURALES\" data-recalc-dims=\"1\" \/><div class=\"text\"><table><tr><td><h2 class=\"caption no_icon\" style=\"color: rgba(255,255,255,0.7);font-size: 50px;\">TRIPAS NATURALES<\/h2><\/td><\/tr><\/table><table><tr><td><div class=\"desc\"><\/p>\n<h4 style=\"text-align: center;\"><a href=\"http:\/\/www.tripnet.es\/es\/tripas-naturales\/\"><span style=\"color: #ffffff;\">Las tripas naturales, sin duda son el mejor envoltorio para tus salchichas, butifarras o embutidos<\/span><\/a><\/h4>\n<p><\/div><\/td><\/tr><\/table><\/div><\/div>[\/vc_column][vc_column css_animation=\u00bbappear\u00bb width=\u00bb1\/2&#8243;]<div class=\"q_image_with_text_over q_iwto_hover\"><div class=\"shader\" style = \"background-color: rgba(247,247,247,0.35)\"><\/div><div class=\"shader_hover\" style=\"background-color: rgba(10,1,1,0.03)\"><\/div><img decoding=\"async\" itemprop=\"image\" src=\"https:\/\/i0.wp.com\/www.tripnet.es\/wp-content\/uploads\/2021\/03\/Bodego\u0301-vi\u0301sceres-scaled-e1651212633710.jpg?w=1060\" alt=\"V\u00cdSCERAS\" data-recalc-dims=\"1\" \/><div class=\"text\"><table><tr><td><h2 class=\"caption no_icon\" style=\"color: rgba(255,255,255,0.7);font-size: 50px;\">V\u00cdSCERAS<\/h2><\/td><\/tr><\/table><table><tr><td><div class=\"desc\"><\/p>\n<h4 style=\"text-align: center;\"><a href=\"http:\/\/www.tripnet.es\/es\/visceras\/\"><span style=\"color: #ffffff;\">V\u00edsceras de cerdo, frescas o escaldadas tanto para el mercado europeo como el asi\u00e1tico<\/span><\/a><\/h4>\n<p><\/div><\/td><\/tr><\/table><\/div><\/div>[\/vc_column][\/vc_row][vc_row css_animation=\u00bb\u00bb row_type=\u00bbrow\u00bb use_row_as_full_screen_section=\u00bbno\u00bb type=\u00bbgrid\u00bb angled_section=\u00bbno\u00bb text_align=\u00bbleft\u00bb background_image_as_pattern=\u00bbwithout_pattern\u00bb z_index=\u00bb\u00bb][vc_column offset=\u00bbvc_hidden-sm vc_hidden-xs\u00bb][vc_empty_space height=\u00bb100px\u00bb][\/vc_column][\/vc_row][vc_row css_animation=\u00bb\u00bb row_type=\u00bbrow\u00bb use_row_as_full_screen_section=\u00bbno\u00bb type=\u00bbgrid\u00bb angled_section=\u00bbno\u00bb text_align=\u00bbleft\u00bb background_image_as_pattern=\u00bbwithout_pattern\u00bb z_index=\u00bb\u00bb][vc_column offset=\u00bbvc_hidden-lg vc_hidden-md\u00bb][vc_empty_space height=\u00bb50px\u00bb][\/vc_column][\/vc_row][vc_row css_animation=\u00bb\u00bb row_type=\u00bbrow\u00bb use_row_as_full_screen_section=\u00bbno\u00bb type=\u00bbgrid\u00bb angled_section=\u00bbno\u00bb text_align=\u00bbleft\u00bb background_image_as_pattern=\u00bbwithout_pattern\u00bb z_index=\u00bb\u00bb][vc_column][vc_column_text]<\/p>\n<h2 style=\"text-align: left;\"><strong>Actualidad<\/strong><\/h2>\n<p>[\/vc_column_text][vc_separator css_animation=\u00bbleft-to-right\u00bb type=\u00bbnormal\u00bb color=\u00bb#4b4a43&#8243; transparency=\u00bb1&#8243; thickness=\u00bb2&#8243;][vc_empty_space height=\u00bb35px\u00bb]\n<div class='latest_post_holder boxes three_columns one_row' >\n    <ul>\n    \n        <li class=\"clearfix\">\n            <div class=\"boxes_image\">\n                                <a itemprop=\"url\" href=\"http:\/\/www.tripnet.es\/es\/beneficios-de-las-tripas-naturales-para-embutir\/\"><img loading=\"lazy\" decoding=\"async\" width=\"539\" height=\"303\" src=\"https:\/\/i0.wp.com\/www.tripnet.es\/wp-content\/uploads\/2023\/06\/Foto-Cec-de-vedella.png?resize=539%2C303\" class=\"attachment-latest_post_boxes size-latest_post_boxes wp-post-image\" alt=\"Tripa Natural - cec de vedella\" srcset=\"https:\/\/i0.wp.com\/www.tripnet.es\/wp-content\/uploads\/2023\/06\/Foto-Cec-de-vedella.png?resize=539%2C303 539w, https:\/\/i0.wp.com\/www.tripnet.es\/wp-content\/uploads\/2023\/06\/Foto-Cec-de-vedella.png?zoom=2&amp;resize=539%2C303 1078w, https:\/\/i0.wp.com\/www.tripnet.es\/wp-content\/uploads\/2023\/06\/Foto-Cec-de-vedella.png?zoom=3&amp;resize=539%2C303 1617w\" sizes=\"auto, (max-width: 539px) 100vw, 539px\" \/><\/a>\n            <\/div>\n            <div class=\"latest_post\"  >\n                <div class=\"latest_post_text\">\n                    <div class=\"latest_post_inner\">\n                        <div class=\"latest_post_text_inner\">\n                            <h4 itemprop=\"name\" class=\"latest_post_title entry_title\"><a itemprop=\"url\" href=\"http:\/\/www.tripnet.es\/es\/beneficios-de-las-tripas-naturales-para-embutir\/\">Beneficios de las tripas naturales para embutir<\/a><\/h4>\n                            <p class=\"excerpt\">Las tripas naturales son utilizadas desde hace muchos a\u00f1os en la elaboraci\u00f3n de embutidos y otros pr...<\/p>\n                            <span class=\"post_infos\">\n                                                                    <span class=\"date_hour_holder\">\n                                        <span itemprop=\"dateCreated\" class=\"date entry_date updated\">02 junio, 2023 <meta itemprop=\"interactionCount\" content=\"UserComments: 0\"\/><\/span>\n                                    <\/span>\n                                                                                                \n                                \n                                                            <\/span>\n                        <\/div>\n                    <\/div>\n                <\/div>\n            <\/div>\n        <\/li>\n    \n        <li class=\"clearfix\">\n            <div class=\"boxes_image\">\n                                <a itemprop=\"url\" href=\"http:\/\/www.tripnet.es\/es\/preparar-tripas-naturales-para-embutir-en-casa\/\"><img loading=\"lazy\" decoding=\"async\" width=\"539\" height=\"303\" src=\"https:\/\/i0.wp.com\/www.tripnet.es\/wp-content\/uploads\/2022\/05\/Madeixa-tripa-fina-scaled.jpg?resize=539%2C303\" class=\"attachment-latest_post_boxes size-latest_post_boxes wp-post-image\" alt=\"Tripa fina en madeixa\" srcset=\"https:\/\/i0.wp.com\/www.tripnet.es\/wp-content\/uploads\/2022\/05\/Madeixa-tripa-fina-scaled.jpg?resize=539%2C303 539w, https:\/\/i0.wp.com\/www.tripnet.es\/wp-content\/uploads\/2022\/05\/Madeixa-tripa-fina-scaled.jpg?zoom=2&amp;resize=539%2C303 1078w, https:\/\/i0.wp.com\/www.tripnet.es\/wp-content\/uploads\/2022\/05\/Madeixa-tripa-fina-scaled.jpg?zoom=3&amp;resize=539%2C303 1617w\" sizes=\"auto, (max-width: 539px) 100vw, 539px\" \/><\/a>\n            <\/div>\n            <div class=\"latest_post\"  >\n                <div class=\"latest_post_text\">\n                    <div class=\"latest_post_inner\">\n                        <div class=\"latest_post_text_inner\">\n                            <h4 itemprop=\"name\" class=\"latest_post_title entry_title\"><a itemprop=\"url\" href=\"http:\/\/www.tripnet.es\/es\/preparar-tripas-naturales-para-embutir-en-casa\/\">Preparar tripas naturales para embutir en casa<\/a><\/h4>\n                            <p class=\"excerpt\">Cuando las tripas naturales para embutir os llegan a casa han sido previamente lavadas, calibradas y...<\/p>\n                            <span class=\"post_infos\">\n                                                                    <span class=\"date_hour_holder\">\n                                        <span itemprop=\"dateCreated\" class=\"date entry_date updated\">17 mayo, 2022 <meta itemprop=\"interactionCount\" content=\"UserComments: 0\"\/><\/span>\n                                    <\/span>\n                                                                                                \n                                \n                                                            <\/span>\n                        <\/div>\n                    <\/div>\n                <\/div>\n            <\/div>\n        <\/li>\n    \n        <li class=\"clearfix\">\n            <div class=\"boxes_image\">\n                                <a itemprop=\"url\" href=\"http:\/\/www.tripnet.es\/es\/feria-alimentaria-2022\/\"><img loading=\"lazy\" decoding=\"async\" width=\"455\" height=\"303\" src=\"https:\/\/i0.wp.com\/www.tripnet.es\/wp-content\/uploads\/2022\/03\/logo-Alimentaria_750x400px-1.jpg?resize=455%2C303\" class=\"attachment-latest_post_boxes size-latest_post_boxes wp-post-image\" alt=\"Alimentaria 2022\" \/><\/a>\n            <\/div>\n            <div class=\"latest_post\"  >\n                <div class=\"latest_post_text\">\n                    <div class=\"latest_post_inner\">\n                        <div class=\"latest_post_text_inner\">\n                            <h4 itemprop=\"name\" class=\"latest_post_title entry_title\"><a itemprop=\"url\" href=\"http:\/\/www.tripnet.es\/es\/feria-alimentaria-2022\/\">Alimentaria 2022<\/a><\/h4>\n                            <p class=\"excerpt\">Alimentaria es una feria destinada a la hosteler\u00eda y al sector de la industria alimentaria. La edici...<\/p>\n                            <span class=\"post_infos\">\n                                                                    <span class=\"date_hour_holder\">\n                                        <span itemprop=\"dateCreated\" class=\"date entry_date updated\">16 marzo, 2022 <meta itemprop=\"interactionCount\" content=\"UserComments: 0\"\/><\/span>\n                                    <\/span>\n                                                                                                \n                                \n                                                            <\/span>\n                        <\/div>\n                    <\/div>\n                <\/div>\n            <\/div>\n        <\/li>\n        <\/ul>\n<\/div>[\/vc_column][\/vc_row][vc_row css_animation=\u00bb\u00bb row_type=\u00bbrow\u00bb use_row_as_full_screen_section=\u00bbno\u00bb type=\u00bbgrid\u00bb angled_section=\u00bbno\u00bb text_align=\u00bbleft\u00bb background_image_as_pattern=\u00bbwithout_pattern\u00bb z_index=\u00bb\u00bb][vc_column offset=\u00bbvc_hidden-sm vc_hidden-xs\u00bb][vc_empty_space height=\u00bb100px\u00bb][\/vc_column][\/vc_row][vc_row css_animation=\u00bb\u00bb row_type=\u00bbrow\u00bb use_row_as_full_screen_section=\u00bbno\u00bb type=\u00bbgrid\u00bb angled_section=\u00bbno\u00bb text_align=\u00bbleft\u00bb background_image_as_pattern=\u00bbwithout_pattern\u00bb z_index=\u00bb\u00bb][vc_column offset=\u00bbvc_hidden-lg vc_hidden-md\u00bb][vc_empty_space height=\u00bb50px\u00bb][\/vc_column][\/vc_row][vc_row row_type=\u00bbparallax\u00bb parallax_content_width=\u00bbfull_width\u00bb text_align=\u00bbleft\u00bb full_screen_section_height=\u00bbno\u00bb background_image=\u00bb256&#8243; css=\u00bb.vc_custom_1617882397166{padding-top: 200px !important;padding-bottom: 200px !important;}\u00bb][vc_column width=\u00bb1\/4&#8243;][\/vc_column][vc_column width=\u00bb1\/4&#8243; css=\u00bb.vc_custom_1615902400852{padding-top: 100px !important;padding-bottom: 100px !important;}\u00bb][vc_empty_space height=\u00bb80&#8243;][vc_column_text css=\u00bb.vc_custom_1645451793954{padding-top: 40px !important;padding-right: 40px !important;padding-bottom: 40px !important;padding-left: 40px !important;background-color: rgba(255,255,255,0.81) !important;*background-color: rgb(255,255,255) !important;}\u00bb]<\/p>\n<h1>Nos encontrar\u00e1 en las nuevas instalaciones que tenemos en la calle Onyar 52-56 de<strong> Riudellots de la Selva<\/strong><\/h1>\n<p>[\/vc_column_text][vc_empty_space height=\u00bb100&#8243;][\/vc_column][vc_column width=\u00bb1\/4&#8243;][\/vc_column][vc_column width=\u00bb1\/4&#8243;][\/vc_column][\/vc_row][vc_row css_animation=\u00bb\u00bb row_type=\u00bbrow\u00bb use_row_as_full_screen_section=\u00bbno\u00bb type=\u00bbfull_width\u00bb angled_section=\u00bbno\u00bb text_align=\u00bbleft\u00bb background_image_as_pattern=\u00bbwithout_pattern\u00bb][vc_column][vc_empty_space height=\u00bb10px\u00bb][\/vc_column][\/vc_row][vc_row row_type=\u00bbparallax\u00bb parallax_content_width=\u00bbfull_width\u00bb text_align=\u00bbleft\u00bb full_screen_section_height=\u00bbno\u00bb background_image=\u00bb41&#8243; css=\u00bb.vc_custom_1615902732835{padding-top: 200px !important;padding-bottom: 200px !important;}\u00bb][vc_column width=\u00bb1\/4&#8243;][\/vc_column][vc_column width=\u00bb1\/4&#8243; css=\u00bb.vc_custom_1615902400852{padding-top: 100px !important;padding-bottom: 100px !important;}\u00bb][vc_column_text css=\u00bb.vc_custom_1645451814227{padding-top: 40px !important;padding-right: 40px !important;padding-bottom: 40px !important;padding-left: 40px !important;background-color: rgba(255,255,255,0.81) !important;*background-color: rgb(255,255,255) !important;}\u00bb]<\/p>\n<h1><em>\u00abSin lugar a dudas el mejor de Tripnet se el equipo de profesionales que forman la organizaci\u00f3n, es gracias a cada uno de ellos que nuestros productos alcanzan un alto est\u00e1ndar de calidad y servicio al cliente<\/em><em>\u00bb<br \/>\n<\/em><\/h1>\n<p>&nbsp;<\/p>\n<h4><em>&#8211; Dani M<span class=\"hiddenSpellError\">olist<\/span>, director de T<span class=\"hiddenSpellError\">ripnet<\/span><\/em><\/h4>\n<p>[\/vc_column_text][\/vc_column][vc_column width=\u00bb1\/4&#8243;][\/vc_column][vc_column width=\u00bb1\/4&#8243;][\/vc_column][\/vc_row]<\/p>\n","protected":false},"excerpt":{"rendered":"<p>[vc_row css_animation=\u00bb\u00bb row_type=\u00bbrow\u00bb use_row_as_full_screen_section=\u00bbno\u00bb type=\u00bbfull_width\u00bb angled_section=\u00bbno\u00bb text_align=\u00bbleft\u00bb background_image_as_pattern=\u00bbwithout_pattern\u00bb][vc_column][\/vc_column][\/vc_row][vc_row css_animation=\u00bb\u00bb row_type=\u00bbrow\u00bb use_row_as_full_screen_section=\u00bbno\u00bb type=\u00bbgrid\u00bb angled_section=\u00bbno\u00bb text_align=\u00bbleft\u00bb background_image_as_pattern=\u00bbwithout_pattern\u00bb z_index=\u00bb\u00bb][vc_column width=\u00bb1\/6&#8243;][\/vc_column][vc_column width=\u00bb2\/3&#8243;][vc_column_text] Especialistas en tripas naturales [\/vc_column_text][vc_column_text] Somos un equipo dedicado a la producci\u00f3n y comercializaci\u00f3n de tripas y v\u00edsceras naturales de vaca, cerdo y cordero para la elaboraci\u00f3n&#8230;<\/p>\n","protected":false},"author":1,"featured_media":0,"parent":0,"menu_order":0,"comment_status":"closed","ping_status":"closed","template":"full_width.php","meta":{"footnotes":""},"class_list":["post-264","page","type-page","status-publish","hentry"],"yoast_head":"<!-- This site is optimized with the Yoast SEO plugin v19.10 - https:\/\/yoast.com\/wordpress\/plugins\/seo\/ -->\n<title>Tripas naturales para la elaboraci\u00f3n de embutidos - Tripnet<\/title>\n<meta name=\"description\" content=\"Tripnet somos un equipo dedicado a la producci\u00f3n y comercializaci\u00f3n de tripas naturales de cordero, vaca y cerdo para la elaborar embutidos.\" \/>\n<meta name=\"robots\" content=\"index, follow, max-snippet:-1, max-image-preview:large, max-video-preview:-1\" \/>\n<link rel=\"canonical\" href=\"http:\/\/www.tripnet.es\/es\/\" \/>\n<meta property=\"og:locale\" content=\"es_ES\" \/>\n<meta property=\"og:type\" content=\"article\" \/>\n<meta property=\"og:title\" content=\"Tripas naturales para la elaboraci\u00f3n de embutidos - Tripnet\" \/>\n<meta property=\"og:description\" content=\"Tripnet somos un equipo dedicado a la producci\u00f3n y comercializaci\u00f3n de tripas naturales de cordero, vaca y cerdo para la elaborar embutidos.\" \/>\n<meta property=\"og:url\" content=\"http:\/\/www.tripnet.es\/es\/\" \/>\n<meta property=\"og:site_name\" content=\"Tripnet\" \/>\n<meta property=\"article:publisher\" content=\"https:\/\/www.facebook.com\/TNTripnet\" \/>\n<meta property=\"article:modified_time\" content=\"2022-04-22T10:14:57+00:00\" \/>\n<meta name=\"twitter:card\" content=\"summary_large_image\" \/>\n<meta name=\"twitter:label1\" content=\"Tiempo de lectura\" \/>\n\t<meta name=\"twitter:data1\" content=\"2 minutos\" \/>\n<script type=\"application\/ld+json\" class=\"yoast-schema-graph\">{\"@context\":\"https:\/\/schema.org\",\"@graph\":[{\"@type\":\"WebPage\",\"@id\":\"http:\/\/www.tripnet.es\/es\/\",\"url\":\"http:\/\/www.tripnet.es\/es\/\",\"name\":\"Tripas naturales para la elaboraci\u00f3n de embutidos - Tripnet\",\"isPartOf\":{\"@id\":\"http:\/\/www.tripnet.es\/#website\"},\"datePublished\":\"2021-03-16T07:32:49+00:00\",\"dateModified\":\"2022-04-22T10:14:57+00:00\",\"description\":\"Tripnet somos un equipo dedicado a la producci\u00f3n y comercializaci\u00f3n de tripas naturales de cordero, vaca y cerdo para la elaborar embutidos.\",\"breadcrumb\":{\"@id\":\"http:\/\/www.tripnet.es\/es\/#breadcrumb\"},\"inLanguage\":\"es\",\"potentialAction\":[{\"@type\":\"ReadAction\",\"target\":[\"http:\/\/www.tripnet.es\/es\/\"]}]},{\"@type\":\"BreadcrumbList\",\"@id\":\"http:\/\/www.tripnet.es\/es\/#breadcrumb\",\"itemListElement\":[{\"@type\":\"ListItem\",\"position\":1,\"name\":\"Inici\",\"item\":\"http:\/\/www.tripnet.es\/es\/\"},{\"@type\":\"ListItem\",\"position\":2,\"name\":\"Inicio\"}]},{\"@type\":\"WebSite\",\"@id\":\"http:\/\/www.tripnet.es\/#website\",\"url\":\"http:\/\/www.tripnet.es\/\",\"name\":\"Tripnet\",\"description\":\"tripes naturals per l&#039;elaboraci\u00f3 d&#039;embotits\",\"publisher\":{\"@id\":\"http:\/\/www.tripnet.es\/#organization\"},\"potentialAction\":[{\"@type\":\"SearchAction\",\"target\":{\"@type\":\"EntryPoint\",\"urlTemplate\":\"http:\/\/www.tripnet.es\/?s={search_term_string}\"},\"query-input\":\"required name=search_term_string\"}],\"inLanguage\":\"es\"},{\"@type\":\"Organization\",\"@id\":\"http:\/\/www.tripnet.es\/#organization\",\"name\":\"Tripnet, S.L.\",\"url\":\"http:\/\/www.tripnet.es\/\",\"logo\":{\"@type\":\"ImageObject\",\"inLanguage\":\"es\",\"@id\":\"http:\/\/www.tripnet.es\/#\/schema\/logo\/image\/\",\"url\":\"https:\/\/i0.wp.com\/www.tripnet.es\/wp-content\/uploads\/2022\/03\/Logotip_TRIPNET_TT-002-1.png?fit=749%2C911&ssl=1\",\"contentUrl\":\"https:\/\/i0.wp.com\/www.tripnet.es\/wp-content\/uploads\/2022\/03\/Logotip_TRIPNET_TT-002-1.png?fit=749%2C911&ssl=1\",\"width\":749,\"height\":911,\"caption\":\"Tripnet, S.L.\"},\"image\":{\"@id\":\"http:\/\/www.tripnet.es\/#\/schema\/logo\/image\/\"},\"sameAs\":[\"https:\/\/www.instagram.com\/_tripnet_\/\",\"https:\/\/www.linkedin.com\/company\/tntripnet\",\"https:\/\/www.facebook.com\/TNTripnet\"]}]}<\/script>\n<!-- \/ Yoast SEO plugin. -->","yoast_head_json":{"title":"Tripas naturales para la elaboraci\u00f3n de embutidos - Tripnet","description":"Tripnet somos un equipo dedicado a la producci\u00f3n y comercializaci\u00f3n de tripas naturales de cordero, vaca y cerdo para la elaborar embutidos.","robots":{"index":"index","follow":"follow","max-snippet":"max-snippet:-1","max-image-preview":"max-image-preview:large","max-video-preview":"max-video-preview:-1"},"canonical":"http:\/\/www.tripnet.es\/es\/","og_locale":"es_ES","og_type":"article","og_title":"Tripas naturales para la elaboraci\u00f3n de embutidos - Tripnet","og_description":"Tripnet somos un equipo dedicado a la producci\u00f3n y comercializaci\u00f3n de tripas naturales de cordero, vaca y cerdo para la elaborar embutidos.","og_url":"http:\/\/www.tripnet.es\/es\/","og_site_name":"Tripnet","article_publisher":"https:\/\/www.facebook.com\/TNTripnet","article_modified_time":"2022-04-22T10:14:57+00:00","twitter_card":"summary_large_image","twitter_misc":{"Tiempo de lectura":"2 minutos"},"schema":{"@context":"https:\/\/schema.org","@graph":[{"@type":"WebPage","@id":"http:\/\/www.tripnet.es\/es\/","url":"http:\/\/www.tripnet.es\/es\/","name":"Tripas naturales para la elaboraci\u00f3n de embutidos - Tripnet","isPartOf":{"@id":"http:\/\/www.tripnet.es\/#website"},"datePublished":"2021-03-16T07:32:49+00:00","dateModified":"2022-04-22T10:14:57+00:00","description":"Tripnet somos un equipo dedicado a la producci\u00f3n y comercializaci\u00f3n de tripas naturales de cordero, vaca y cerdo para la elaborar embutidos.","breadcrumb":{"@id":"http:\/\/www.tripnet.es\/es\/#breadcrumb"},"inLanguage":"es","potentialAction":[{"@type":"ReadAction","target":["http:\/\/www.tripnet.es\/es\/"]}]},{"@type":"BreadcrumbList","@id":"http:\/\/www.tripnet.es\/es\/#breadcrumb","itemListElement":[{"@type":"ListItem","position":1,"name":"Inici","item":"http:\/\/www.tripnet.es\/es\/"},{"@type":"ListItem","position":2,"name":"Inicio"}]},{"@type":"WebSite","@id":"http:\/\/www.tripnet.es\/#website","url":"http:\/\/www.tripnet.es\/","name":"Tripnet","description":"tripes naturals per l&#039;elaboraci\u00f3 d&#039;embotits","publisher":{"@id":"http:\/\/www.tripnet.es\/#organization"},"potentialAction":[{"@type":"SearchAction","target":{"@type":"EntryPoint","urlTemplate":"http:\/\/www.tripnet.es\/?s={search_term_string}"},"query-input":"required name=search_term_string"}],"inLanguage":"es"},{"@type":"Organization","@id":"http:\/\/www.tripnet.es\/#organization","name":"Tripnet, S.L.","url":"http:\/\/www.tripnet.es\/","logo":{"@type":"ImageObject","inLanguage":"es","@id":"http:\/\/www.tripnet.es\/#\/schema\/logo\/image\/","url":"https:\/\/i0.wp.com\/www.tripnet.es\/wp-content\/uploads\/2022\/03\/Logotip_TRIPNET_TT-002-1.png?fit=749%2C911&ssl=1","contentUrl":"https:\/\/i0.wp.com\/www.tripnet.es\/wp-content\/uploads\/2022\/03\/Logotip_TRIPNET_TT-002-1.png?fit=749%2C911&ssl=1","width":749,"height":911,"caption":"Tripnet, S.L."},"image":{"@id":"http:\/\/www.tripnet.es\/#\/schema\/logo\/image\/"},"sameAs":["https:\/\/www.instagram.com\/_tripnet_\/","https:\/\/www.linkedin.com\/company\/tntripnet","https:\/\/www.facebook.com\/TNTripnet"]}]}},"_links":{"self":[{"href":"http:\/\/www.tripnet.es\/es\/wp-json\/wp\/v2\/pages\/264","targetHints":{"allow":["GET"]}}],"collection":[{"href":"http:\/\/www.tripnet.es\/es\/wp-json\/wp\/v2\/pages"}],"about":[{"href":"http:\/\/www.tripnet.es\/es\/wp-json\/wp\/v2\/types\/page"}],"author":[{"embeddable":true,"href":"http:\/\/www.tripnet.es\/es\/wp-json\/wp\/v2\/users\/1"}],"replies":[{"embeddable":true,"href":"http:\/\/www.tripnet.es\/es\/wp-json\/wp\/v2\/comments?post=264"}],"version-history":[{"count":25,"href":"http:\/\/www.tripnet.es\/es\/wp-json\/wp\/v2\/pages\/264\/revisions"}],"predecessor-version":[{"id":1487,"href":"http:\/\/www.tripnet.es\/es\/wp-json\/wp\/v2\/pages\/264\/revisions\/1487"}],"wp:attachment":[{"href":"http:\/\/www.tripnet.es\/es\/wp-json\/wp\/v2\/media?parent=264"}],"curies":[{"name":"wp","href":"https:\/\/api.w.org\/{rel}","templated":true}]}}