{"id":303,"date":"2021-03-19T11:20:25","date_gmt":"2021-03-19T10:20:25","guid":{"rendered":"http:\/\/tripnet.es\/tripnet\/"},"modified":"2022-04-21T14:49:54","modified_gmt":"2022-04-21T12:49:54","slug":"tripnet","status":"publish","type":"page","link":"http:\/\/www.tripnet.es\/es\/tripnet\/","title":{"rendered":"Tripnet"},"content":{"rendered":"<p>[vc_row css_animation=\u00bb\u00bb row_type=\u00bbrow\u00bb use_row_as_full_screen_section=\u00bbno\u00bb type=\u00bbfull_width\u00bb angled_section=\u00bbno\u00bb text_align=\u00bbleft\u00bb background_image_as_pattern=\u00bbwithout_pattern\u00bb][vc_column width=\u00bb1\/3&#8243;][vc_single_image image=\u00bb304&#8243; img_size=\u00bbfull\u00bb qode_css_animation=\u00bb\u00bb][\/vc_column][vc_column width=\u00bb1\/3&#8243; css=\u00bb.vc_custom_1617087786265{padding-left: 40px !important;}\u00bb][vc_column_text]<\/p>\n<h1><strong>Tripnet<\/strong><\/h1>\n<p>[\/vc_column_text][vc_single_image image=\u00bb308&#8243; img_size=\u00bb147&#215;21&#8243; qode_css_animation=\u00bb\u00bb][vc_empty_space][vc_column_text]<strong>En Tripnet somos especialistas en tripas naturales de cerdo, vaca y cordero.<\/strong><\/p>\n<p><strong>Nuestra actividad corresponde a la limpieza, raspado y calibrado de los intestinos porcinos propios, para su comercializaci\u00f3n tanto en el mercado nacional como internacional.<\/strong>[\/vc_column_text][vc_empty_space height=\u00bb45px\u00bb][vc_column_text]<\/p>\n<h2><img loading=\"lazy\" decoding=\"async\" class=\"size-full wp-image-312 alignnone\" src=\"https:\/\/i0.wp.com\/www.tripnet.es\/wp-content\/uploads\/2021\/03\/icones-TRIPNET-08.png?resize=48%2C48\" alt=\"\" width=\"48\" height=\"48\" data-recalc-dims=\"1\" \/> <span style=\"color: #6d1d18;\">Historia<\/span><\/h2>\n<p>Tripnet nace de la inquietud de un joven equipo junto con la colaboraci\u00f3n de Friselva, SA, matadero y sala de despiece fundada en 1975, pudiendo as\u00ed aprovechar su experiencia en el sector c\u00e1rnico. Tripnet, SL forma parte del grupo Agroc\u00e0rnic, que nacido en 1963 goza de una gran experiencia y que engloba un holding de empresas dedicadas a todo el proceso del sector c\u00e1rnico porcino, desde la cr\u00eda hasta la comercializaci\u00f3n de todos sus productos y derivados.<\/p>\n<p>&nbsp;<\/p>\n<h2><img loading=\"lazy\" decoding=\"async\" class=\"alignnone size-medium wp-image-311\" src=\"https:\/\/i0.wp.com\/www.tripnet.es\/wp-content\/uploads\/2021\/03\/icones-TRIPNET-09.png?resize=48%2C48\" alt=\"\" width=\"48\" height=\"48\" data-recalc-dims=\"1\" \/> <span style=\"color: #6d1d18;\">Misi\u00f3n<\/span><\/h2>\n<p>Ofrecer un producto de calidad, con regularidad y competitivo para satisfacer a todos nuestros clientes.<\/p>\n<p>&nbsp;<\/p>\n<h2><img loading=\"lazy\" decoding=\"async\" class=\"alignnone size-medium wp-image-310\" src=\"https:\/\/i0.wp.com\/www.tripnet.es\/wp-content\/uploads\/2021\/03\/icones-TRIPNET-10.png?resize=49%2C48\" alt=\"\" width=\"49\" height=\"48\" data-recalc-dims=\"1\" \/> <span style=\"color: #6d1d18;\">Visi\u00f3n<\/span><\/h2>\n<p>Consolidarnos en el mercado con un producto referencia por su calidad y competitividad con el objetivo de ampliar nuestro cat\u00e1logo para poder ofrecer una m\u00e1s amplia variedad en sistemas de envases para embutidos.<\/p>\n<p>Nuestra principal caracter\u00edstica pasa por el hecho de poder incidir desde el momento del sacrificio, limpieza, raspado y hasta el calibrado final que nos permite todo el control en la calidad y en la trazabilidad.<\/p>\n<p>&nbsp;<\/p>\n<h2><img loading=\"lazy\" decoding=\"async\" class=\"alignnone size-medium wp-image-309\" src=\"https:\/\/i0.wp.com\/www.tripnet.es\/wp-content\/uploads\/2021\/03\/icones-TRIPNET-11.png?resize=48%2C48\" alt=\"\" width=\"48\" height=\"48\" data-recalc-dims=\"1\" \/> <span style=\"color: #6d1d18;\">Valores<\/span><\/h2>\n<p>Hacer un buen trabajo de equipo mejorando d\u00eda a d\u00eda los procesos de producci\u00f3n, medio ambiente y recursos humanos.[\/vc_column_text][\/vc_column][vc_column width=\u00bb1\/3&#8243;][\/vc_column][\/vc_row][vc_row css_animation=\u00bb\u00bb row_type=\u00bbrow\u00bb use_row_as_full_screen_section=\u00bbno\u00bb type=\u00bbfull_width\u00bb angled_section=\u00bbno\u00bb text_align=\u00bbleft\u00bb background_image_as_pattern=\u00bbwithout_pattern\u00bb][vc_column width=\u00bb1\/4&#8243;][\/vc_column][vc_column width=\u00bb1\/2&#8243;][vc_empty_space height=\u00bb50px\u00bb][\/vc_column][vc_column width=\u00bb1\/4&#8243;][\/vc_column][\/vc_row]<\/p>\n","protected":false},"excerpt":{"rendered":"<p>[vc_row css_animation=\u00bb\u00bb row_type=\u00bbrow\u00bb use_row_as_full_screen_section=\u00bbno\u00bb type=\u00bbfull_width\u00bb angled_section=\u00bbno\u00bb text_align=\u00bbleft\u00bb background_image_as_pattern=\u00bbwithout_pattern\u00bb][vc_column width=\u00bb1\/3&#8243;][vc_single_image image=\u00bb304&#8243; img_size=\u00bbfull\u00bb qode_css_animation=\u00bb\u00bb][\/vc_column][vc_column width=\u00bb1\/3&#8243; css=\u00bb.vc_custom_1617087786265{padding-left: 40px !important;}\u00bb][vc_column_text] Tripnet [\/vc_column_text][vc_single_image image=\u00bb308&#8243; img_size=\u00bb147&#215;21&#8243; qode_css_animation=\u00bb\u00bb][vc_empty_space][vc_column_text]En Tripnet somos especialistas en tripas naturales de cerdo, vaca y cordero. Nuestra actividad corresponde a la limpieza, raspado y calibrado de los intestinos porcinos&#8230;<\/p>\n","protected":false},"author":1,"featured_media":1166,"parent":0,"menu_order":0,"comment_status":"closed","ping_status":"closed","template":"full_width.php","meta":{"footnotes":""},"class_list":["post-303","page","type-page","status-publish","has-post-thumbnail","hentry"],"yoast_head":"<!-- This site is optimized with the Yoast SEO plugin v19.10 - https:\/\/yoast.com\/wordpress\/plugins\/seo\/ -->\n<title>Especialistas en tripas naturales de cerdo<\/title>\n<meta name=\"description\" content=\"En Tripnet somos especialistas en tripas naturales de cerdo, vaca y cordero por su comercializaci\u00f3n tanto en el mercado nacional como internacional.\" \/>\n<meta name=\"robots\" content=\"index, follow, max-snippet:-1, max-image-preview:large, max-video-preview:-1\" \/>\n<link rel=\"canonical\" href=\"https:\/\/www.tripnet.es\/es\/tripnet\/\" \/>\n<meta property=\"og:locale\" content=\"es_ES\" \/>\n<meta property=\"og:type\" content=\"article\" \/>\n<meta property=\"og:title\" content=\"Especialistas en tripas naturales de cerdo\" \/>\n<meta property=\"og:description\" content=\"En Tripnet somos especialistas en tripas naturales de cerdo, vaca y cordero por su comercializaci\u00f3n tanto en el mercado nacional como internacional.\" \/>\n<meta property=\"og:url\" content=\"https:\/\/www.tripnet.es\/es\/tripnet\/\" \/>\n<meta property=\"og:site_name\" content=\"Tripnet\" \/>\n<meta property=\"article:publisher\" content=\"https:\/\/www.facebook.com\/TNTripnet\" \/>\n<meta property=\"article:modified_time\" content=\"2022-04-21T12:49:54+00:00\" \/>\n<meta property=\"og:image\" content=\"https:\/\/i0.wp.com\/www.tripnet.es\/wp-content\/uploads\/2022\/03\/Nou-Logotip-TN-png-1.png?fit=635%2C609&ssl=1\" \/>\n\t<meta property=\"og:image:width\" content=\"635\" \/>\n\t<meta property=\"og:image:height\" content=\"609\" \/>\n\t<meta property=\"og:image:type\" content=\"image\/png\" \/>\n<meta name=\"twitter:card\" content=\"summary_large_image\" \/>\n<meta name=\"twitter:label1\" content=\"Tiempo de lectura\" \/>\n\t<meta name=\"twitter:data1\" content=\"3 minutos\" \/>\n<script type=\"application\/ld+json\" class=\"yoast-schema-graph\">{\"@context\":\"https:\/\/schema.org\",\"@graph\":[{\"@type\":\"WebPage\",\"@id\":\"https:\/\/www.tripnet.es\/es\/tripnet\/\",\"url\":\"https:\/\/www.tripnet.es\/es\/tripnet\/\",\"name\":\"Especialistas en tripas naturales de cerdo\",\"isPartOf\":{\"@id\":\"http:\/\/www.tripnet.es\/#website\"},\"datePublished\":\"2021-03-19T10:20:25+00:00\",\"dateModified\":\"2022-04-21T12:49:54+00:00\",\"description\":\"En Tripnet somos especialistas en tripas naturales de cerdo, vaca y cordero por su comercializaci\u00f3n tanto en el mercado nacional como internacional.\",\"breadcrumb\":{\"@id\":\"https:\/\/www.tripnet.es\/es\/tripnet\/#breadcrumb\"},\"inLanguage\":\"es\",\"potentialAction\":[{\"@type\":\"ReadAction\",\"target\":[\"https:\/\/www.tripnet.es\/es\/tripnet\/\"]}]},{\"@type\":\"BreadcrumbList\",\"@id\":\"https:\/\/www.tripnet.es\/es\/tripnet\/#breadcrumb\",\"itemListElement\":[{\"@type\":\"ListItem\",\"position\":1,\"name\":\"Inici\",\"item\":\"http:\/\/www.tripnet.es\/es\/\"},{\"@type\":\"ListItem\",\"position\":2,\"name\":\"Tripnet\"}]},{\"@type\":\"WebSite\",\"@id\":\"http:\/\/www.tripnet.es\/#website\",\"url\":\"http:\/\/www.tripnet.es\/\",\"name\":\"Tripnet\",\"description\":\"tripes naturals per l&#039;elaboraci\u00f3 d&#039;embotits\",\"publisher\":{\"@id\":\"http:\/\/www.tripnet.es\/#organization\"},\"potentialAction\":[{\"@type\":\"SearchAction\",\"target\":{\"@type\":\"EntryPoint\",\"urlTemplate\":\"http:\/\/www.tripnet.es\/?s={search_term_string}\"},\"query-input\":\"required name=search_term_string\"}],\"inLanguage\":\"es\"},{\"@type\":\"Organization\",\"@id\":\"http:\/\/www.tripnet.es\/#organization\",\"name\":\"Tripnet, S.L.\",\"url\":\"http:\/\/www.tripnet.es\/\",\"logo\":{\"@type\":\"ImageObject\",\"inLanguage\":\"es\",\"@id\":\"http:\/\/www.tripnet.es\/#\/schema\/logo\/image\/\",\"url\":\"https:\/\/i0.wp.com\/www.tripnet.es\/wp-content\/uploads\/2022\/03\/Logotip_TRIPNET_TT-002-1.png?fit=749%2C911&ssl=1\",\"contentUrl\":\"https:\/\/i0.wp.com\/www.tripnet.es\/wp-content\/uploads\/2022\/03\/Logotip_TRIPNET_TT-002-1.png?fit=749%2C911&ssl=1\",\"width\":749,\"height\":911,\"caption\":\"Tripnet, S.L.\"},\"image\":{\"@id\":\"http:\/\/www.tripnet.es\/#\/schema\/logo\/image\/\"},\"sameAs\":[\"https:\/\/www.instagram.com\/_tripnet_\/\",\"https:\/\/www.linkedin.com\/company\/tntripnet\",\"https:\/\/www.facebook.com\/TNTripnet\"]}]}<\/script>\n<!-- \/ Yoast SEO plugin. -->","yoast_head_json":{"title":"Especialistas en tripas naturales de cerdo","description":"En Tripnet somos especialistas en tripas naturales de cerdo, vaca y cordero por su comercializaci\u00f3n tanto en el mercado nacional como internacional.","robots":{"index":"index","follow":"follow","max-snippet":"max-snippet:-1","max-image-preview":"max-image-preview:large","max-video-preview":"max-video-preview:-1"},"canonical":"https:\/\/www.tripnet.es\/es\/tripnet\/","og_locale":"es_ES","og_type":"article","og_title":"Especialistas en tripas naturales de cerdo","og_description":"En Tripnet somos especialistas en tripas naturales de cerdo, vaca y cordero por su comercializaci\u00f3n tanto en el mercado nacional como internacional.","og_url":"https:\/\/www.tripnet.es\/es\/tripnet\/","og_site_name":"Tripnet","article_publisher":"https:\/\/www.facebook.com\/TNTripnet","article_modified_time":"2022-04-21T12:49:54+00:00","og_image":[{"width":635,"height":609,"url":"https:\/\/i0.wp.com\/www.tripnet.es\/wp-content\/uploads\/2022\/03\/Nou-Logotip-TN-png-1.png?fit=635%2C609&ssl=1","type":"image\/png"}],"twitter_card":"summary_large_image","twitter_misc":{"Tiempo de lectura":"3 minutos"},"schema":{"@context":"https:\/\/schema.org","@graph":[{"@type":"WebPage","@id":"https:\/\/www.tripnet.es\/es\/tripnet\/","url":"https:\/\/www.tripnet.es\/es\/tripnet\/","name":"Especialistas en tripas naturales de cerdo","isPartOf":{"@id":"http:\/\/www.tripnet.es\/#website"},"datePublished":"2021-03-19T10:20:25+00:00","dateModified":"2022-04-21T12:49:54+00:00","description":"En Tripnet somos especialistas en tripas naturales de cerdo, vaca y cordero por su comercializaci\u00f3n tanto en el mercado nacional como internacional.","breadcrumb":{"@id":"https:\/\/www.tripnet.es\/es\/tripnet\/#breadcrumb"},"inLanguage":"es","potentialAction":[{"@type":"ReadAction","target":["https:\/\/www.tripnet.es\/es\/tripnet\/"]}]},{"@type":"BreadcrumbList","@id":"https:\/\/www.tripnet.es\/es\/tripnet\/#breadcrumb","itemListElement":[{"@type":"ListItem","position":1,"name":"Inici","item":"http:\/\/www.tripnet.es\/es\/"},{"@type":"ListItem","position":2,"name":"Tripnet"}]},{"@type":"WebSite","@id":"http:\/\/www.tripnet.es\/#website","url":"http:\/\/www.tripnet.es\/","name":"Tripnet","description":"tripes naturals per l&#039;elaboraci\u00f3 d&#039;embotits","publisher":{"@id":"http:\/\/www.tripnet.es\/#organization"},"potentialAction":[{"@type":"SearchAction","target":{"@type":"EntryPoint","urlTemplate":"http:\/\/www.tripnet.es\/?s={search_term_string}"},"query-input":"required name=search_term_string"}],"inLanguage":"es"},{"@type":"Organization","@id":"http:\/\/www.tripnet.es\/#organization","name":"Tripnet, S.L.","url":"http:\/\/www.tripnet.es\/","logo":{"@type":"ImageObject","inLanguage":"es","@id":"http:\/\/www.tripnet.es\/#\/schema\/logo\/image\/","url":"https:\/\/i0.wp.com\/www.tripnet.es\/wp-content\/uploads\/2022\/03\/Logotip_TRIPNET_TT-002-1.png?fit=749%2C911&ssl=1","contentUrl":"https:\/\/i0.wp.com\/www.tripnet.es\/wp-content\/uploads\/2022\/03\/Logotip_TRIPNET_TT-002-1.png?fit=749%2C911&ssl=1","width":749,"height":911,"caption":"Tripnet, S.L."},"image":{"@id":"http:\/\/www.tripnet.es\/#\/schema\/logo\/image\/"},"sameAs":["https:\/\/www.instagram.com\/_tripnet_\/","https:\/\/www.linkedin.com\/company\/tntripnet","https:\/\/www.facebook.com\/TNTripnet"]}]}},"_links":{"self":[{"href":"http:\/\/www.tripnet.es\/es\/wp-json\/wp\/v2\/pages\/303","targetHints":{"allow":["GET"]}}],"collection":[{"href":"http:\/\/www.tripnet.es\/es\/wp-json\/wp\/v2\/pages"}],"about":[{"href":"http:\/\/www.tripnet.es\/es\/wp-json\/wp\/v2\/types\/page"}],"author":[{"embeddable":true,"href":"http:\/\/www.tripnet.es\/es\/wp-json\/wp\/v2\/users\/1"}],"replies":[{"embeddable":true,"href":"http:\/\/www.tripnet.es\/es\/wp-json\/wp\/v2\/comments?post=303"}],"version-history":[{"count":5,"href":"http:\/\/www.tripnet.es\/es\/wp-json\/wp\/v2\/pages\/303\/revisions"}],"predecessor-version":[{"id":1447,"href":"http:\/\/www.tripnet.es\/es\/wp-json\/wp\/v2\/pages\/303\/revisions\/1447"}],"wp:featuredmedia":[{"embeddable":true,"href":"http:\/\/www.tripnet.es\/es\/wp-json\/wp\/v2\/media\/1166"}],"wp:attachment":[{"href":"http:\/\/www.tripnet.es\/es\/wp-json\/wp\/v2\/media?parent=303"}],"curies":[{"name":"wp","href":"https:\/\/api.w.org\/{rel}","templated":true}]}}