{"id":317,"date":"2021-03-22T10:35:03","date_gmt":"2021-03-22T09:35:03","guid":{"rendered":"http:\/\/tripnet.es\/visceres\/"},"modified":"2022-04-18T13:40:45","modified_gmt":"2022-04-18T11:40:45","slug":"visceras","status":"publish","type":"page","link":"http:\/\/www.tripnet.es\/es\/visceras\/","title":{"rendered":"V\u00edsceras"},"content":{"rendered":"<p>[vc_row css_animation=\u00bb\u00bb row_type=\u00bbrow\u00bb use_row_as_full_screen_section=\u00bbno\u00bb type=\u00bbfull_width\u00bb angled_section=\u00bbno\u00bb text_align=\u00bbleft\u00bb background_image_as_pattern=\u00bbwithout_pattern\u00bb][vc_column width=\u00bb1\/5&#8243;][\/vc_column][vc_column css_animation=\u00bbbounceIn\u00bb width=\u00bb1\/5&#8243;][vc_single_image image=\u00bb1351&#8243; alignment=\u00bbright\u00bb qode_css_animation=\u00bb\u00bb qode_hover_animation=\u00bbzoom_in\u00bb][\/vc_column][vc_column width=\u00bb1\/5&#8243;][\/vc_column][vc_column width=\u00bb1\/5&#8243;][\/vc_column][vc_column width=\u00bb1\/5&#8243;][\/vc_column][\/vc_row][vc_row css_animation=\u00bb\u00bb row_type=\u00bbrow\u00bb use_row_as_full_screen_section=\u00bbno\u00bb type=\u00bbfull_width\u00bb angled_section=\u00bbno\u00bb text_align=\u00bbleft\u00bb background_image_as_pattern=\u00bbwithout_pattern\u00bb][vc_column width=\u00bb3\/4&#8243;]<div class=\"woocommerce columns-3 \"><ul class=\"products\">\n\t<li class=\"product type-product post-430 status-publish first instock has-post-thumbnail shipping-taxable product-type-simple\">\n\t\t\n    <div class=\"top-product-section\">\n\n        <a itemprop=\"url\" href=\"http:\/\/www.tripnet.es\/es\/producte\/utero-de-cerdo\/\" class=\"product-category\">\n            <span class=\"image-wrapper\">\n                        <\/span>\n        <\/a>\n\n\t\t<span class=\"add-to-cart-button-outer\"><span class=\"add-to-cart-button-inner\"><a href=\"http:\/\/www.tripnet.es\/es\/producte\/utero-de-cerdo\/\" data-quantity=\"1\" class=\"button wp-element-button product_type_simple qbutton add-to-cart-button\" data-product_id=\"430\" data-product_sku=\"\" aria-label=\"Read more about &ldquo;\u00datero&rdquo;\" rel=\"nofollow\">Read more<\/a><\/span><\/span>\n    <\/div>\n        <a itemprop=\"url\" href=\"http:\/\/www.tripnet.es\/es\/producte\/utero-de-cerdo\/\" class=\"product-category product-info\">\n        <h6 itemprop=\"name\">\u00datero<\/h6>\n\n                    <div class=\"separator after-title-spearator small center\"><\/div>\n        \n        \n    <\/a>\n\n    \n<\/li>\n\t<li class=\"product type-product post-433 status-publish instock has-post-thumbnail shipping-taxable product-type-simple\">\n\t\t\n    <div class=\"top-product-section\">\n\n        <a itemprop=\"url\" href=\"http:\/\/www.tripnet.es\/es\/producte\/recto-escaldado\/\" class=\"product-category\">\n            <span class=\"image-wrapper\">\n                        <\/span>\n        <\/a>\n\n\t\t<span class=\"add-to-cart-button-outer\"><span class=\"add-to-cart-button-inner\"><a href=\"http:\/\/www.tripnet.es\/es\/producte\/recto-escaldado\/\" data-quantity=\"1\" class=\"button wp-element-button product_type_simple qbutton add-to-cart-button\" data-product_id=\"433\" data-product_sku=\"\" aria-label=\"Read more about &ldquo;Recto escaldado&rdquo;\" rel=\"nofollow\">Read more<\/a><\/span><\/span>\n    <\/div>\n        <a itemprop=\"url\" href=\"http:\/\/www.tripnet.es\/es\/producte\/recto-escaldado\/\" class=\"product-category product-info\">\n        <h6 itemprop=\"name\">Recto escaldado<\/h6>\n\n                    <div class=\"separator after-title-spearator small center\"><\/div>\n        \n        \n    <\/a>\n\n    \n<\/li>\n\t<li class=\"product type-product post-436 status-publish last instock has-post-thumbnail shipping-taxable product-type-simple\">\n\t\t\n    <div class=\"top-product-section\">\n\n        <a itemprop=\"url\" href=\"http:\/\/www.tripnet.es\/es\/producte\/recto\/\" class=\"product-category\">\n            <span class=\"image-wrapper\">\n                        <\/span>\n        <\/a>\n\n\t\t<span class=\"add-to-cart-button-outer\"><span class=\"add-to-cart-button-inner\"><a href=\"http:\/\/www.tripnet.es\/es\/producte\/recto\/\" data-quantity=\"1\" class=\"button wp-element-button product_type_simple qbutton add-to-cart-button\" data-product_id=\"436\" data-product_sku=\"\" aria-label=\"Read more about &ldquo;Recto&rdquo;\" rel=\"nofollow\">Read more<\/a><\/span><\/span>\n    <\/div>\n        <a itemprop=\"url\" href=\"http:\/\/www.tripnet.es\/es\/producte\/recto\/\" class=\"product-category product-info\">\n        <h6 itemprop=\"name\">Recto<\/h6>\n\n                    <div class=\"separator after-title-spearator small center\"><\/div>\n        \n        \n    <\/a>\n\n    \n<\/li>\n\t<li class=\"product type-product post-420 status-publish first instock product_cat-visceras product_cat-visceras-de-cerdo has-post-thumbnail shipping-taxable product-type-simple\">\n\t\t\n    <div class=\"top-product-section\">\n\n        <a itemprop=\"url\" href=\"http:\/\/www.tripnet.es\/es\/producte\/mantellina\/\" class=\"product-category\">\n            <span class=\"image-wrapper\">\n                        <\/span>\n        <\/a>\n\n\t\t<span class=\"add-to-cart-button-outer\"><span class=\"add-to-cart-button-inner\"><a href=\"http:\/\/www.tripnet.es\/es\/producte\/mantellina\/\" data-quantity=\"1\" class=\"button wp-element-button product_type_simple qbutton add-to-cart-button\" data-product_id=\"420\" data-product_sku=\"\" aria-label=\"Read more about &ldquo;Mantellina&rdquo;\" rel=\"nofollow\">Read more<\/a><\/span><\/span>\n    <\/div>\n        <a itemprop=\"url\" href=\"http:\/\/www.tripnet.es\/es\/producte\/mantellina\/\" class=\"product-category product-info\">\n        <h6 itemprop=\"name\">Mantellina<\/h6>\n\n                    <div class=\"separator after-title-spearator small center\"><\/div>\n        \n        \n    <\/a>\n\n    \n<\/li>\n\t<li class=\"product type-product post-442 status-publish instock has-post-thumbnail shipping-taxable product-type-simple\">\n\t\t\n    <div class=\"top-product-section\">\n\n        <a itemprop=\"url\" href=\"http:\/\/www.tripnet.es\/es\/producte\/intestino-grueso-escaldado\/\" class=\"product-category\">\n            <span class=\"image-wrapper\">\n                        <\/span>\n        <\/a>\n\n\t\t<span class=\"add-to-cart-button-outer\"><span class=\"add-to-cart-button-inner\"><a href=\"http:\/\/www.tripnet.es\/es\/producte\/intestino-grueso-escaldado\/\" data-quantity=\"1\" class=\"button wp-element-button product_type_simple qbutton add-to-cart-button\" data-product_id=\"442\" data-product_sku=\"\" aria-label=\"Read more about &ldquo;Intestino grueso escaldado&rdquo;\" rel=\"nofollow\">Read more<\/a><\/span><\/span>\n    <\/div>\n        <a itemprop=\"url\" href=\"http:\/\/www.tripnet.es\/es\/producte\/intestino-grueso-escaldado\/\" class=\"product-category product-info\">\n        <h6 itemprop=\"name\">Intestino grueso escaldado<\/h6>\n\n                    <div class=\"separator after-title-spearator small center\"><\/div>\n        \n        \n    <\/a>\n\n    \n<\/li>\n\t<li class=\"product type-product post-445 status-publish last instock has-post-thumbnail shipping-taxable product-type-simple\">\n\t\t\n    <div class=\"top-product-section\">\n\n        <a itemprop=\"url\" href=\"http:\/\/www.tripnet.es\/es\/producte\/intestino-grueso\/\" class=\"product-category\">\n            <span class=\"image-wrapper\">\n                        <\/span>\n        <\/a>\n\n\t\t<span class=\"add-to-cart-button-outer\"><span class=\"add-to-cart-button-inner\"><a href=\"http:\/\/www.tripnet.es\/es\/producte\/intestino-grueso\/\" data-quantity=\"1\" class=\"button wp-element-button product_type_simple qbutton add-to-cart-button\" data-product_id=\"445\" data-product_sku=\"\" aria-label=\"Read more about &ldquo;Intestino grueso&rdquo;\" rel=\"nofollow\">Read more<\/a><\/span><\/span>\n    <\/div>\n        <a itemprop=\"url\" href=\"http:\/\/www.tripnet.es\/es\/producte\/intestino-grueso\/\" class=\"product-category product-info\">\n        <h6 itemprop=\"name\">Intestino grueso<\/h6>\n\n                    <div class=\"separator after-title-spearator small center\"><\/div>\n        \n        \n    <\/a>\n\n    \n<\/li>\n\t<li class=\"product type-product post-451 status-publish first instock has-post-thumbnail shipping-taxable product-type-simple\">\n\t\t\n    <div class=\"top-product-section\">\n\n        <a itemprop=\"url\" href=\"http:\/\/www.tripnet.es\/es\/producte\/intestino-delgado-escaldado\/\" class=\"product-category\">\n            <span class=\"image-wrapper\">\n                        <\/span>\n        <\/a>\n\n\t\t<span class=\"add-to-cart-button-outer\"><span class=\"add-to-cart-button-inner\"><a href=\"http:\/\/www.tripnet.es\/es\/producte\/intestino-delgado-escaldado\/\" data-quantity=\"1\" class=\"button wp-element-button product_type_simple qbutton add-to-cart-button\" data-product_id=\"451\" data-product_sku=\"\" aria-label=\"Read more about &ldquo;Intestino delgado escaldado&rdquo;\" rel=\"nofollow\">Read more<\/a><\/span><\/span>\n    <\/div>\n        <a itemprop=\"url\" href=\"http:\/\/www.tripnet.es\/es\/producte\/intestino-delgado-escaldado\/\" class=\"product-category product-info\">\n        <h6 itemprop=\"name\">Intestino delgado escaldado<\/h6>\n\n                    <div class=\"separator after-title-spearator small center\"><\/div>\n        \n        \n    <\/a>\n\n    \n<\/li>\n\t<li class=\"product type-product post-454 status-publish instock product_cat-visceras product_cat-visceras-de-cerdo has-post-thumbnail shipping-taxable product-type-simple\">\n\t\t\n    <div class=\"top-product-section\">\n\n        <a itemprop=\"url\" href=\"http:\/\/www.tripnet.es\/es\/producte\/intestino-delgado\/\" class=\"product-category\">\n            <span class=\"image-wrapper\">\n                        <\/span>\n        <\/a>\n\n\t\t<span class=\"add-to-cart-button-outer\"><span class=\"add-to-cart-button-inner\"><a href=\"http:\/\/www.tripnet.es\/es\/producte\/intestino-delgado\/\" data-quantity=\"1\" class=\"button wp-element-button product_type_simple qbutton add-to-cart-button\" data-product_id=\"454\" data-product_sku=\"\" aria-label=\"Read more about &ldquo;Intestino delgado&rdquo;\" rel=\"nofollow\">Read more<\/a><\/span><\/span>\n    <\/div>\n        <a itemprop=\"url\" href=\"http:\/\/www.tripnet.es\/es\/producte\/intestino-delgado\/\" class=\"product-category product-info\">\n        <h6 itemprop=\"name\">Intestino delgado<\/h6>\n\n                    <div class=\"separator after-title-spearator small center\"><\/div>\n        \n        \n    <\/a>\n\n    \n<\/li>\n\t<li class=\"product type-product post-424 status-publish last instock has-post-thumbnail shipping-taxable product-type-simple\">\n\t\t\n    <div class=\"top-product-section\">\n\n        <a itemprop=\"url\" href=\"http:\/\/www.tripnet.es\/es\/producte\/estomago-escaldado\/\" class=\"product-category\">\n            <span class=\"image-wrapper\">\n                        <\/span>\n        <\/a>\n\n\t\t<span class=\"add-to-cart-button-outer\"><span class=\"add-to-cart-button-inner\"><a href=\"http:\/\/www.tripnet.es\/es\/producte\/estomago-escaldado\/\" data-quantity=\"1\" class=\"button wp-element-button product_type_simple qbutton add-to-cart-button\" data-product_id=\"424\" data-product_sku=\"\" aria-label=\"Read more about &ldquo;Est\u00f3mago escaldado&rdquo;\" rel=\"nofollow\">Read more<\/a><\/span><\/span>\n    <\/div>\n        <a itemprop=\"url\" href=\"http:\/\/www.tripnet.es\/es\/producte\/estomago-escaldado\/\" class=\"product-category product-info\">\n        <h6 itemprop=\"name\">Est\u00f3mago escaldado<\/h6>\n\n                    <div class=\"separator after-title-spearator small center\"><\/div>\n        \n        \n    <\/a>\n\n    \n<\/li>\n\t<li class=\"product type-product post-427 status-publish first instock has-post-thumbnail shipping-taxable product-type-simple\">\n\t\t\n    <div class=\"top-product-section\">\n\n        <a itemprop=\"url\" href=\"http:\/\/www.tripnet.es\/es\/producte\/estomago\/\" class=\"product-category\">\n            <span class=\"image-wrapper\">\n                        <\/span>\n        <\/a>\n\n\t\t<span class=\"add-to-cart-button-outer\"><span class=\"add-to-cart-button-inner\"><a href=\"http:\/\/www.tripnet.es\/es\/producte\/estomago\/\" data-quantity=\"1\" class=\"button wp-element-button product_type_simple qbutton add-to-cart-button\" data-product_id=\"427\" data-product_sku=\"\" aria-label=\"Read more about &ldquo;Est\u00f3mago&rdquo;\" rel=\"nofollow\">Read more<\/a><\/span><\/span>\n    <\/div>\n        <a itemprop=\"url\" href=\"http:\/\/www.tripnet.es\/es\/producte\/estomago\/\" class=\"product-category product-info\">\n        <h6 itemprop=\"name\">Est\u00f3mago<\/h6>\n\n                    <div class=\"separator after-title-spearator small center\"><\/div>\n        \n        \n    <\/a>\n\n    \n<\/li>\n\t<li class=\"product type-product post-448 status-publish instock has-post-thumbnail shipping-taxable product-type-simple\">\n\t\t\n    <div class=\"top-product-section\">\n\n        <a itemprop=\"url\" href=\"http:\/\/www.tripnet.es\/es\/producte\/entresijo\/\" class=\"product-category\">\n            <span class=\"image-wrapper\">\n                        <\/span>\n        <\/a>\n\n\t\t<span class=\"add-to-cart-button-outer\"><span class=\"add-to-cart-button-inner\"><a href=\"http:\/\/www.tripnet.es\/es\/producte\/entresijo\/\" data-quantity=\"1\" class=\"button wp-element-button product_type_simple qbutton add-to-cart-button\" data-product_id=\"448\" data-product_sku=\"\" aria-label=\"Read more about &ldquo;Entresijo&rdquo;\" rel=\"nofollow\">Read more<\/a><\/span><\/span>\n    <\/div>\n        <a itemprop=\"url\" href=\"http:\/\/www.tripnet.es\/es\/producte\/entresijo\/\" class=\"product-category product-info\">\n        <h6 itemprop=\"name\">Entresijo<\/h6>\n\n                    <div class=\"separator after-title-spearator small center\"><\/div>\n        \n        \n    <\/a>\n\n    \n<\/li><\/ul>\n<\/div>[\/vc_column][vc_column width=\u00bb1\/4&#8243;][vc_widget_sidebar sidebar_id=\u00bbproductes\u00bb el_class=\u00bb.sidebar\u00bb][\/vc_column][\/vc_row]<\/p>\n","protected":false},"excerpt":{"rendered":"<p>[vc_row css_animation=\u00bb\u00bb row_type=\u00bbrow\u00bb use_row_as_full_screen_section=\u00bbno\u00bb type=\u00bbfull_width\u00bb angled_section=\u00bbno\u00bb text_align=\u00bbleft\u00bb background_image_as_pattern=\u00bbwithout_pattern\u00bb][vc_column width=\u00bb1\/5&#8243;][\/vc_column][vc_column css_animation=\u00bbbounceIn\u00bb width=\u00bb1\/5&#8243;][vc_single_image image=\u00bb1351&#8243; alignment=\u00bbright\u00bb qode_css_animation=\u00bb\u00bb qode_hover_animation=\u00bbzoom_in\u00bb][\/vc_column][vc_column width=\u00bb1\/5&#8243;][\/vc_column][vc_column width=\u00bb1\/5&#8243;][\/vc_column][vc_column width=\u00bb1\/5&#8243;][\/vc_column][\/vc_row][vc_row css_animation=\u00bb\u00bb row_type=\u00bbrow\u00bb use_row_as_full_screen_section=\u00bbno\u00bb type=\u00bbfull_width\u00bb angled_section=\u00bbno\u00bb text_align=\u00bbleft\u00bb background_image_as_pattern=\u00bbwithout_pattern\u00bb][vc_column width=\u00bb3\/4&#8243;][\/vc_column][vc_column width=\u00bb1\/4&#8243;][vc_widget_sidebar sidebar_id=\u00bbproductes\u00bb el_class=\u00bb.sidebar\u00bb][\/vc_column][\/vc_row]<\/p>\n","protected":false},"author":1,"featured_media":290,"parent":0,"menu_order":0,"comment_status":"closed","ping_status":"closed","template":"","meta":{"footnotes":""},"class_list":["post-317","page","type-page","status-publish","has-post-thumbnail","hentry"],"yoast_head":"<!-- This site is optimized with the Yoast SEO plugin v19.10 - https:\/\/yoast.com\/wordpress\/plugins\/seo\/ -->\n<title>V\u00edsceras - Tripnet<\/title>\n<meta name=\"description\" content=\"En Tripnet somos especialistas en v\u00edsceras naturales de alta calidad: intestino delgado, mantilla, est\u00f3mago, vejiga, intestino grueso...\" \/>\n<meta name=\"robots\" content=\"index, follow, max-snippet:-1, max-image-preview:large, max-video-preview:-1\" \/>\n<link rel=\"canonical\" href=\"http:\/\/www.tripnet.es\/es\/visceras\/\" \/>\n<meta property=\"og:locale\" content=\"es_ES\" \/>\n<meta property=\"og:type\" content=\"article\" \/>\n<meta property=\"og:title\" content=\"V\u00edsceras - Tripnet\" \/>\n<meta property=\"og:description\" content=\"En Tripnet somos especialistas en v\u00edsceras naturales de alta calidad: intestino delgado, mantilla, est\u00f3mago, vejiga, intestino grueso...\" \/>\n<meta property=\"og:url\" content=\"http:\/\/www.tripnet.es\/es\/visceras\/\" \/>\n<meta property=\"og:site_name\" content=\"Tripnet\" \/>\n<meta property=\"article:publisher\" content=\"https:\/\/www.facebook.com\/TNTripnet\" \/>\n<meta property=\"article:modified_time\" content=\"2022-04-18T11:40:45+00:00\" \/>\n<meta property=\"og:image\" content=\"https:\/\/i0.wp.com\/www.tripnet.es\/wp-content\/uploads\/2021\/03\/productes-tripnet-14.png?fit=501%2C501\" \/>\n\t<meta property=\"og:image:width\" content=\"501\" \/>\n\t<meta property=\"og:image:height\" content=\"501\" \/>\n\t<meta property=\"og:image:type\" content=\"image\/png\" \/>\n<meta name=\"twitter:card\" content=\"summary_large_image\" \/>\n<meta name=\"twitter:label1\" content=\"Tiempo de lectura\" \/>\n\t<meta name=\"twitter:data1\" content=\"1 minuto\" \/>\n<script type=\"application\/ld+json\" class=\"yoast-schema-graph\">{\"@context\":\"https:\/\/schema.org\",\"@graph\":[{\"@type\":\"WebPage\",\"@id\":\"http:\/\/www.tripnet.es\/es\/visceras\/\",\"url\":\"http:\/\/www.tripnet.es\/es\/visceras\/\",\"name\":\"V\u00edsceras - Tripnet\",\"isPartOf\":{\"@id\":\"http:\/\/www.tripnet.es\/en\/#website\"},\"datePublished\":\"2021-03-22T09:35:03+00:00\",\"dateModified\":\"2022-04-18T11:40:45+00:00\",\"description\":\"En Tripnet somos especialistas en v\u00edsceras naturales de alta calidad: intestino delgado, mantilla, est\u00f3mago, vejiga, intestino grueso...\",\"breadcrumb\":{\"@id\":\"http:\/\/www.tripnet.es\/es\/visceras\/#breadcrumb\"},\"inLanguage\":\"es\",\"potentialAction\":[{\"@type\":\"ReadAction\",\"target\":[\"http:\/\/www.tripnet.es\/es\/visceras\/\"]}]},{\"@type\":\"BreadcrumbList\",\"@id\":\"http:\/\/www.tripnet.es\/es\/visceras\/#breadcrumb\",\"itemListElement\":[{\"@type\":\"ListItem\",\"position\":1,\"name\":\"Inici\",\"item\":\"http:\/\/www.tripnet.es\/es\/\"},{\"@type\":\"ListItem\",\"position\":2,\"name\":\"V\u00edsceras\"}]},{\"@type\":\"WebSite\",\"@id\":\"http:\/\/www.tripnet.es\/en\/#website\",\"url\":\"http:\/\/www.tripnet.es\/en\/\",\"name\":\"Tripnet\",\"description\":\"tripes naturals per l&#039;elaboraci\u00f3 d&#039;embotits\",\"publisher\":{\"@id\":\"http:\/\/www.tripnet.es\/en\/#organization\"},\"potentialAction\":[{\"@type\":\"SearchAction\",\"target\":{\"@type\":\"EntryPoint\",\"urlTemplate\":\"http:\/\/www.tripnet.es\/en\/?s={search_term_string}\"},\"query-input\":\"required name=search_term_string\"}],\"inLanguage\":\"es\"},{\"@type\":\"Organization\",\"@id\":\"http:\/\/www.tripnet.es\/en\/#organization\",\"name\":\"Tripnet, S.L.\",\"url\":\"http:\/\/www.tripnet.es\/en\/\",\"logo\":{\"@type\":\"ImageObject\",\"inLanguage\":\"es\",\"@id\":\"http:\/\/www.tripnet.es\/en\/#\/schema\/logo\/image\/\",\"url\":\"https:\/\/i0.wp.com\/www.tripnet.es\/wp-content\/uploads\/2022\/03\/Logotip_TRIPNET_TT-002-1.png?fit=749%2C911&ssl=1\",\"contentUrl\":\"https:\/\/i0.wp.com\/www.tripnet.es\/wp-content\/uploads\/2022\/03\/Logotip_TRIPNET_TT-002-1.png?fit=749%2C911&ssl=1\",\"width\":749,\"height\":911,\"caption\":\"Tripnet, S.L.\"},\"image\":{\"@id\":\"http:\/\/www.tripnet.es\/en\/#\/schema\/logo\/image\/\"},\"sameAs\":[\"https:\/\/www.instagram.com\/_tripnet_\/\",\"https:\/\/www.linkedin.com\/company\/tntripnet\",\"https:\/\/www.facebook.com\/TNTripnet\"]}]}<\/script>\n<!-- \/ Yoast SEO plugin. -->","yoast_head_json":{"title":"V\u00edsceras - Tripnet","description":"En Tripnet somos especialistas en v\u00edsceras naturales de alta calidad: intestino delgado, mantilla, est\u00f3mago, vejiga, intestino grueso...","robots":{"index":"index","follow":"follow","max-snippet":"max-snippet:-1","max-image-preview":"max-image-preview:large","max-video-preview":"max-video-preview:-1"},"canonical":"http:\/\/www.tripnet.es\/es\/visceras\/","og_locale":"es_ES","og_type":"article","og_title":"V\u00edsceras - Tripnet","og_description":"En Tripnet somos especialistas en v\u00edsceras naturales de alta calidad: intestino delgado, mantilla, est\u00f3mago, vejiga, intestino grueso...","og_url":"http:\/\/www.tripnet.es\/es\/visceras\/","og_site_name":"Tripnet","article_publisher":"https:\/\/www.facebook.com\/TNTripnet","article_modified_time":"2022-04-18T11:40:45+00:00","og_image":[{"width":501,"height":501,"url":"https:\/\/i0.wp.com\/www.tripnet.es\/wp-content\/uploads\/2021\/03\/productes-tripnet-14.png?fit=501%2C501","type":"image\/png"}],"twitter_card":"summary_large_image","twitter_misc":{"Tiempo de lectura":"1 minuto"},"schema":{"@context":"https:\/\/schema.org","@graph":[{"@type":"WebPage","@id":"http:\/\/www.tripnet.es\/es\/visceras\/","url":"http:\/\/www.tripnet.es\/es\/visceras\/","name":"V\u00edsceras - Tripnet","isPartOf":{"@id":"http:\/\/www.tripnet.es\/en\/#website"},"datePublished":"2021-03-22T09:35:03+00:00","dateModified":"2022-04-18T11:40:45+00:00","description":"En Tripnet somos especialistas en v\u00edsceras naturales de alta calidad: intestino delgado, mantilla, est\u00f3mago, vejiga, intestino grueso...","breadcrumb":{"@id":"http:\/\/www.tripnet.es\/es\/visceras\/#breadcrumb"},"inLanguage":"es","potentialAction":[{"@type":"ReadAction","target":["http:\/\/www.tripnet.es\/es\/visceras\/"]}]},{"@type":"BreadcrumbList","@id":"http:\/\/www.tripnet.es\/es\/visceras\/#breadcrumb","itemListElement":[{"@type":"ListItem","position":1,"name":"Inici","item":"http:\/\/www.tripnet.es\/es\/"},{"@type":"ListItem","position":2,"name":"V\u00edsceras"}]},{"@type":"WebSite","@id":"http:\/\/www.tripnet.es\/en\/#website","url":"http:\/\/www.tripnet.es\/en\/","name":"Tripnet","description":"tripes naturals per l&#039;elaboraci\u00f3 d&#039;embotits","publisher":{"@id":"http:\/\/www.tripnet.es\/en\/#organization"},"potentialAction":[{"@type":"SearchAction","target":{"@type":"EntryPoint","urlTemplate":"http:\/\/www.tripnet.es\/en\/?s={search_term_string}"},"query-input":"required name=search_term_string"}],"inLanguage":"es"},{"@type":"Organization","@id":"http:\/\/www.tripnet.es\/en\/#organization","name":"Tripnet, S.L.","url":"http:\/\/www.tripnet.es\/en\/","logo":{"@type":"ImageObject","inLanguage":"es","@id":"http:\/\/www.tripnet.es\/en\/#\/schema\/logo\/image\/","url":"https:\/\/i0.wp.com\/www.tripnet.es\/wp-content\/uploads\/2022\/03\/Logotip_TRIPNET_TT-002-1.png?fit=749%2C911&ssl=1","contentUrl":"https:\/\/i0.wp.com\/www.tripnet.es\/wp-content\/uploads\/2022\/03\/Logotip_TRIPNET_TT-002-1.png?fit=749%2C911&ssl=1","width":749,"height":911,"caption":"Tripnet, S.L."},"image":{"@id":"http:\/\/www.tripnet.es\/en\/#\/schema\/logo\/image\/"},"sameAs":["https:\/\/www.instagram.com\/_tripnet_\/","https:\/\/www.linkedin.com\/company\/tntripnet","https:\/\/www.facebook.com\/TNTripnet"]}]}},"_links":{"self":[{"href":"http:\/\/www.tripnet.es\/es\/wp-json\/wp\/v2\/pages\/317","targetHints":{"allow":["GET"]}}],"collection":[{"href":"http:\/\/www.tripnet.es\/es\/wp-json\/wp\/v2\/pages"}],"about":[{"href":"http:\/\/www.tripnet.es\/es\/wp-json\/wp\/v2\/types\/page"}],"author":[{"embeddable":true,"href":"http:\/\/www.tripnet.es\/es\/wp-json\/wp\/v2\/users\/1"}],"replies":[{"embeddable":true,"href":"http:\/\/www.tripnet.es\/es\/wp-json\/wp\/v2\/comments?post=317"}],"version-history":[{"count":7,"href":"http:\/\/www.tripnet.es\/es\/wp-json\/wp\/v2\/pages\/317\/revisions"}],"predecessor-version":[{"id":1391,"href":"http:\/\/www.tripnet.es\/es\/wp-json\/wp\/v2\/pages\/317\/revisions\/1391"}],"wp:featuredmedia":[{"embeddable":true,"href":"http:\/\/www.tripnet.es\/es\/wp-json\/wp\/v2\/media\/290"}],"wp:attachment":[{"href":"http:\/\/www.tripnet.es\/es\/wp-json\/wp\/v2\/media?parent=317"}],"curies":[{"name":"wp","href":"https:\/\/api.w.org\/{rel}","templated":true}]}}