{"id":420,"date":"2021-04-26T10:42:36","date_gmt":"2021-04-26T08:42:36","guid":{"rendered":"http:\/\/tripnet.es\/product\/mantellina\/"},"modified":"2022-04-21T11:43:05","modified_gmt":"2022-04-21T09:43:05","slug":"mantellina","status":"publish","type":"product","link":"http:\/\/www.tripnet.es\/es\/producte\/mantellina\/","title":{"rendered":"Mantellina"},"content":{"rendered":"<p id=\"tw-target-text\" class=\"tw-data-text tw-text-large tw-ta\" dir=\"ltr\" data-placeholder=\"Traducci\u00f3n\">La mantellina de cerdo o reda\u00f1o es una membrana de grasa que tiene como funci\u00f3n mantener los intestinos, el est\u00f3mago, el h\u00edgado y otros \u00f3rganos en su posici\u00f3n.<\/p>\n<p>Se extrae del cerdo en nuestro matadero despu\u00e9s del sacrificio. Se vac\u00eda del contenido intestinal y se limpia.<\/p>\n<p>Una vez terminado el proceso de limpieza se congela y se presenta en bolsas de pl\u00e1stico de uso alimentario.<\/p>\n<p>Se recomienda conservar congelado a una temperatura de -18\u00b0C.<\/p>\n","protected":false},"excerpt":{"rendered":"<p>La mantellina de cerdo o reda\u00f1o es una membrana de grasa que tiene como funci\u00f3n mantener los intestinos, el est\u00f3mago, el h\u00edgado y otros \u00f3rganos en su posici\u00f3n. Se extrae del cerdo en nuestro matadero despu\u00e9s del sacrificio. Se vac\u00eda del contenido intestinal y se&#8230;<\/p>\n","protected":false},"featured_media":421,"template":"","meta":[],"product_cat":[47,48],"product_tag":[],"class_list":["post-420","product","type-product","status-publish","has-post-thumbnail","hentry","product_cat-visceras","product_cat-visceras-de-cerdo"],"yoast_head":"<!-- This site is optimized with the Yoast SEO plugin v19.10 - https:\/\/yoast.com\/wordpress\/plugins\/seo\/ -->\n<title>Mantellina de cerdo<\/title>\n<meta name=\"description\" content=\"La mantellina de cerdo o reda\u00f1o es una membrana de grasa que tiene como funci\u00f3n mantener los intestinos, el est\u00f3mago, el h\u00edgado y otros \u00f3rganos en su posici\u00f3n.\" \/>\n<meta name=\"robots\" content=\"index, follow, max-snippet:-1, max-image-preview:large, max-video-preview:-1\" \/>\n<link rel=\"canonical\" href=\"https:\/\/www.tripnet.es\/es\/producte\/mantellina\/\" \/>\n<meta property=\"og:locale\" content=\"es_ES\" \/>\n<meta property=\"og:type\" content=\"article\" \/>\n<meta property=\"og:title\" content=\"Mantellina de cerdo\" \/>\n<meta property=\"og:description\" content=\"La mantellina de cerdo o reda\u00f1o es una membrana de grasa que tiene como funci\u00f3n mantener los intestinos, el est\u00f3mago, el h\u00edgado y otros \u00f3rganos en su posici\u00f3n.\" \/>\n<meta property=\"og:url\" content=\"https:\/\/www.tripnet.es\/es\/producte\/mantellina\/\" \/>\n<meta property=\"og:site_name\" content=\"Tripnet\" \/>\n<meta property=\"article:publisher\" content=\"https:\/\/www.facebook.com\/TNTripnet\" \/>\n<meta property=\"article:modified_time\" content=\"2022-04-21T09:43:05+00:00\" \/>\n<meta property=\"og:image\" content=\"https:\/\/i0.wp.com\/www.tripnet.es\/wp-content\/uploads\/2021\/03\/Mantellina-scaled.jpg?fit=2560%2C2560&ssl=1\" \/>\n\t<meta property=\"og:image:width\" content=\"2560\" \/>\n\t<meta property=\"og:image:height\" content=\"2560\" \/>\n\t<meta property=\"og:image:type\" content=\"image\/jpeg\" \/>\n<meta name=\"twitter:card\" content=\"summary_large_image\" \/>\n<meta name=\"twitter:label1\" content=\"Tiempo de lectura\" \/>\n\t<meta name=\"twitter:data1\" content=\"1 minuto\" \/>\n<script type=\"application\/ld+json\" class=\"yoast-schema-graph\">{\"@context\":\"https:\/\/schema.org\",\"@graph\":[{\"@type\":\"WebPage\",\"@id\":\"https:\/\/www.tripnet.es\/es\/producte\/mantellina\/\",\"url\":\"https:\/\/www.tripnet.es\/es\/producte\/mantellina\/\",\"name\":\"Mantellina de cerdo\",\"isPartOf\":{\"@id\":\"https:\/\/www.tripnet.es\/#website\"},\"datePublished\":\"2021-04-26T08:42:36+00:00\",\"dateModified\":\"2022-04-21T09:43:05+00:00\",\"description\":\"La mantellina de cerdo o reda\u00f1o es una membrana de grasa que tiene como funci\u00f3n mantener los intestinos, el est\u00f3mago, el h\u00edgado y otros \u00f3rganos en su posici\u00f3n.\",\"breadcrumb\":{\"@id\":\"https:\/\/www.tripnet.es\/es\/producte\/mantellina\/#breadcrumb\"},\"inLanguage\":\"es\",\"potentialAction\":[{\"@type\":\"ReadAction\",\"target\":[\"https:\/\/www.tripnet.es\/es\/producte\/mantellina\/\"]}]},{\"@type\":\"BreadcrumbList\",\"@id\":\"https:\/\/www.tripnet.es\/es\/producte\/mantellina\/#breadcrumb\",\"itemListElement\":[{\"@type\":\"ListItem\",\"position\":1,\"name\":\"Inici\",\"item\":\"https:\/\/www.tripnet.es\/es\/\"},{\"@type\":\"ListItem\",\"position\":2,\"name\":\"Mantellina\"}]},{\"@type\":\"WebSite\",\"@id\":\"https:\/\/www.tripnet.es\/#website\",\"url\":\"https:\/\/www.tripnet.es\/\",\"name\":\"Tripnet\",\"description\":\"tripes naturals per l&#039;elaboraci\u00f3 d&#039;embotits\",\"publisher\":{\"@id\":\"https:\/\/www.tripnet.es\/#organization\"},\"potentialAction\":[{\"@type\":\"SearchAction\",\"target\":{\"@type\":\"EntryPoint\",\"urlTemplate\":\"https:\/\/www.tripnet.es\/?s={search_term_string}\"},\"query-input\":\"required name=search_term_string\"}],\"inLanguage\":\"es\"},{\"@type\":\"Organization\",\"@id\":\"https:\/\/www.tripnet.es\/#organization\",\"name\":\"Tripnet, S.L.\",\"url\":\"https:\/\/www.tripnet.es\/\",\"logo\":{\"@type\":\"ImageObject\",\"inLanguage\":\"es\",\"@id\":\"https:\/\/www.tripnet.es\/#\/schema\/logo\/image\/\",\"url\":\"https:\/\/i0.wp.com\/www.tripnet.es\/wp-content\/uploads\/2022\/03\/Logotip_TRIPNET_TT-002-1.png?fit=749%2C911&ssl=1\",\"contentUrl\":\"https:\/\/i0.wp.com\/www.tripnet.es\/wp-content\/uploads\/2022\/03\/Logotip_TRIPNET_TT-002-1.png?fit=749%2C911&ssl=1\",\"width\":749,\"height\":911,\"caption\":\"Tripnet, S.L.\"},\"image\":{\"@id\":\"https:\/\/www.tripnet.es\/#\/schema\/logo\/image\/\"},\"sameAs\":[\"https:\/\/www.instagram.com\/_tripnet_\/\",\"https:\/\/www.linkedin.com\/company\/tntripnet\",\"https:\/\/www.facebook.com\/TNTripnet\"]}]}<\/script>\n<!-- \/ Yoast SEO plugin. -->","yoast_head_json":{"title":"Mantellina de cerdo","description":"La mantellina de cerdo o reda\u00f1o es una membrana de grasa que tiene como funci\u00f3n mantener los intestinos, el est\u00f3mago, el h\u00edgado y otros \u00f3rganos en su posici\u00f3n.","robots":{"index":"index","follow":"follow","max-snippet":"max-snippet:-1","max-image-preview":"max-image-preview:large","max-video-preview":"max-video-preview:-1"},"canonical":"https:\/\/www.tripnet.es\/es\/producte\/mantellina\/","og_locale":"es_ES","og_type":"article","og_title":"Mantellina de cerdo","og_description":"La mantellina de cerdo o reda\u00f1o es una membrana de grasa que tiene como funci\u00f3n mantener los intestinos, el est\u00f3mago, el h\u00edgado y otros \u00f3rganos en su posici\u00f3n.","og_url":"https:\/\/www.tripnet.es\/es\/producte\/mantellina\/","og_site_name":"Tripnet","article_publisher":"https:\/\/www.facebook.com\/TNTripnet","article_modified_time":"2022-04-21T09:43:05+00:00","og_image":[{"width":2560,"height":2560,"url":"https:\/\/i0.wp.com\/www.tripnet.es\/wp-content\/uploads\/2021\/03\/Mantellina-scaled.jpg?fit=2560%2C2560&ssl=1","type":"image\/jpeg"}],"twitter_card":"summary_large_image","twitter_misc":{"Tiempo de lectura":"1 minuto"},"schema":{"@context":"https:\/\/schema.org","@graph":[{"@type":"WebPage","@id":"https:\/\/www.tripnet.es\/es\/producte\/mantellina\/","url":"https:\/\/www.tripnet.es\/es\/producte\/mantellina\/","name":"Mantellina de cerdo","isPartOf":{"@id":"https:\/\/www.tripnet.es\/#website"},"datePublished":"2021-04-26T08:42:36+00:00","dateModified":"2022-04-21T09:43:05+00:00","description":"La mantellina de cerdo o reda\u00f1o es una membrana de grasa que tiene como funci\u00f3n mantener los intestinos, el est\u00f3mago, el h\u00edgado y otros \u00f3rganos en su posici\u00f3n.","breadcrumb":{"@id":"https:\/\/www.tripnet.es\/es\/producte\/mantellina\/#breadcrumb"},"inLanguage":"es","potentialAction":[{"@type":"ReadAction","target":["https:\/\/www.tripnet.es\/es\/producte\/mantellina\/"]}]},{"@type":"BreadcrumbList","@id":"https:\/\/www.tripnet.es\/es\/producte\/mantellina\/#breadcrumb","itemListElement":[{"@type":"ListItem","position":1,"name":"Inici","item":"https:\/\/www.tripnet.es\/es\/"},{"@type":"ListItem","position":2,"name":"Mantellina"}]},{"@type":"WebSite","@id":"https:\/\/www.tripnet.es\/#website","url":"https:\/\/www.tripnet.es\/","name":"Tripnet","description":"tripes naturals per l&#039;elaboraci\u00f3 d&#039;embotits","publisher":{"@id":"https:\/\/www.tripnet.es\/#organization"},"potentialAction":[{"@type":"SearchAction","target":{"@type":"EntryPoint","urlTemplate":"https:\/\/www.tripnet.es\/?s={search_term_string}"},"query-input":"required name=search_term_string"}],"inLanguage":"es"},{"@type":"Organization","@id":"https:\/\/www.tripnet.es\/#organization","name":"Tripnet, S.L.","url":"https:\/\/www.tripnet.es\/","logo":{"@type":"ImageObject","inLanguage":"es","@id":"https:\/\/www.tripnet.es\/#\/schema\/logo\/image\/","url":"https:\/\/i0.wp.com\/www.tripnet.es\/wp-content\/uploads\/2022\/03\/Logotip_TRIPNET_TT-002-1.png?fit=749%2C911&ssl=1","contentUrl":"https:\/\/i0.wp.com\/www.tripnet.es\/wp-content\/uploads\/2022\/03\/Logotip_TRIPNET_TT-002-1.png?fit=749%2C911&ssl=1","width":749,"height":911,"caption":"Tripnet, S.L."},"image":{"@id":"https:\/\/www.tripnet.es\/#\/schema\/logo\/image\/"},"sameAs":["https:\/\/www.instagram.com\/_tripnet_\/","https:\/\/www.linkedin.com\/company\/tntripnet","https:\/\/www.facebook.com\/TNTripnet"]}]}},"_links":{"self":[{"href":"http:\/\/www.tripnet.es\/es\/wp-json\/wp\/v2\/product\/420","targetHints":{"allow":["GET"]}}],"collection":[{"href":"http:\/\/www.tripnet.es\/es\/wp-json\/wp\/v2\/product"}],"about":[{"href":"http:\/\/www.tripnet.es\/es\/wp-json\/wp\/v2\/types\/product"}],"wp:featuredmedia":[{"embeddable":true,"href":"http:\/\/www.tripnet.es\/es\/wp-json\/wp\/v2\/media\/421"}],"wp:attachment":[{"href":"http:\/\/www.tripnet.es\/es\/wp-json\/wp\/v2\/media?parent=420"}],"wp:term":[{"taxonomy":"product_cat","embeddable":true,"href":"http:\/\/www.tripnet.es\/es\/wp-json\/wp\/v2\/product_cat?post=420"},{"taxonomy":"product_tag","embeddable":true,"href":"http:\/\/www.tripnet.es\/es\/wp-json\/wp\/v2\/product_tag?post=420"}],"curies":[{"name":"wp","href":"https:\/\/api.w.org\/{rel}","templated":true}]}}