{"id":457,"date":"2021-03-19T13:48:53","date_gmt":"2021-03-19T12:48:53","guid":{"rendered":"http:\/\/tripnet.es\/product\/madeixa-tripa-fina-xai\/"},"modified":"2022-02-22T10:52:17","modified_gmt":"2022-02-22T09:52:17","slug":"tripa-fina-de-cordero","status":"publish","type":"product","link":"http:\/\/www.tripnet.es\/es\/producte\/tripa-fina-de-cordero\/","title":{"rendered":"Madeja tripa fina cordero"},"content":{"rendered":"<p>Tripa fina de cordero agrupada por calibres y longitud. Procede del intestino delgado del animal.<\/p>\n<p>La tripa fina de cordero en madejas es tierna pero a la vez resistente y se caracteriza por tener un calibre estrecho. Es la m\u00e1s adecuada para la elaboraci\u00f3n de embutidos frescos y cocidos de di\u00e1metro reducido como Frankfurt, salchichas, chistorras o salchichones.<\/p>\n<p>La tripa procede de mataderos homologados, de origen Europeo y de primera calidad, apta tanto para el mercado nacional como internacional.<\/p>\n","protected":false},"excerpt":{"rendered":"<p>La tripa fina de cordero procede del intestino delgado del animal.<\/p>\n<p>&nbsp;<\/p>\n","protected":false},"featured_media":482,"template":"","meta":[],"product_cat":[42,46],"product_tag":[],"class_list":["post-457","product","type-product","status-publish","has-post-thumbnail","hentry","product_cat-tripas","product_cat-tripas-de-cordero"],"yoast_head":"<!-- This site is optimized with the Yoast SEO plugin v19.10 - https:\/\/yoast.com\/wordpress\/plugins\/seo\/ -->\n<title>Madeja tripa fina cordero - Tripnet<\/title>\n<meta name=\"description\" content=\"La tripa fina de cordero procede del intestino delgado del animal. Es la m\u00e1s adecuada para la elaboraci\u00f3n de embutidos frescos y cocidos de di\u00e1metro reducido como Frankfurt, salchichas, chistorras o salchichones.\" \/>\n<meta name=\"robots\" content=\"index, follow, max-snippet:-1, max-image-preview:large, max-video-preview:-1\" \/>\n<link rel=\"canonical\" href=\"http:\/\/www.tripnet.es\/es\/producte\/tripa-fina-de-cordero\/\" \/>\n<meta property=\"og:locale\" content=\"es_ES\" \/>\n<meta property=\"og:type\" content=\"article\" \/>\n<meta property=\"og:title\" content=\"Madeja tripa fina cordero - Tripnet\" \/>\n<meta property=\"og:description\" content=\"La tripa fina de cordero procede del intestino delgado del animal. Es la m\u00e1s adecuada para la elaboraci\u00f3n de embutidos frescos y cocidos de di\u00e1metro reducido como Frankfurt, salchichas, chistorras o salchichones.\" \/>\n<meta property=\"og:url\" content=\"http:\/\/www.tripnet.es\/es\/producte\/tripa-fina-de-cordero\/\" \/>\n<meta property=\"og:site_name\" content=\"Tripnet\" \/>\n<meta property=\"article:publisher\" content=\"https:\/\/www.facebook.com\/TNTripnet\" \/>\n<meta property=\"article:modified_time\" content=\"2022-02-22T09:52:17+00:00\" \/>\n<meta property=\"og:image\" content=\"https:\/\/i0.wp.com\/www.tripnet.es\/wp-content\/uploads\/2021\/03\/Madeixa-tripa-fina-xai-scaled.jpg?fit=2560%2C2560\" \/>\n\t<meta property=\"og:image:width\" content=\"2560\" \/>\n\t<meta property=\"og:image:height\" content=\"2560\" \/>\n\t<meta property=\"og:image:type\" content=\"image\/jpeg\" \/>\n<meta name=\"twitter:card\" content=\"summary_large_image\" \/>\n<meta name=\"twitter:label1\" content=\"Tiempo de lectura\" \/>\n\t<meta name=\"twitter:data1\" content=\"1 minuto\" \/>\n<script type=\"application\/ld+json\" class=\"yoast-schema-graph\">{\"@context\":\"https:\/\/schema.org\",\"@graph\":[{\"@type\":\"WebPage\",\"@id\":\"http:\/\/www.tripnet.es\/es\/producte\/tripa-fina-de-cordero\/\",\"url\":\"http:\/\/www.tripnet.es\/es\/producte\/tripa-fina-de-cordero\/\",\"name\":\"Madeja tripa fina cordero - Tripnet\",\"isPartOf\":{\"@id\":\"https:\/\/www.tripnet.es\/#website\"},\"datePublished\":\"2021-03-19T12:48:53+00:00\",\"dateModified\":\"2022-02-22T09:52:17+00:00\",\"description\":\"La tripa fina de cordero procede del intestino delgado del animal. Es la m\u00e1s adecuada para la elaboraci\u00f3n de embutidos frescos y cocidos de di\u00e1metro reducido como Frankfurt, salchichas, chistorras o salchichones.\",\"breadcrumb\":{\"@id\":\"http:\/\/www.tripnet.es\/es\/producte\/tripa-fina-de-cordero\/#breadcrumb\"},\"inLanguage\":\"es\",\"potentialAction\":[{\"@type\":\"ReadAction\",\"target\":[\"http:\/\/www.tripnet.es\/es\/producte\/tripa-fina-de-cordero\/\"]}]},{\"@type\":\"BreadcrumbList\",\"@id\":\"http:\/\/www.tripnet.es\/es\/producte\/tripa-fina-de-cordero\/#breadcrumb\",\"itemListElement\":[{\"@type\":\"ListItem\",\"position\":1,\"name\":\"Inici\",\"item\":\"https:\/\/www.tripnet.es\/es\/\"},{\"@type\":\"ListItem\",\"position\":2,\"name\":\"Madeja tripa fina cordero\"}]},{\"@type\":\"WebSite\",\"@id\":\"https:\/\/www.tripnet.es\/#website\",\"url\":\"https:\/\/www.tripnet.es\/\",\"name\":\"Tripnet\",\"description\":\"tripes naturals per l&#039;elaboraci\u00f3 d&#039;embotits\",\"publisher\":{\"@id\":\"https:\/\/www.tripnet.es\/#organization\"},\"potentialAction\":[{\"@type\":\"SearchAction\",\"target\":{\"@type\":\"EntryPoint\",\"urlTemplate\":\"https:\/\/www.tripnet.es\/?s={search_term_string}\"},\"query-input\":\"required name=search_term_string\"}],\"inLanguage\":\"es\"},{\"@type\":\"Organization\",\"@id\":\"https:\/\/www.tripnet.es\/#organization\",\"name\":\"Tripnet, S.L.\",\"url\":\"https:\/\/www.tripnet.es\/\",\"logo\":{\"@type\":\"ImageObject\",\"inLanguage\":\"es\",\"@id\":\"https:\/\/www.tripnet.es\/#\/schema\/logo\/image\/\",\"url\":\"https:\/\/i0.wp.com\/www.tripnet.es\/wp-content\/uploads\/2022\/03\/Logotip_TRIPNET_TT-002-1.png?fit=749%2C911&ssl=1\",\"contentUrl\":\"https:\/\/i0.wp.com\/www.tripnet.es\/wp-content\/uploads\/2022\/03\/Logotip_TRIPNET_TT-002-1.png?fit=749%2C911&ssl=1\",\"width\":749,\"height\":911,\"caption\":\"Tripnet, S.L.\"},\"image\":{\"@id\":\"https:\/\/www.tripnet.es\/#\/schema\/logo\/image\/\"},\"sameAs\":[\"https:\/\/www.instagram.com\/_tripnet_\/\",\"https:\/\/www.linkedin.com\/company\/tntripnet\",\"https:\/\/www.facebook.com\/TNTripnet\"]}]}<\/script>\n<!-- \/ Yoast SEO plugin. -->","yoast_head_json":{"title":"Madeja tripa fina cordero - Tripnet","description":"La tripa fina de cordero procede del intestino delgado del animal. Es la m\u00e1s adecuada para la elaboraci\u00f3n de embutidos frescos y cocidos de di\u00e1metro reducido como Frankfurt, salchichas, chistorras o salchichones.","robots":{"index":"index","follow":"follow","max-snippet":"max-snippet:-1","max-image-preview":"max-image-preview:large","max-video-preview":"max-video-preview:-1"},"canonical":"http:\/\/www.tripnet.es\/es\/producte\/tripa-fina-de-cordero\/","og_locale":"es_ES","og_type":"article","og_title":"Madeja tripa fina cordero - Tripnet","og_description":"La tripa fina de cordero procede del intestino delgado del animal. Es la m\u00e1s adecuada para la elaboraci\u00f3n de embutidos frescos y cocidos de di\u00e1metro reducido como Frankfurt, salchichas, chistorras o salchichones.","og_url":"http:\/\/www.tripnet.es\/es\/producte\/tripa-fina-de-cordero\/","og_site_name":"Tripnet","article_publisher":"https:\/\/www.facebook.com\/TNTripnet","article_modified_time":"2022-02-22T09:52:17+00:00","og_image":[{"width":2560,"height":2560,"url":"https:\/\/i0.wp.com\/www.tripnet.es\/wp-content\/uploads\/2021\/03\/Madeixa-tripa-fina-xai-scaled.jpg?fit=2560%2C2560","type":"image\/jpeg"}],"twitter_card":"summary_large_image","twitter_misc":{"Tiempo de lectura":"1 minuto"},"schema":{"@context":"https:\/\/schema.org","@graph":[{"@type":"WebPage","@id":"http:\/\/www.tripnet.es\/es\/producte\/tripa-fina-de-cordero\/","url":"http:\/\/www.tripnet.es\/es\/producte\/tripa-fina-de-cordero\/","name":"Madeja tripa fina cordero - Tripnet","isPartOf":{"@id":"https:\/\/www.tripnet.es\/#website"},"datePublished":"2021-03-19T12:48:53+00:00","dateModified":"2022-02-22T09:52:17+00:00","description":"La tripa fina de cordero procede del intestino delgado del animal. Es la m\u00e1s adecuada para la elaboraci\u00f3n de embutidos frescos y cocidos de di\u00e1metro reducido como Frankfurt, salchichas, chistorras o salchichones.","breadcrumb":{"@id":"http:\/\/www.tripnet.es\/es\/producte\/tripa-fina-de-cordero\/#breadcrumb"},"inLanguage":"es","potentialAction":[{"@type":"ReadAction","target":["http:\/\/www.tripnet.es\/es\/producte\/tripa-fina-de-cordero\/"]}]},{"@type":"BreadcrumbList","@id":"http:\/\/www.tripnet.es\/es\/producte\/tripa-fina-de-cordero\/#breadcrumb","itemListElement":[{"@type":"ListItem","position":1,"name":"Inici","item":"https:\/\/www.tripnet.es\/es\/"},{"@type":"ListItem","position":2,"name":"Madeja tripa fina cordero"}]},{"@type":"WebSite","@id":"https:\/\/www.tripnet.es\/#website","url":"https:\/\/www.tripnet.es\/","name":"Tripnet","description":"tripes naturals per l&#039;elaboraci\u00f3 d&#039;embotits","publisher":{"@id":"https:\/\/www.tripnet.es\/#organization"},"potentialAction":[{"@type":"SearchAction","target":{"@type":"EntryPoint","urlTemplate":"https:\/\/www.tripnet.es\/?s={search_term_string}"},"query-input":"required name=search_term_string"}],"inLanguage":"es"},{"@type":"Organization","@id":"https:\/\/www.tripnet.es\/#organization","name":"Tripnet, S.L.","url":"https:\/\/www.tripnet.es\/","logo":{"@type":"ImageObject","inLanguage":"es","@id":"https:\/\/www.tripnet.es\/#\/schema\/logo\/image\/","url":"https:\/\/i0.wp.com\/www.tripnet.es\/wp-content\/uploads\/2022\/03\/Logotip_TRIPNET_TT-002-1.png?fit=749%2C911&ssl=1","contentUrl":"https:\/\/i0.wp.com\/www.tripnet.es\/wp-content\/uploads\/2022\/03\/Logotip_TRIPNET_TT-002-1.png?fit=749%2C911&ssl=1","width":749,"height":911,"caption":"Tripnet, S.L."},"image":{"@id":"https:\/\/www.tripnet.es\/#\/schema\/logo\/image\/"},"sameAs":["https:\/\/www.instagram.com\/_tripnet_\/","https:\/\/www.linkedin.com\/company\/tntripnet","https:\/\/www.facebook.com\/TNTripnet"]}]}},"_links":{"self":[{"href":"http:\/\/www.tripnet.es\/es\/wp-json\/wp\/v2\/product\/457","targetHints":{"allow":["GET"]}}],"collection":[{"href":"http:\/\/www.tripnet.es\/es\/wp-json\/wp\/v2\/product"}],"about":[{"href":"http:\/\/www.tripnet.es\/es\/wp-json\/wp\/v2\/types\/product"}],"wp:featuredmedia":[{"embeddable":true,"href":"http:\/\/www.tripnet.es\/es\/wp-json\/wp\/v2\/media\/482"}],"wp:attachment":[{"href":"http:\/\/www.tripnet.es\/es\/wp-json\/wp\/v2\/media?parent=457"}],"wp:term":[{"taxonomy":"product_cat","embeddable":true,"href":"http:\/\/www.tripnet.es\/es\/wp-json\/wp\/v2\/product_cat?post=457"},{"taxonomy":"product_tag","embeddable":true,"href":"http:\/\/www.tripnet.es\/es\/wp-json\/wp\/v2\/product_tag?post=457"}],"curies":[{"name":"wp","href":"https:\/\/api.w.org\/{rel}","templated":true}]}}