{"id":463,"date":"2021-03-19T13:39:37","date_gmt":"2021-03-19T12:39:37","guid":{"rendered":"http:\/\/tripnet.es\/product\/bufa\/"},"modified":"2022-02-22T10:45:09","modified_gmt":"2022-02-22T09:45:09","slug":"vejiga-de-cerdo","status":"publish","type":"product","link":"http:\/\/www.tripnet.es\/es\/producte\/vejiga-de-cerdo\/","title":{"rendered":"Vejiga"},"content":{"rendered":"<p>La vejiga es un \u00f3rgano vac\u00edo, m\u00fasculo membranoso con forma de esf\u00e9rica. Esta tripa da a los embutidos un sabor, un perfume y una t\u00edpica forma cil\u00edndrica. Su generosa dimensi\u00f3n permite una maduraci\u00f3n lenta, tenga una duraci\u00f3n superior a las embutidas en tripas m\u00e1s delgadas y alcance unas caracter\u00edsticas organol\u00e9pticas especiales. Permite embutir tanto productos cocidos como frescos como: la \u201cbufa\u201d de huevo, la \u201cbufa\u201d negra y blanca.<\/p>\n<p>Todas nuestras tripas son naturales y de origen 100% espa\u00f1ol y de primera calidad. Obtenemos las tripas de cerdo de nuestra propia producci\u00f3n, aptas tanto para el mercado nacional como internacional.<\/p>\n<p>El proceso de desengrase, limpieza y salado se lleva a cabo en nuestros mataderos homologados. Y la calibraci\u00f3n y el envasado en nuestro centro de calibraci\u00f3n.<\/p>\n","protected":false},"excerpt":{"rendered":"<p>La vejiga de cerdo \u00a0es un \u00f3rgano vac\u00edo, m\u00fasculo membranoso con forma de esf\u00e9rica<\/p>\n<p>&nbsp;<\/p>\n","protected":false},"featured_media":489,"template":"","meta":[],"product_cat":[42,44],"product_tag":[],"class_list":["post-463","product","type-product","status-publish","has-post-thumbnail","hentry","product_cat-tripas","product_cat-tripas-de-cerdo"],"yoast_head":"<!-- This site is optimized with the Yoast SEO plugin v19.10 - https:\/\/yoast.com\/wordpress\/plugins\/seo\/ -->\n<title>Vejiga - Tripnet<\/title>\n<meta name=\"description\" content=\"La vejiga de cerdo es un \u00f3rgano vac\u00edo, m\u00fasculo membranoso con forma de esf\u00e9rica. Esta tripa da a los embutidos un sabor, un perfume y una t\u00edpica forma cil\u00edndrica.\" \/>\n<meta name=\"robots\" content=\"index, follow, max-snippet:-1, max-image-preview:large, max-video-preview:-1\" \/>\n<link rel=\"canonical\" href=\"https:\/\/www.tripnet.es\/es\/producte\/vejiga-de-cerdo\/\" \/>\n<meta property=\"og:locale\" content=\"es_ES\" \/>\n<meta property=\"og:type\" content=\"article\" \/>\n<meta property=\"og:title\" content=\"Vejiga - Tripnet\" \/>\n<meta property=\"og:description\" content=\"La vejiga de cerdo es un \u00f3rgano vac\u00edo, m\u00fasculo membranoso con forma de esf\u00e9rica. Esta tripa da a los embutidos un sabor, un perfume y una t\u00edpica forma cil\u00edndrica.\" \/>\n<meta property=\"og:url\" content=\"https:\/\/www.tripnet.es\/es\/producte\/vejiga-de-cerdo\/\" \/>\n<meta property=\"og:site_name\" content=\"Tripnet\" \/>\n<meta property=\"article:publisher\" content=\"https:\/\/www.facebook.com\/TNTripnet\" \/>\n<meta property=\"article:modified_time\" content=\"2022-02-22T09:45:09+00:00\" \/>\n<meta property=\"og:image\" content=\"https:\/\/i0.wp.com\/www.tripnet.es\/wp-content\/uploads\/2021\/03\/Bufa-scaled.jpg?fit=2560%2C2560&ssl=1\" \/>\n\t<meta property=\"og:image:width\" content=\"2560\" \/>\n\t<meta property=\"og:image:height\" content=\"2560\" \/>\n\t<meta property=\"og:image:type\" content=\"image\/jpeg\" \/>\n<meta name=\"twitter:card\" content=\"summary_large_image\" \/>\n<meta name=\"twitter:label1\" content=\"Tiempo de lectura\" \/>\n\t<meta name=\"twitter:data1\" content=\"1 minuto\" \/>\n<script type=\"application\/ld+json\" class=\"yoast-schema-graph\">{\"@context\":\"https:\/\/schema.org\",\"@graph\":[{\"@type\":\"WebPage\",\"@id\":\"https:\/\/www.tripnet.es\/es\/producte\/vejiga-de-cerdo\/\",\"url\":\"https:\/\/www.tripnet.es\/es\/producte\/vejiga-de-cerdo\/\",\"name\":\"Vejiga - Tripnet\",\"isPartOf\":{\"@id\":\"https:\/\/www.tripnet.es\/#website\"},\"datePublished\":\"2021-03-19T12:39:37+00:00\",\"dateModified\":\"2022-02-22T09:45:09+00:00\",\"description\":\"La vejiga de cerdo es un \u00f3rgano vac\u00edo, m\u00fasculo membranoso con forma de esf\u00e9rica. Esta tripa da a los embutidos un sabor, un perfume y una t\u00edpica forma cil\u00edndrica.\",\"breadcrumb\":{\"@id\":\"https:\/\/www.tripnet.es\/es\/producte\/vejiga-de-cerdo\/#breadcrumb\"},\"inLanguage\":\"es\",\"potentialAction\":[{\"@type\":\"ReadAction\",\"target\":[\"https:\/\/www.tripnet.es\/es\/producte\/vejiga-de-cerdo\/\"]}]},{\"@type\":\"BreadcrumbList\",\"@id\":\"https:\/\/www.tripnet.es\/es\/producte\/vejiga-de-cerdo\/#breadcrumb\",\"itemListElement\":[{\"@type\":\"ListItem\",\"position\":1,\"name\":\"Inici\",\"item\":\"https:\/\/www.tripnet.es\/es\/\"},{\"@type\":\"ListItem\",\"position\":2,\"name\":\"Vejiga\"}]},{\"@type\":\"WebSite\",\"@id\":\"https:\/\/www.tripnet.es\/#website\",\"url\":\"https:\/\/www.tripnet.es\/\",\"name\":\"Tripnet\",\"description\":\"tripes naturals per l&#039;elaboraci\u00f3 d&#039;embotits\",\"publisher\":{\"@id\":\"https:\/\/www.tripnet.es\/#organization\"},\"potentialAction\":[{\"@type\":\"SearchAction\",\"target\":{\"@type\":\"EntryPoint\",\"urlTemplate\":\"https:\/\/www.tripnet.es\/?s={search_term_string}\"},\"query-input\":\"required name=search_term_string\"}],\"inLanguage\":\"es\"},{\"@type\":\"Organization\",\"@id\":\"https:\/\/www.tripnet.es\/#organization\",\"name\":\"Tripnet, S.L.\",\"url\":\"https:\/\/www.tripnet.es\/\",\"logo\":{\"@type\":\"ImageObject\",\"inLanguage\":\"es\",\"@id\":\"https:\/\/www.tripnet.es\/#\/schema\/logo\/image\/\",\"url\":\"https:\/\/i0.wp.com\/www.tripnet.es\/wp-content\/uploads\/2022\/03\/Logotip_TRIPNET_TT-002-1.png?fit=749%2C911&ssl=1\",\"contentUrl\":\"https:\/\/i0.wp.com\/www.tripnet.es\/wp-content\/uploads\/2022\/03\/Logotip_TRIPNET_TT-002-1.png?fit=749%2C911&ssl=1\",\"width\":749,\"height\":911,\"caption\":\"Tripnet, S.L.\"},\"image\":{\"@id\":\"https:\/\/www.tripnet.es\/#\/schema\/logo\/image\/\"},\"sameAs\":[\"https:\/\/www.instagram.com\/_tripnet_\/\",\"https:\/\/www.linkedin.com\/company\/tntripnet\",\"https:\/\/www.facebook.com\/TNTripnet\"]}]}<\/script>\n<!-- \/ Yoast SEO plugin. -->","yoast_head_json":{"title":"Vejiga - Tripnet","description":"La vejiga de cerdo es un \u00f3rgano vac\u00edo, m\u00fasculo membranoso con forma de esf\u00e9rica. Esta tripa da a los embutidos un sabor, un perfume y una t\u00edpica forma cil\u00edndrica.","robots":{"index":"index","follow":"follow","max-snippet":"max-snippet:-1","max-image-preview":"max-image-preview:large","max-video-preview":"max-video-preview:-1"},"canonical":"https:\/\/www.tripnet.es\/es\/producte\/vejiga-de-cerdo\/","og_locale":"es_ES","og_type":"article","og_title":"Vejiga - Tripnet","og_description":"La vejiga de cerdo es un \u00f3rgano vac\u00edo, m\u00fasculo membranoso con forma de esf\u00e9rica. Esta tripa da a los embutidos un sabor, un perfume y una t\u00edpica forma cil\u00edndrica.","og_url":"https:\/\/www.tripnet.es\/es\/producte\/vejiga-de-cerdo\/","og_site_name":"Tripnet","article_publisher":"https:\/\/www.facebook.com\/TNTripnet","article_modified_time":"2022-02-22T09:45:09+00:00","og_image":[{"width":2560,"height":2560,"url":"https:\/\/i0.wp.com\/www.tripnet.es\/wp-content\/uploads\/2021\/03\/Bufa-scaled.jpg?fit=2560%2C2560&ssl=1","type":"image\/jpeg"}],"twitter_card":"summary_large_image","twitter_misc":{"Tiempo de lectura":"1 minuto"},"schema":{"@context":"https:\/\/schema.org","@graph":[{"@type":"WebPage","@id":"https:\/\/www.tripnet.es\/es\/producte\/vejiga-de-cerdo\/","url":"https:\/\/www.tripnet.es\/es\/producte\/vejiga-de-cerdo\/","name":"Vejiga - Tripnet","isPartOf":{"@id":"https:\/\/www.tripnet.es\/#website"},"datePublished":"2021-03-19T12:39:37+00:00","dateModified":"2022-02-22T09:45:09+00:00","description":"La vejiga de cerdo es un \u00f3rgano vac\u00edo, m\u00fasculo membranoso con forma de esf\u00e9rica. Esta tripa da a los embutidos un sabor, un perfume y una t\u00edpica forma cil\u00edndrica.","breadcrumb":{"@id":"https:\/\/www.tripnet.es\/es\/producte\/vejiga-de-cerdo\/#breadcrumb"},"inLanguage":"es","potentialAction":[{"@type":"ReadAction","target":["https:\/\/www.tripnet.es\/es\/producte\/vejiga-de-cerdo\/"]}]},{"@type":"BreadcrumbList","@id":"https:\/\/www.tripnet.es\/es\/producte\/vejiga-de-cerdo\/#breadcrumb","itemListElement":[{"@type":"ListItem","position":1,"name":"Inici","item":"https:\/\/www.tripnet.es\/es\/"},{"@type":"ListItem","position":2,"name":"Vejiga"}]},{"@type":"WebSite","@id":"https:\/\/www.tripnet.es\/#website","url":"https:\/\/www.tripnet.es\/","name":"Tripnet","description":"tripes naturals per l&#039;elaboraci\u00f3 d&#039;embotits","publisher":{"@id":"https:\/\/www.tripnet.es\/#organization"},"potentialAction":[{"@type":"SearchAction","target":{"@type":"EntryPoint","urlTemplate":"https:\/\/www.tripnet.es\/?s={search_term_string}"},"query-input":"required name=search_term_string"}],"inLanguage":"es"},{"@type":"Organization","@id":"https:\/\/www.tripnet.es\/#organization","name":"Tripnet, S.L.","url":"https:\/\/www.tripnet.es\/","logo":{"@type":"ImageObject","inLanguage":"es","@id":"https:\/\/www.tripnet.es\/#\/schema\/logo\/image\/","url":"https:\/\/i0.wp.com\/www.tripnet.es\/wp-content\/uploads\/2022\/03\/Logotip_TRIPNET_TT-002-1.png?fit=749%2C911&ssl=1","contentUrl":"https:\/\/i0.wp.com\/www.tripnet.es\/wp-content\/uploads\/2022\/03\/Logotip_TRIPNET_TT-002-1.png?fit=749%2C911&ssl=1","width":749,"height":911,"caption":"Tripnet, S.L."},"image":{"@id":"https:\/\/www.tripnet.es\/#\/schema\/logo\/image\/"},"sameAs":["https:\/\/www.instagram.com\/_tripnet_\/","https:\/\/www.linkedin.com\/company\/tntripnet","https:\/\/www.facebook.com\/TNTripnet"]}]}},"_links":{"self":[{"href":"http:\/\/www.tripnet.es\/es\/wp-json\/wp\/v2\/product\/463","targetHints":{"allow":["GET"]}}],"collection":[{"href":"http:\/\/www.tripnet.es\/es\/wp-json\/wp\/v2\/product"}],"about":[{"href":"http:\/\/www.tripnet.es\/es\/wp-json\/wp\/v2\/types\/product"}],"wp:featuredmedia":[{"embeddable":true,"href":"http:\/\/www.tripnet.es\/es\/wp-json\/wp\/v2\/media\/489"}],"wp:attachment":[{"href":"http:\/\/www.tripnet.es\/es\/wp-json\/wp\/v2\/media?parent=463"}],"wp:term":[{"taxonomy":"product_cat","embeddable":true,"href":"http:\/\/www.tripnet.es\/es\/wp-json\/wp\/v2\/product_cat?post=463"},{"taxonomy":"product_tag","embeddable":true,"href":"http:\/\/www.tripnet.es\/es\/wp-json\/wp\/v2\/product_tag?post=463"}],"curies":[{"name":"wp","href":"https:\/\/api.w.org\/{rel}","templated":true}]}}