{"id":607,"date":"2021-04-27T14:44:32","date_gmt":"2021-04-27T12:44:32","guid":{"rendered":"http:\/\/tripnet.es\/produits\/"},"modified":"2022-04-18T13:38:04","modified_gmt":"2022-04-18T11:38:04","slug":"produits","status":"publish","type":"page","link":"http:\/\/www.tripnet.es\/fr\/produits\/","title":{"rendered":"Produits"},"content":{"rendered":"<p>[vc_row css_animation=\u00a0\u00bb\u00a0\u00bb row_type=\u00a0\u00bbrow\u00a0\u00bb use_row_as_full_screen_section=\u00a0\u00bbno\u00a0\u00bb type=\u00a0\u00bbfull_width\u00a0\u00bb angled_section=\u00a0\u00bbno\u00a0\u00bb text_align=\u00a0\u00bbleft\u00a0\u00bb background_image_as_pattern=\u00a0\u00bbwithout_pattern\u00a0\u00bb][vc_column][vc_single_image image=\u00a0\u00bb289&Prime; img_size=\u00a0\u00bbfull\u00a0\u00bb alignment=\u00a0\u00bbcenter\u00a0\u00bb qode_css_animation=\u00a0\u00bb\u00a0\u00bb][vc_empty_space height=\u00a0\u00bb50px\u00a0\u00bb][\/vc_column][\/vc_row][vc_row css_animation=\u00a0\u00bb\u00a0\u00bb row_type=\u00a0\u00bbrow\u00a0\u00bb use_row_as_full_screen_section=\u00a0\u00bbno\u00a0\u00bb type=\u00a0\u00bbfull_width\u00a0\u00bb angled_section=\u00a0\u00bbno\u00a0\u00bb text_align=\u00a0\u00bbleft\u00a0\u00bb background_image_as_pattern=\u00a0\u00bbwithout_pattern\u00a0\u00bb][vc_column width=\u00a0\u00bb1\/5&Prime;][\/vc_column][vc_column width=\u00a0\u00bb3\/5&Prime; css=\u00a0\u00bb.vc_custom_1617087834305{padding-left: 40px !important;}\u00a0\u00bb][vc_column_text]<\/p>\n<h1><strong>Produits du Tripnet<\/strong><\/h1>\n<p>[\/vc_column_text][vc_single_image image=\u00a0\u00bb618&Prime; img_size=\u00a0\u00bb147&#215;21&Prime; qode_css_animation=\u00a0\u00bb\u00a0\u00bb][vc_empty_space height=\u00a0\u00bb50px\u00a0\u00bb][vc_column_text]<strong>Les tripes naturelles sont la seule enveloppe des charcuteries 100% naturelles. Elles proviennent des intestins d\u2019animaux \u00e9lev\u00e9s et contr\u00f4l\u00e9s dans des fermes agr\u00e9\u00e9es et certifi\u00e9es par la CEE.<\/strong><\/p>\n<p>[\/vc_column_text][vc_empty_space height=\u00a0\u00bb80px\u00a0\u00bb][\/vc_column][vc_column width=\u00a0\u00bb1\/5&Prime;][\/vc_column][\/vc_row][vc_row css_animation=\u00a0\u00bb\u00a0\u00bb row_type=\u00a0\u00bbrow\u00a0\u00bb use_row_as_full_screen_section=\u00a0\u00bbno\u00a0\u00bb type=\u00a0\u00bbgrid\u00a0\u00bb angled_section=\u00a0\u00bbno\u00a0\u00bb text_align=\u00a0\u00bbleft\u00a0\u00bb background_image_as_pattern=\u00a0\u00bbwithout_pattern\u00a0\u00bb z_index=\u00a0\u00bb\u00a0\u00bb][vc_column width=\u00a0\u00bb1\/2&Prime;][vc_column_text]<\/p>\n<h2>Tripes<\/h2>\n<p>[\/vc_column_text][vc_single_image image=\u00a0\u00bb609&Prime; img_size=\u00a0\u00bbfull\u00a0\u00bb onclick=\u00a0\u00bbcustom_link\u00a0\u00bb qode_css_animation=\u00a0\u00bb\u00a0\u00bb qode_hover_animation=\u00a0\u00bbzoom_in\u00a0\u00bb link=\u00a0\u00bbhttp:\/\/www.tripnet.es\/fr\/tripes\/\u00a0\u00bb][\/vc_column][vc_column width=\u00a0\u00bb1\/2&Prime;][vc_column_text]<\/p>\n<h2>V\u00edsceres<\/h2>\n<p>[\/vc_column_text][vc_single_image image=\u00a0\u00bb608&Prime; img_size=\u00a0\u00bbfull\u00a0\u00bb onclick=\u00a0\u00bbcustom_link\u00a0\u00bb qode_css_animation=\u00a0\u00bb\u00a0\u00bb qode_hover_animation=\u00a0\u00bbzoom_in\u00a0\u00bb link=\u00a0\u00bbhttp:\/\/www.tripnet.es\/fr\/visceres\/\u00a0\u00bb][\/vc_column][\/vc_row][vc_row css_animation=\u00a0\u00bb\u00a0\u00bb row_type=\u00a0\u00bbrow\u00a0\u00bb use_row_as_full_screen_section=\u00a0\u00bbno\u00a0\u00bb type=\u00a0\u00bbfull_width\u00a0\u00bb angled_section=\u00a0\u00bbno\u00a0\u00bb text_align=\u00a0\u00bbleft\u00a0\u00bb background_image_as_pattern=\u00a0\u00bbwithout_pattern\u00a0\u00bb css=\u00a0\u00bb.vc_custom_1616150497813{background-color: #d7d7d7 !important;}\u00a0\u00bb z_index=\u00a0\u00bb\u00a0\u00bb][vc_column width=\u00a0\u00bb1\/5&Prime;][\/vc_column][vc_column width=\u00a0\u00bb3\/5&Prime; css=\u00a0\u00bb.vc_custom_1617087854488{padding-left: 40px !important;}\u00a0\u00bb][vc_empty_space height=\u00a0\u00bb80px\u00a0\u00bb][vc_column_text]<\/p>\n<h2>Avantages des tripes naturels<\/h2>\n<p>[\/vc_column_text][vc_single_image image=\u00a0\u00bb618&Prime; img_size=\u00a0\u00bb147&#215;21&Prime; qode_css_animation=\u00a0\u00bb\u00a0\u00bb][vc_empty_space height=\u00a0\u00bb50px\u00a0\u00bb][\/vc_column][vc_column width=\u00a0\u00bb1\/5&Prime;][\/vc_column][\/vc_row][vc_row css_animation=\u00a0\u00bb\u00a0\u00bb row_type=\u00a0\u00bbrow\u00a0\u00bb use_row_as_full_screen_section=\u00a0\u00bbno\u00a0\u00bb type=\u00a0\u00bbfull_width\u00a0\u00bb angled_section=\u00a0\u00bbno\u00a0\u00bb text_align=\u00a0\u00bbleft\u00a0\u00bb background_image_as_pattern=\u00a0\u00bbwithout_pattern\u00a0\u00bb css=\u00a0\u00bb.vc_custom_1616150497813{background-color: #d7d7d7 !important;}\u00a0\u00bb z_index=\u00a0\u00bb\u00a0\u00bb][vc_column width=\u00a0\u00bb1\/5&Prime;][\/vc_column][vc_column width=\u00a0\u00bb1\/5&Prime; css=\u00a0\u00bb.vc_custom_1616152951128{padding: 30px !important;}\u00a0\u00bb][vc_single_image image=\u00a0\u00bb610&Prime; img_size=\u00a0\u00bbfull\u00a0\u00bb qode_css_animation=\u00a0\u00bb\u00a0\u00bb][vc_empty_space height=\u00a0\u00bb15px\u00a0\u00bb][vc_column_text]Producte 100% natural. Excel\u00b7lent per la seva condici\u00f3 de producte no processat i per l\u2019aspecte visual que aporta al producte acabat, que s\u00f3n atributs positius que influeixen directament en l\u2019elecci\u00f3 de compra del consumidor final.[\/vc_column_text][\/vc_column][vc_column width=\u00a0\u00bb1\/5&Prime; css=\u00a0\u00bb.vc_custom_1616152972225{padding: 30px !important;}\u00a0\u00bb][vc_single_image image=\u00a0\u00bb611&Prime; img_size=\u00a0\u00bbfull\u00a0\u00bb qode_css_animation=\u00a0\u00bb\u00a0\u00bb][vc_empty_space height=\u00a0\u00bb15px\u00a0\u00bb][vc_column_text]Palais unique en bouche, que ne peut \u00e9galer aucun autre type d\u2019embossage.[\/vc_column_text][\/vc_column][vc_column width=\u00a0\u00bb1\/5&Prime; css=\u00a0\u00bb.vc_custom_1616152982282{padding: 30px !important;}\u00a0\u00bb][vc_single_image image=\u00a0\u00bb612&Prime; img_size=\u00a0\u00bbfull\u00a0\u00bb qode_css_animation=\u00a0\u00bb\u00a0\u00bb][vc_empty_space height=\u00a0\u00bb15px\u00a0\u00bb][vc_column_text]Permeabilitat adequada que permet al producte adquirir aromes d\u2019esp\u00e8cies o fumats, i tamb\u00e9 barreges de sabors en cas que el producte es cuini.[\/vc_column_text][\/vc_column][vc_column width=\u00a0\u00bb1\/5&Prime;][\/vc_column][\/vc_row][vc_row css_animation=\u00a0\u00bb\u00a0\u00bb row_type=\u00a0\u00bbrow\u00a0\u00bb use_row_as_full_screen_section=\u00a0\u00bbno\u00a0\u00bb type=\u00a0\u00bbfull_width\u00a0\u00bb angled_section=\u00a0\u00bbno\u00a0\u00bb text_align=\u00a0\u00bbleft\u00a0\u00bb background_image_as_pattern=\u00a0\u00bbwithout_pattern\u00a0\u00bb css=\u00a0\u00bb.vc_custom_1616150497813{background-color: #d7d7d7 !important;}\u00a0\u00bb z_index=\u00a0\u00bb\u00a0\u00bb][vc_column width=\u00a0\u00bb1\/5&Prime;][\/vc_column][vc_column width=\u00a0\u00bb3\/5&Prime;][vc_empty_space height=\u00a0\u00bb80px\u00a0\u00bb][\/vc_column][vc_column width=\u00a0\u00bb1\/5&Prime;][\/vc_column][\/vc_row]<\/p>\n","protected":false},"excerpt":{"rendered":"<p>[vc_row css_animation=\u00a0\u00bb\u00a0\u00bb row_type=\u00a0\u00bbrow\u00a0\u00bb use_row_as_full_screen_section=\u00a0\u00bbno\u00a0\u00bb type=\u00a0\u00bbfull_width\u00a0\u00bb angled_section=\u00a0\u00bbno\u00a0\u00bb text_align=\u00a0\u00bbleft\u00a0\u00bb background_image_as_pattern=\u00a0\u00bbwithout_pattern\u00a0\u00bb][vc_column][vc_single_image image=\u00a0\u00bb289&Prime; img_size=\u00a0\u00bbfull\u00a0\u00bb alignment=\u00a0\u00bbcenter\u00a0\u00bb qode_css_animation=\u00a0\u00bb\u00a0\u00bb][vc_empty_space height=\u00a0\u00bb50px\u00a0\u00bb][\/vc_column][\/vc_row][vc_row css_animation=\u00a0\u00bb\u00a0\u00bb row_type=\u00a0\u00bbrow\u00a0\u00bb use_row_as_full_screen_section=\u00a0\u00bbno\u00a0\u00bb type=\u00a0\u00bbfull_width\u00a0\u00bb angled_section=\u00a0\u00bbno\u00a0\u00bb text_align=\u00a0\u00bbleft\u00a0\u00bb background_image_as_pattern=\u00a0\u00bbwithout_pattern\u00a0\u00bb][vc_column width=\u00a0\u00bb1\/5&Prime;][\/vc_column][vc_column width=\u00a0\u00bb3\/5&Prime; css=\u00a0\u00bb.vc_custom_1617087834305{padding-left: 40px !important;}\u00a0\u00bb][vc_column_text] Produits du Tripnet [\/vc_column_text][vc_single_image image=\u00a0\u00bb618&Prime; img_size=\u00a0\u00bb147&#215;21&Prime; qode_css_animation=\u00a0\u00bb\u00a0\u00bb][vc_empty_space height=\u00a0\u00bb50px\u00a0\u00bb][vc_column_text]Les tripes naturelles sont la seule enveloppe des charcuteries 100% naturelles. Elles proviennent&#8230;<\/p>\n","protected":false},"author":1,"featured_media":0,"parent":0,"menu_order":0,"comment_status":"closed","ping_status":"closed","template":"full_width.php","meta":{"footnotes":""},"class_list":["post-607","page","type-page","status-publish","hentry"],"yoast_head":"<!-- This site is optimized with the Yoast SEO plugin v19.10 - https:\/\/yoast.com\/wordpress\/plugins\/seo\/ -->\n<title>Produits - Tripnet<\/title>\n<meta name=\"description\" content=\"Les boyaux naturels proviennent d&#039;intestins d&#039;animaux \u00e9lev\u00e9s et contr\u00f4l\u00e9s dans des \u00e9levages agr\u00e9\u00e9s CEE.\" \/>\n<meta name=\"robots\" content=\"index, follow, max-snippet:-1, max-image-preview:large, max-video-preview:-1\" \/>\n<link rel=\"canonical\" href=\"http:\/\/www.tripnet.es\/fr\/produits\/\" \/>\n<meta property=\"og:locale\" content=\"fr_FR\" \/>\n<meta property=\"og:type\" content=\"article\" \/>\n<meta property=\"og:title\" content=\"Produits - Tripnet\" \/>\n<meta property=\"og:description\" content=\"Les boyaux naturels proviennent d&#039;intestins d&#039;animaux \u00e9lev\u00e9s et contr\u00f4l\u00e9s dans des \u00e9levages agr\u00e9\u00e9s CEE.\" \/>\n<meta property=\"og:url\" content=\"http:\/\/www.tripnet.es\/fr\/produits\/\" \/>\n<meta property=\"og:site_name\" content=\"Tripnet\" \/>\n<meta property=\"article:publisher\" content=\"https:\/\/www.facebook.com\/TNTripnet\" \/>\n<meta property=\"article:modified_time\" content=\"2022-04-18T11:38:04+00:00\" \/>\n<meta name=\"twitter:card\" content=\"summary_large_image\" \/>\n<meta name=\"twitter:label1\" content=\"Dur\u00e9e de lecture estim\u00e9e\" \/>\n\t<meta name=\"twitter:data1\" content=\"3 minutes\" \/>\n<script type=\"application\/ld+json\" class=\"yoast-schema-graph\">{\"@context\":\"https:\/\/schema.org\",\"@graph\":[{\"@type\":\"WebPage\",\"@id\":\"http:\/\/www.tripnet.es\/fr\/produits\/\",\"url\":\"http:\/\/www.tripnet.es\/fr\/produits\/\",\"name\":\"Produits - Tripnet\",\"isPartOf\":{\"@id\":\"http:\/\/www.tripnet.es\/en\/#website\"},\"datePublished\":\"2021-04-27T12:44:32+00:00\",\"dateModified\":\"2022-04-18T11:38:04+00:00\",\"description\":\"Les boyaux naturels proviennent d'intestins d'animaux \u00e9lev\u00e9s et contr\u00f4l\u00e9s dans des \u00e9levages agr\u00e9\u00e9s CEE.\",\"breadcrumb\":{\"@id\":\"http:\/\/www.tripnet.es\/fr\/produits\/#breadcrumb\"},\"inLanguage\":\"fr-FR\",\"potentialAction\":[{\"@type\":\"ReadAction\",\"target\":[\"http:\/\/www.tripnet.es\/fr\/produits\/\"]}]},{\"@type\":\"BreadcrumbList\",\"@id\":\"http:\/\/www.tripnet.es\/fr\/produits\/#breadcrumb\",\"itemListElement\":[{\"@type\":\"ListItem\",\"position\":1,\"name\":\"Inici\",\"item\":\"http:\/\/www.tripnet.es\/fr\/\"},{\"@type\":\"ListItem\",\"position\":2,\"name\":\"Produits\"}]},{\"@type\":\"WebSite\",\"@id\":\"http:\/\/www.tripnet.es\/en\/#website\",\"url\":\"http:\/\/www.tripnet.es\/en\/\",\"name\":\"Tripnet\",\"description\":\"tripes naturals per l&#039;elaboraci\u00f3 d&#039;embotits\",\"publisher\":{\"@id\":\"http:\/\/www.tripnet.es\/en\/#organization\"},\"potentialAction\":[{\"@type\":\"SearchAction\",\"target\":{\"@type\":\"EntryPoint\",\"urlTemplate\":\"http:\/\/www.tripnet.es\/en\/?s={search_term_string}\"},\"query-input\":\"required name=search_term_string\"}],\"inLanguage\":\"fr-FR\"},{\"@type\":\"Organization\",\"@id\":\"http:\/\/www.tripnet.es\/en\/#organization\",\"name\":\"Tripnet, S.L.\",\"url\":\"http:\/\/www.tripnet.es\/en\/\",\"logo\":{\"@type\":\"ImageObject\",\"inLanguage\":\"fr-FR\",\"@id\":\"http:\/\/www.tripnet.es\/en\/#\/schema\/logo\/image\/\",\"url\":\"https:\/\/i0.wp.com\/www.tripnet.es\/wp-content\/uploads\/2022\/03\/Logotip_TRIPNET_TT-002-1.png?fit=749%2C911&ssl=1\",\"contentUrl\":\"https:\/\/i0.wp.com\/www.tripnet.es\/wp-content\/uploads\/2022\/03\/Logotip_TRIPNET_TT-002-1.png?fit=749%2C911&ssl=1\",\"width\":749,\"height\":911,\"caption\":\"Tripnet, S.L.\"},\"image\":{\"@id\":\"http:\/\/www.tripnet.es\/en\/#\/schema\/logo\/image\/\"},\"sameAs\":[\"https:\/\/www.instagram.com\/_tripnet_\/\",\"https:\/\/www.linkedin.com\/company\/tntripnet\",\"https:\/\/www.facebook.com\/TNTripnet\"]}]}<\/script>\n<!-- \/ Yoast SEO plugin. -->","yoast_head_json":{"title":"Produits - Tripnet","description":"Les boyaux naturels proviennent d'intestins d'animaux \u00e9lev\u00e9s et contr\u00f4l\u00e9s dans des \u00e9levages agr\u00e9\u00e9s CEE.","robots":{"index":"index","follow":"follow","max-snippet":"max-snippet:-1","max-image-preview":"max-image-preview:large","max-video-preview":"max-video-preview:-1"},"canonical":"http:\/\/www.tripnet.es\/fr\/produits\/","og_locale":"fr_FR","og_type":"article","og_title":"Produits - Tripnet","og_description":"Les boyaux naturels proviennent d'intestins d'animaux \u00e9lev\u00e9s et contr\u00f4l\u00e9s dans des \u00e9levages agr\u00e9\u00e9s CEE.","og_url":"http:\/\/www.tripnet.es\/fr\/produits\/","og_site_name":"Tripnet","article_publisher":"https:\/\/www.facebook.com\/TNTripnet","article_modified_time":"2022-04-18T11:38:04+00:00","twitter_card":"summary_large_image","twitter_misc":{"Dur\u00e9e de lecture estim\u00e9e":"3 minutes"},"schema":{"@context":"https:\/\/schema.org","@graph":[{"@type":"WebPage","@id":"http:\/\/www.tripnet.es\/fr\/produits\/","url":"http:\/\/www.tripnet.es\/fr\/produits\/","name":"Produits - Tripnet","isPartOf":{"@id":"http:\/\/www.tripnet.es\/en\/#website"},"datePublished":"2021-04-27T12:44:32+00:00","dateModified":"2022-04-18T11:38:04+00:00","description":"Les boyaux naturels proviennent d'intestins d'animaux \u00e9lev\u00e9s et contr\u00f4l\u00e9s dans des \u00e9levages agr\u00e9\u00e9s CEE.","breadcrumb":{"@id":"http:\/\/www.tripnet.es\/fr\/produits\/#breadcrumb"},"inLanguage":"fr-FR","potentialAction":[{"@type":"ReadAction","target":["http:\/\/www.tripnet.es\/fr\/produits\/"]}]},{"@type":"BreadcrumbList","@id":"http:\/\/www.tripnet.es\/fr\/produits\/#breadcrumb","itemListElement":[{"@type":"ListItem","position":1,"name":"Inici","item":"http:\/\/www.tripnet.es\/fr\/"},{"@type":"ListItem","position":2,"name":"Produits"}]},{"@type":"WebSite","@id":"http:\/\/www.tripnet.es\/en\/#website","url":"http:\/\/www.tripnet.es\/en\/","name":"Tripnet","description":"tripes naturals per l&#039;elaboraci\u00f3 d&#039;embotits","publisher":{"@id":"http:\/\/www.tripnet.es\/en\/#organization"},"potentialAction":[{"@type":"SearchAction","target":{"@type":"EntryPoint","urlTemplate":"http:\/\/www.tripnet.es\/en\/?s={search_term_string}"},"query-input":"required name=search_term_string"}],"inLanguage":"fr-FR"},{"@type":"Organization","@id":"http:\/\/www.tripnet.es\/en\/#organization","name":"Tripnet, S.L.","url":"http:\/\/www.tripnet.es\/en\/","logo":{"@type":"ImageObject","inLanguage":"fr-FR","@id":"http:\/\/www.tripnet.es\/en\/#\/schema\/logo\/image\/","url":"https:\/\/i0.wp.com\/www.tripnet.es\/wp-content\/uploads\/2022\/03\/Logotip_TRIPNET_TT-002-1.png?fit=749%2C911&ssl=1","contentUrl":"https:\/\/i0.wp.com\/www.tripnet.es\/wp-content\/uploads\/2022\/03\/Logotip_TRIPNET_TT-002-1.png?fit=749%2C911&ssl=1","width":749,"height":911,"caption":"Tripnet, S.L."},"image":{"@id":"http:\/\/www.tripnet.es\/en\/#\/schema\/logo\/image\/"},"sameAs":["https:\/\/www.instagram.com\/_tripnet_\/","https:\/\/www.linkedin.com\/company\/tntripnet","https:\/\/www.facebook.com\/TNTripnet"]}]}},"_links":{"self":[{"href":"http:\/\/www.tripnet.es\/fr\/wp-json\/wp\/v2\/pages\/607","targetHints":{"allow":["GET"]}}],"collection":[{"href":"http:\/\/www.tripnet.es\/fr\/wp-json\/wp\/v2\/pages"}],"about":[{"href":"http:\/\/www.tripnet.es\/fr\/wp-json\/wp\/v2\/types\/page"}],"author":[{"embeddable":true,"href":"http:\/\/www.tripnet.es\/fr\/wp-json\/wp\/v2\/users\/1"}],"replies":[{"embeddable":true,"href":"http:\/\/www.tripnet.es\/fr\/wp-json\/wp\/v2\/comments?post=607"}],"version-history":[{"count":9,"href":"http:\/\/www.tripnet.es\/fr\/wp-json\/wp\/v2\/pages\/607\/revisions"}],"predecessor-version":[{"id":720,"href":"http:\/\/www.tripnet.es\/fr\/wp-json\/wp\/v2\/pages\/607\/revisions\/720"}],"wp:attachment":[{"href":"http:\/\/www.tripnet.es\/fr\/wp-json\/wp\/v2\/media?parent=607"}],"curies":[{"name":"wp","href":"https:\/\/api.w.org\/{rel}","templated":true}]}}