{"id":617,"date":"2021-04-27T14:48:35","date_gmt":"2021-04-27T12:48:35","guid":{"rendered":"http:\/\/tripnet.es\/tripnet\/"},"modified":"2021-04-30T09:03:30","modified_gmt":"2021-04-30T07:03:30","slug":"tripnet","status":"publish","type":"page","link":"http:\/\/www.tripnet.es\/fr\/tripnet\/","title":{"rendered":"Tripnet"},"content":{"rendered":"<p>[vc_row css_animation=\u00a0\u00bb\u00a0\u00bb row_type=\u00a0\u00bbrow\u00a0\u00bb use_row_as_full_screen_section=\u00a0\u00bbno\u00a0\u00bb type=\u00a0\u00bbfull_width\u00a0\u00bb angled_section=\u00a0\u00bbno\u00a0\u00bb text_align=\u00a0\u00bbleft\u00a0\u00bb background_image_as_pattern=\u00a0\u00bbwithout_pattern\u00a0\u00bb][vc_column width=\u00a0\u00bb1\/3&Prime;][vc_single_image image=\u00a0\u00bb307&Prime; img_size=\u00a0\u00bbfull\u00a0\u00bb qode_css_animation=\u00a0\u00bb\u00a0\u00bb][\/vc_column][vc_column width=\u00a0\u00bb1\/3&Prime; css=\u00a0\u00bb.vc_custom_1617087786265{padding-left: 40px !important;}\u00a0\u00bb][vc_column_text]<\/p>\n<h1><strong>Tripnet<\/strong><\/h1>\n<p>[\/vc_column_text][vc_single_image image=\u00a0\u00bb618&Prime; img_size=\u00a0\u00bb147&#215;21&Prime; qode_css_animation=\u00a0\u00bb\u00a0\u00bb][vc_empty_space][vc_column_text]<strong>A Tripnet som especialistes en tripes naturals de porc, vaca i xai.<\/strong><\/p>\n<p><strong>Lavage, grattage et calibrage des intestins de porc en vue de la commercialisation sur les march\u00e9s national et international.<\/strong>[\/vc_column_text][vc_empty_space height=\u00a0\u00bb45px\u00a0\u00bb][vc_column_text]<\/p>\n<h2><img loading=\"lazy\" decoding=\"async\" class=\"size-full wp-image-622 alignnone\" src=\"https:\/\/i0.wp.com\/www.tripnet.es\/wp-content\/uploads\/2021\/03\/icones-TRIPNET-08.png?resize=48%2C48\" alt=\"\" width=\"48\" height=\"48\" data-recalc-dims=\"1\" \/> <span style=\"color: #6d1d18;\">Histoire<\/span><\/h2>\n<p>Tripnet, SL fait partie du groupe Agroc\u00e0rnic qui, n\u00e9 en 1963, jouit d\u2019une grande exp\u00e9rience et englobe un holding d\u2019entreprises du secteur de la viande de porc, de l\u2019\u00e9levage \u00e0 la commercialisation de tous leurs produits et d\u00e9riv\u00e9s.<\/p>\n<p>&nbsp;<\/p>\n<h2><img loading=\"lazy\" decoding=\"async\" class=\"alignnone size-medium wp-image-621\" src=\"https:\/\/i0.wp.com\/www.tripnet.es\/wp-content\/uploads\/2021\/03\/icones-TRIPNET-09.png?resize=48%2C48\" alt=\"\" width=\"48\" height=\"48\" data-recalc-dims=\"1\" \/> <span style=\"color: #6d1d18;\">Mission<\/span><\/h2>\n<p>Offrir un produit de qualit\u00e9, r\u00e9gulier et comp\u00e9titif, de sorte \u00e0 donner enti\u00e8re satisfaction \u00e0 nos clients.<\/p>\n<p>&nbsp;<\/p>\n<h2><img loading=\"lazy\" decoding=\"async\" class=\"alignnone size-medium wp-image-620\" src=\"https:\/\/i0.wp.com\/www.tripnet.es\/wp-content\/uploads\/2021\/03\/icones-TRIPNET-10.png?resize=49%2C48\" alt=\"\" width=\"49\" height=\"48\" data-recalc-dims=\"1\" \/> <span style=\"color: #6d1d18;\">Vision<\/span><\/h2>\n<p>Consolider notre place sur le march\u00e9 par un produit dont la qualit\u00e9 et la comp\u00e9titivit\u00e9 font r\u00e9f\u00e9rence, pour amplifier notre catalogue et pouvoir offrir ainsi une large vari\u00e9t\u00e9 avec des syst\u00e8mes d\u2019emballages pour charcuteries.<\/p>\n<p>Elle se caract\u00e9rise par la ma\u00eetrise de la cha\u00eene de production\u00a0: du sacrifice, en passant par le lavage, le grattage et jusqu&rsquo;au calibrage final, ce qui permet de contr\u00f4ler enti\u00e8rement la qualit\u00e9 et la tra\u00e7abilit\u00e9.<\/p>\n<p>&nbsp;<\/p>\n<h2><img loading=\"lazy\" decoding=\"async\" class=\"alignnone size-medium wp-image-619\" src=\"https:\/\/i0.wp.com\/www.tripnet.es\/wp-content\/uploads\/2021\/03\/icones-TRIPNET-11.png?resize=48%2C48\" alt=\"\" width=\"48\" height=\"48\" data-recalc-dims=\"1\" \/> <span style=\"color: #6d1d18;\">Valeurs<\/span><\/h2>\n<p>Par un travail en \u00e9quipe, am\u00e9liorer de jour en jour les processus de production, de protection environnementale et les ressources humaines.[\/vc_column_text][\/vc_column][vc_column width=\u00a0\u00bb1\/3&Prime;][\/vc_column][\/vc_row][vc_row css_animation=\u00a0\u00bb\u00a0\u00bb row_type=\u00a0\u00bbrow\u00a0\u00bb use_row_as_full_screen_section=\u00a0\u00bbno\u00a0\u00bb type=\u00a0\u00bbfull_width\u00a0\u00bb angled_section=\u00a0\u00bbno\u00a0\u00bb text_align=\u00a0\u00bbleft\u00a0\u00bb background_image_as_pattern=\u00a0\u00bbwithout_pattern\u00a0\u00bb][vc_column width=\u00a0\u00bb1\/4&Prime;][\/vc_column][vc_column width=\u00a0\u00bb1\/2&Prime;][vc_empty_space height=\u00a0\u00bb50px\u00a0\u00bb][\/vc_column][vc_column width=\u00a0\u00bb1\/4&Prime;][\/vc_column][\/vc_row]<\/p>\n","protected":false},"excerpt":{"rendered":"<p>[vc_row css_animation=\u00a0\u00bb\u00a0\u00bb row_type=\u00a0\u00bbrow\u00a0\u00bb use_row_as_full_screen_section=\u00a0\u00bbno\u00a0\u00bb type=\u00a0\u00bbfull_width\u00a0\u00bb angled_section=\u00a0\u00bbno\u00a0\u00bb text_align=\u00a0\u00bbleft\u00a0\u00bb background_image_as_pattern=\u00a0\u00bbwithout_pattern\u00a0\u00bb][vc_column width=\u00a0\u00bb1\/3&Prime;][vc_single_image image=\u00a0\u00bb307&Prime; img_size=\u00a0\u00bbfull\u00a0\u00bb qode_css_animation=\u00a0\u00bb\u00a0\u00bb][\/vc_column][vc_column width=\u00a0\u00bb1\/3&Prime; css=\u00a0\u00bb.vc_custom_1617087786265{padding-left: 40px !important;}\u00a0\u00bb][vc_column_text] Tripnet [\/vc_column_text][vc_single_image image=\u00a0\u00bb618&Prime; img_size=\u00a0\u00bb147&#215;21&Prime; qode_css_animation=\u00a0\u00bb\u00a0\u00bb][vc_empty_space][vc_column_text]A Tripnet som especialistes en tripes naturals de porc, vaca i xai. Lavage, grattage et calibrage des intestins de porc en vue de la commercialisation&#8230;<\/p>\n","protected":false},"author":1,"featured_media":1165,"parent":0,"menu_order":0,"comment_status":"closed","ping_status":"closed","template":"full_width.php","meta":{"footnotes":""},"class_list":["post-617","page","type-page","status-publish","has-post-thumbnail","hentry"],"yoast_head":"<!-- This site is optimized with the Yoast SEO plugin v19.10 - https:\/\/yoast.com\/wordpress\/plugins\/seo\/ -->\n<title>Tripnet - Tripnet<\/title>\n<meta name=\"robots\" content=\"index, follow, max-snippet:-1, max-image-preview:large, max-video-preview:-1\" \/>\n<link rel=\"canonical\" href=\"http:\/\/www.tripnet.es\/fr\/tripnet\/\" \/>\n<meta property=\"og:locale\" content=\"fr_FR\" \/>\n<meta property=\"og:type\" content=\"article\" \/>\n<meta property=\"og:title\" content=\"Tripnet - Tripnet\" \/>\n<meta property=\"og:description\" content=\"[vc_row css_animation=\u00a0\u00bb\u00a0\u00bb row_type=\u00a0\u00bbrow\u00a0\u00bb use_row_as_full_screen_section=\u00a0\u00bbno\u00a0\u00bb type=\u00a0\u00bbfull_width\u00a0\u00bb angled_section=\u00a0\u00bbno\u00a0\u00bb text_align=\u00a0\u00bbleft\u00a0\u00bb background_image_as_pattern=\u00a0\u00bbwithout_pattern\u00a0\u00bb][vc_column width=\u00a0\u00bb1\/3&Prime;][vc_single_image image=\u00a0\u00bb307&Prime; img_size=\u00a0\u00bbfull\u00a0\u00bb qode_css_animation=\u00a0\u00bb\u00a0\u00bb][\/vc_column][vc_column width=\u00a0\u00bb1\/3&Prime; css=\u00a0\u00bb.vc_custom_1617087786265{padding-left: 40px !important;}\u00a0\u00bb][vc_column_text] Tripnet [\/vc_column_text][vc_single_image image=\u00a0\u00bb618&Prime; img_size=\u00a0\u00bb147&#215;21&Prime; qode_css_animation=\u00a0\u00bb\u00a0\u00bb][vc_empty_space][vc_column_text]A Tripnet som especialistes en tripes naturals de porc, vaca i xai. Lavage, grattage et calibrage des intestins de porc en vue de la commercialisation...\" \/>\n<meta property=\"og:url\" content=\"http:\/\/www.tripnet.es\/fr\/tripnet\/\" \/>\n<meta property=\"og:site_name\" content=\"Tripnet\" \/>\n<meta property=\"article:publisher\" content=\"https:\/\/www.facebook.com\/TNTripnet\" \/>\n<meta property=\"article:modified_time\" content=\"2021-04-30T07:03:30+00:00\" \/>\n<meta property=\"og:image\" content=\"https:\/\/i0.wp.com\/www.tripnet.es\/wp-content\/uploads\/2022\/03\/Nou-Logotip-TN-png-1.png?fit=635%2C609\" \/>\n\t<meta property=\"og:image:width\" content=\"635\" \/>\n\t<meta property=\"og:image:height\" content=\"609\" \/>\n\t<meta property=\"og:image:type\" content=\"image\/png\" \/>\n<meta name=\"twitter:card\" content=\"summary_large_image\" \/>\n<meta name=\"twitter:label1\" content=\"Dur\u00e9e de lecture estim\u00e9e\" \/>\n\t<meta name=\"twitter:data1\" content=\"2 minutes\" \/>\n<script type=\"application\/ld+json\" class=\"yoast-schema-graph\">{\"@context\":\"https:\/\/schema.org\",\"@graph\":[{\"@type\":\"WebPage\",\"@id\":\"http:\/\/www.tripnet.es\/fr\/tripnet\/\",\"url\":\"http:\/\/www.tripnet.es\/fr\/tripnet\/\",\"name\":\"Tripnet - Tripnet\",\"isPartOf\":{\"@id\":\"http:\/\/www.tripnet.es\/en\/#website\"},\"datePublished\":\"2021-04-27T12:48:35+00:00\",\"dateModified\":\"2021-04-30T07:03:30+00:00\",\"breadcrumb\":{\"@id\":\"http:\/\/www.tripnet.es\/fr\/tripnet\/#breadcrumb\"},\"inLanguage\":\"fr-FR\",\"potentialAction\":[{\"@type\":\"ReadAction\",\"target\":[\"http:\/\/www.tripnet.es\/fr\/tripnet\/\"]}]},{\"@type\":\"BreadcrumbList\",\"@id\":\"http:\/\/www.tripnet.es\/fr\/tripnet\/#breadcrumb\",\"itemListElement\":[{\"@type\":\"ListItem\",\"position\":1,\"name\":\"Inici\",\"item\":\"http:\/\/www.tripnet.es\/fr\/\"},{\"@type\":\"ListItem\",\"position\":2,\"name\":\"Tripnet\"}]},{\"@type\":\"WebSite\",\"@id\":\"http:\/\/www.tripnet.es\/en\/#website\",\"url\":\"http:\/\/www.tripnet.es\/en\/\",\"name\":\"Tripnet\",\"description\":\"tripes naturals per l&#039;elaboraci\u00f3 d&#039;embotits\",\"publisher\":{\"@id\":\"http:\/\/www.tripnet.es\/en\/#organization\"},\"potentialAction\":[{\"@type\":\"SearchAction\",\"target\":{\"@type\":\"EntryPoint\",\"urlTemplate\":\"http:\/\/www.tripnet.es\/en\/?s={search_term_string}\"},\"query-input\":\"required name=search_term_string\"}],\"inLanguage\":\"fr-FR\"},{\"@type\":\"Organization\",\"@id\":\"http:\/\/www.tripnet.es\/en\/#organization\",\"name\":\"Tripnet, S.L.\",\"url\":\"http:\/\/www.tripnet.es\/en\/\",\"logo\":{\"@type\":\"ImageObject\",\"inLanguage\":\"fr-FR\",\"@id\":\"http:\/\/www.tripnet.es\/en\/#\/schema\/logo\/image\/\",\"url\":\"https:\/\/i0.wp.com\/www.tripnet.es\/wp-content\/uploads\/2022\/03\/Logotip_TRIPNET_TT-002-1.png?fit=749%2C911&ssl=1\",\"contentUrl\":\"https:\/\/i0.wp.com\/www.tripnet.es\/wp-content\/uploads\/2022\/03\/Logotip_TRIPNET_TT-002-1.png?fit=749%2C911&ssl=1\",\"width\":749,\"height\":911,\"caption\":\"Tripnet, S.L.\"},\"image\":{\"@id\":\"http:\/\/www.tripnet.es\/en\/#\/schema\/logo\/image\/\"},\"sameAs\":[\"https:\/\/www.instagram.com\/_tripnet_\/\",\"https:\/\/www.linkedin.com\/company\/tntripnet\",\"https:\/\/www.facebook.com\/TNTripnet\"]}]}<\/script>\n<!-- \/ Yoast SEO plugin. -->","yoast_head_json":{"title":"Tripnet - Tripnet","robots":{"index":"index","follow":"follow","max-snippet":"max-snippet:-1","max-image-preview":"max-image-preview:large","max-video-preview":"max-video-preview:-1"},"canonical":"http:\/\/www.tripnet.es\/fr\/tripnet\/","og_locale":"fr_FR","og_type":"article","og_title":"Tripnet - Tripnet","og_description":"[vc_row css_animation=\u00a0\u00bb\u00a0\u00bb row_type=\u00a0\u00bbrow\u00a0\u00bb use_row_as_full_screen_section=\u00a0\u00bbno\u00a0\u00bb type=\u00a0\u00bbfull_width\u00a0\u00bb angled_section=\u00a0\u00bbno\u00a0\u00bb text_align=\u00a0\u00bbleft\u00a0\u00bb background_image_as_pattern=\u00a0\u00bbwithout_pattern\u00a0\u00bb][vc_column width=\u00a0\u00bb1\/3&Prime;][vc_single_image image=\u00a0\u00bb307&Prime; img_size=\u00a0\u00bbfull\u00a0\u00bb qode_css_animation=\u00a0\u00bb\u00a0\u00bb][\/vc_column][vc_column width=\u00a0\u00bb1\/3&Prime; css=\u00a0\u00bb.vc_custom_1617087786265{padding-left: 40px !important;}\u00a0\u00bb][vc_column_text] Tripnet [\/vc_column_text][vc_single_image image=\u00a0\u00bb618&Prime; img_size=\u00a0\u00bb147&#215;21&Prime; qode_css_animation=\u00a0\u00bb\u00a0\u00bb][vc_empty_space][vc_column_text]A Tripnet som especialistes en tripes naturals de porc, vaca i xai. Lavage, grattage et calibrage des intestins de porc en vue de la commercialisation...","og_url":"http:\/\/www.tripnet.es\/fr\/tripnet\/","og_site_name":"Tripnet","article_publisher":"https:\/\/www.facebook.com\/TNTripnet","article_modified_time":"2021-04-30T07:03:30+00:00","og_image":[{"width":635,"height":609,"url":"https:\/\/i0.wp.com\/www.tripnet.es\/wp-content\/uploads\/2022\/03\/Nou-Logotip-TN-png-1.png?fit=635%2C609","type":"image\/png"}],"twitter_card":"summary_large_image","twitter_misc":{"Dur\u00e9e de lecture estim\u00e9e":"2 minutes"},"schema":{"@context":"https:\/\/schema.org","@graph":[{"@type":"WebPage","@id":"http:\/\/www.tripnet.es\/fr\/tripnet\/","url":"http:\/\/www.tripnet.es\/fr\/tripnet\/","name":"Tripnet - Tripnet","isPartOf":{"@id":"http:\/\/www.tripnet.es\/en\/#website"},"datePublished":"2021-04-27T12:48:35+00:00","dateModified":"2021-04-30T07:03:30+00:00","breadcrumb":{"@id":"http:\/\/www.tripnet.es\/fr\/tripnet\/#breadcrumb"},"inLanguage":"fr-FR","potentialAction":[{"@type":"ReadAction","target":["http:\/\/www.tripnet.es\/fr\/tripnet\/"]}]},{"@type":"BreadcrumbList","@id":"http:\/\/www.tripnet.es\/fr\/tripnet\/#breadcrumb","itemListElement":[{"@type":"ListItem","position":1,"name":"Inici","item":"http:\/\/www.tripnet.es\/fr\/"},{"@type":"ListItem","position":2,"name":"Tripnet"}]},{"@type":"WebSite","@id":"http:\/\/www.tripnet.es\/en\/#website","url":"http:\/\/www.tripnet.es\/en\/","name":"Tripnet","description":"tripes naturals per l&#039;elaboraci\u00f3 d&#039;embotits","publisher":{"@id":"http:\/\/www.tripnet.es\/en\/#organization"},"potentialAction":[{"@type":"SearchAction","target":{"@type":"EntryPoint","urlTemplate":"http:\/\/www.tripnet.es\/en\/?s={search_term_string}"},"query-input":"required name=search_term_string"}],"inLanguage":"fr-FR"},{"@type":"Organization","@id":"http:\/\/www.tripnet.es\/en\/#organization","name":"Tripnet, S.L.","url":"http:\/\/www.tripnet.es\/en\/","logo":{"@type":"ImageObject","inLanguage":"fr-FR","@id":"http:\/\/www.tripnet.es\/en\/#\/schema\/logo\/image\/","url":"https:\/\/i0.wp.com\/www.tripnet.es\/wp-content\/uploads\/2022\/03\/Logotip_TRIPNET_TT-002-1.png?fit=749%2C911&ssl=1","contentUrl":"https:\/\/i0.wp.com\/www.tripnet.es\/wp-content\/uploads\/2022\/03\/Logotip_TRIPNET_TT-002-1.png?fit=749%2C911&ssl=1","width":749,"height":911,"caption":"Tripnet, S.L."},"image":{"@id":"http:\/\/www.tripnet.es\/en\/#\/schema\/logo\/image\/"},"sameAs":["https:\/\/www.instagram.com\/_tripnet_\/","https:\/\/www.linkedin.com\/company\/tntripnet","https:\/\/www.facebook.com\/TNTripnet"]}]}},"_links":{"self":[{"href":"http:\/\/www.tripnet.es\/fr\/wp-json\/wp\/v2\/pages\/617","targetHints":{"allow":["GET"]}}],"collection":[{"href":"http:\/\/www.tripnet.es\/fr\/wp-json\/wp\/v2\/pages"}],"about":[{"href":"http:\/\/www.tripnet.es\/fr\/wp-json\/wp\/v2\/types\/page"}],"author":[{"embeddable":true,"href":"http:\/\/www.tripnet.es\/fr\/wp-json\/wp\/v2\/users\/1"}],"replies":[{"embeddable":true,"href":"http:\/\/www.tripnet.es\/fr\/wp-json\/wp\/v2\/comments?post=617"}],"version-history":[{"count":6,"href":"http:\/\/www.tripnet.es\/fr\/wp-json\/wp\/v2\/pages\/617\/revisions"}],"predecessor-version":[{"id":707,"href":"http:\/\/www.tripnet.es\/fr\/wp-json\/wp\/v2\/pages\/617\/revisions\/707"}],"wp:featuredmedia":[{"embeddable":true,"href":"http:\/\/www.tripnet.es\/fr\/wp-json\/wp\/v2\/media\/1165"}],"wp:attachment":[{"href":"http:\/\/www.tripnet.es\/fr\/wp-json\/wp\/v2\/media?parent=617"}],"curies":[{"name":"wp","href":"https:\/\/api.w.org\/{rel}","templated":true}]}}