{"id":634,"date":"2021-03-22T10:35:03","date_gmt":"2021-03-22T09:35:03","guid":{"rendered":"http:\/\/tripnet.es\/?page_id=634"},"modified":"2022-04-18T13:40:14","modified_gmt":"2022-04-18T11:40:14","slug":"visceres","status":"publish","type":"page","link":"http:\/\/www.tripnet.es\/fr\/visceres\/","title":{"rendered":"V\u00edsceres"},"content":{"rendered":"<p>[vc_row css_animation=\u00a0\u00bb\u00a0\u00bb row_type=\u00a0\u00bbrow\u00a0\u00bb use_row_as_full_screen_section=\u00a0\u00bbno\u00a0\u00bb type=\u00a0\u00bbfull_width\u00a0\u00bb angled_section=\u00a0\u00bbno\u00a0\u00bb text_align=\u00a0\u00bbleft\u00a0\u00bb background_image_as_pattern=\u00a0\u00bbwithout_pattern\u00a0\u00bb][vc_column width=\u00a0\u00bb3\/4&Prime;]<div class=\"woocommerce columns-3 \"><ul class=\"products\">\n\t<li class=\"product type-product post-429 status-publish first instock product_cat-visceres-de-porc-fr has-post-thumbnail shipping-taxable product-type-simple\">\n\t\t\n    <div class=\"top-product-section\">\n\n        <a itemprop=\"url\" href=\"http:\/\/www.tripnet.es\/fr\/producte\/uter\/\" class=\"product-category\">\n            <span class=\"image-wrapper\">\n                        <\/span>\n        <\/a>\n\n\t\t<span class=\"add-to-cart-button-outer\"><span class=\"add-to-cart-button-inner\"><a href=\"http:\/\/www.tripnet.es\/fr\/producte\/uter\/\" data-quantity=\"1\" class=\"button wp-element-button product_type_simple qbutton add-to-cart-button\" data-product_id=\"429\" data-product_sku=\"\" aria-label=\"Read more about &ldquo;\u00dater&rdquo;\" rel=\"nofollow\">Read more<\/a><\/span><\/span>\n    <\/div>\n        <a itemprop=\"url\" href=\"http:\/\/www.tripnet.es\/fr\/producte\/uter\/\" class=\"product-category product-info\">\n        <h6 itemprop=\"name\">\u00dater<\/h6>\n\n                    <div class=\"separator after-title-spearator small center\"><\/div>\n        \n        \n    <\/a>\n\n    \n<\/li>\n\t<li class=\"product type-product post-432 status-publish instock has-post-thumbnail shipping-taxable product-type-simple\">\n\t\t\n    <div class=\"top-product-section\">\n\n        <a itemprop=\"url\" href=\"http:\/\/www.tripnet.es\/fr\/producte\/recte-escaldat\/\" class=\"product-category\">\n            <span class=\"image-wrapper\">\n                        <\/span>\n        <\/a>\n\n\t\t<span class=\"add-to-cart-button-outer\"><span class=\"add-to-cart-button-inner\"><a href=\"http:\/\/www.tripnet.es\/fr\/producte\/recte-escaldat\/\" data-quantity=\"1\" class=\"button wp-element-button product_type_simple qbutton add-to-cart-button\" data-product_id=\"432\" data-product_sku=\"\" aria-label=\"Read more about &ldquo;Recte escaldat&rdquo;\" rel=\"nofollow\">Read more<\/a><\/span><\/span>\n    <\/div>\n        <a itemprop=\"url\" href=\"http:\/\/www.tripnet.es\/fr\/producte\/recte-escaldat\/\" class=\"product-category product-info\">\n        <h6 itemprop=\"name\">Recte escaldat<\/h6>\n\n                    <div class=\"separator after-title-spearator small center\"><\/div>\n        \n        \n    <\/a>\n\n    \n<\/li>\n\t<li class=\"product type-product post-435 status-publish last instock has-post-thumbnail shipping-taxable product-type-simple\">\n\t\t\n    <div class=\"top-product-section\">\n\n        <a itemprop=\"url\" href=\"http:\/\/www.tripnet.es\/fr\/producte\/recte\/\" class=\"product-category\">\n            <span class=\"image-wrapper\">\n                        <\/span>\n        <\/a>\n\n\t\t<span class=\"add-to-cart-button-outer\"><span class=\"add-to-cart-button-inner\"><a href=\"http:\/\/www.tripnet.es\/fr\/producte\/recte\/\" data-quantity=\"1\" class=\"button wp-element-button product_type_simple qbutton add-to-cart-button\" data-product_id=\"435\" data-product_sku=\"\" aria-label=\"Read more about &ldquo;Recte&rdquo;\" rel=\"nofollow\">Read more<\/a><\/span><\/span>\n    <\/div>\n        <a itemprop=\"url\" href=\"http:\/\/www.tripnet.es\/fr\/producte\/recte\/\" class=\"product-category product-info\">\n        <h6 itemprop=\"name\">Recte<\/h6>\n\n                    <div class=\"separator after-title-spearator small center\"><\/div>\n        \n        \n    <\/a>\n\n    \n<\/li>\n\t<li class=\"product type-product post-418 status-publish first instock has-post-thumbnail shipping-taxable product-type-simple\">\n\t\t\n    <div class=\"top-product-section\">\n\n        <a itemprop=\"url\" href=\"http:\/\/www.tripnet.es\/fr\/producte\/mantellina\/\" class=\"product-category\">\n            <span class=\"image-wrapper\">\n                        <\/span>\n        <\/a>\n\n\t\t<span class=\"add-to-cart-button-outer\"><span class=\"add-to-cart-button-inner\"><a href=\"http:\/\/www.tripnet.es\/fr\/producte\/mantellina\/\" data-quantity=\"1\" class=\"button wp-element-button product_type_simple qbutton add-to-cart-button\" data-product_id=\"418\" data-product_sku=\"\" aria-label=\"Read more about &ldquo;Mantellina&rdquo;\" rel=\"nofollow\">Read more<\/a><\/span><\/span>\n    <\/div>\n        <a itemprop=\"url\" href=\"http:\/\/www.tripnet.es\/fr\/producte\/mantellina\/\" class=\"product-category product-info\">\n        <h6 itemprop=\"name\">Mantellina<\/h6>\n\n                    <div class=\"separator after-title-spearator small center\"><\/div>\n        \n        \n    <\/a>\n\n    \n<\/li>\n\t<li class=\"product type-product post-450 status-publish instock has-post-thumbnail shipping-taxable product-type-simple\">\n\t\t\n    <div class=\"top-product-section\">\n\n        <a itemprop=\"url\" href=\"http:\/\/www.tripnet.es\/fr\/producte\/intesti-prim-escaldat\/\" class=\"product-category\">\n            <span class=\"image-wrapper\">\n                        <\/span>\n        <\/a>\n\n\t\t<span class=\"add-to-cart-button-outer\"><span class=\"add-to-cart-button-inner\"><a href=\"http:\/\/www.tripnet.es\/fr\/producte\/intesti-prim-escaldat\/\" data-quantity=\"1\" class=\"button wp-element-button product_type_simple qbutton add-to-cart-button\" data-product_id=\"450\" data-product_sku=\"\" aria-label=\"Read more about &ldquo;Intest\u00ed prim escaldat&rdquo;\" rel=\"nofollow\">Read more<\/a><\/span><\/span>\n    <\/div>\n        <a itemprop=\"url\" href=\"http:\/\/www.tripnet.es\/fr\/producte\/intesti-prim-escaldat\/\" class=\"product-category product-info\">\n        <h6 itemprop=\"name\">Intest\u00ed prim escaldat<\/h6>\n\n                    <div class=\"separator after-title-spearator small center\"><\/div>\n        \n        \n    <\/a>\n\n    \n<\/li>\n\t<li class=\"product type-product post-453 status-publish last instock has-post-thumbnail shipping-taxable product-type-simple\">\n\t\t\n    <div class=\"top-product-section\">\n\n        <a itemprop=\"url\" href=\"http:\/\/www.tripnet.es\/fr\/producte\/intesti-prim\/\" class=\"product-category\">\n            <span class=\"image-wrapper\">\n                        <\/span>\n        <\/a>\n\n\t\t<span class=\"add-to-cart-button-outer\"><span class=\"add-to-cart-button-inner\"><a href=\"http:\/\/www.tripnet.es\/fr\/producte\/intesti-prim\/\" data-quantity=\"1\" class=\"button wp-element-button product_type_simple qbutton add-to-cart-button\" data-product_id=\"453\" data-product_sku=\"\" aria-label=\"Read more about &ldquo;Intest\u00ed prim&rdquo;\" rel=\"nofollow\">Read more<\/a><\/span><\/span>\n    <\/div>\n        <a itemprop=\"url\" href=\"http:\/\/www.tripnet.es\/fr\/producte\/intesti-prim\/\" class=\"product-category product-info\">\n        <h6 itemprop=\"name\">Intest\u00ed prim<\/h6>\n\n                    <div class=\"separator after-title-spearator small center\"><\/div>\n        \n        \n    <\/a>\n\n    \n<\/li>\n\t<li class=\"product type-product post-441 status-publish first instock product_cat-visceres-fr has-post-thumbnail shipping-taxable product-type-simple\">\n\t\t\n    <div class=\"top-product-section\">\n\n        <a itemprop=\"url\" href=\"http:\/\/www.tripnet.es\/fr\/producte\/intesti-gros-escaldat\/\" class=\"product-category\">\n            <span class=\"image-wrapper\">\n                        <\/span>\n        <\/a>\n\n\t\t<span class=\"add-to-cart-button-outer\"><span class=\"add-to-cart-button-inner\"><a href=\"http:\/\/www.tripnet.es\/fr\/producte\/intesti-gros-escaldat\/\" data-quantity=\"1\" class=\"button wp-element-button product_type_simple qbutton add-to-cart-button\" data-product_id=\"441\" data-product_sku=\"\" aria-label=\"Read more about &ldquo;Intest\u00ed gros escaldat&rdquo;\" rel=\"nofollow\">Read more<\/a><\/span><\/span>\n    <\/div>\n        <a itemprop=\"url\" href=\"http:\/\/www.tripnet.es\/fr\/producte\/intesti-gros-escaldat\/\" class=\"product-category product-info\">\n        <h6 itemprop=\"name\">Intest\u00ed gros escaldat<\/h6>\n\n                    <div class=\"separator after-title-spearator small center\"><\/div>\n        \n        \n    <\/a>\n\n    \n<\/li>\n\t<li class=\"product type-product post-444 status-publish instock product_cat-visceres-fr has-post-thumbnail shipping-taxable product-type-simple\">\n\t\t\n    <div class=\"top-product-section\">\n\n        <a itemprop=\"url\" href=\"http:\/\/www.tripnet.es\/fr\/producte\/intesti-gros\/\" class=\"product-category\">\n            <span class=\"image-wrapper\">\n                        <\/span>\n        <\/a>\n\n\t\t<span class=\"add-to-cart-button-outer\"><span class=\"add-to-cart-button-inner\"><a href=\"http:\/\/www.tripnet.es\/fr\/producte\/intesti-gros\/\" data-quantity=\"1\" class=\"button wp-element-button product_type_simple qbutton add-to-cart-button\" data-product_id=\"444\" data-product_sku=\"\" aria-label=\"Read more about &ldquo;Intest\u00ed gros&rdquo;\" rel=\"nofollow\">Read more<\/a><\/span><\/span>\n    <\/div>\n        <a itemprop=\"url\" href=\"http:\/\/www.tripnet.es\/fr\/producte\/intesti-gros\/\" class=\"product-category product-info\">\n        <h6 itemprop=\"name\">Intest\u00ed gros<\/h6>\n\n                    <div class=\"separator after-title-spearator small center\"><\/div>\n        \n        \n    <\/a>\n\n    \n<\/li>\n\t<li class=\"product type-product post-447 status-publish last instock has-post-thumbnail shipping-taxable product-type-simple\">\n\t\t\n    <div class=\"top-product-section\">\n\n        <a itemprop=\"url\" href=\"http:\/\/www.tripnet.es\/fr\/producte\/grassa-mocada\/\" class=\"product-category\">\n            <span class=\"image-wrapper\">\n                        <\/span>\n        <\/a>\n\n\t\t<span class=\"add-to-cart-button-outer\"><span class=\"add-to-cart-button-inner\"><a href=\"http:\/\/www.tripnet.es\/fr\/producte\/grassa-mocada\/\" data-quantity=\"1\" class=\"button wp-element-button product_type_simple qbutton add-to-cart-button\" data-product_id=\"447\" data-product_sku=\"\" aria-label=\"Read more about &ldquo;Grassa mocada&rdquo;\" rel=\"nofollow\">Read more<\/a><\/span><\/span>\n    <\/div>\n        <a itemprop=\"url\" href=\"http:\/\/www.tripnet.es\/fr\/producte\/grassa-mocada\/\" class=\"product-category product-info\">\n        <h6 itemprop=\"name\">Grassa mocada<\/h6>\n\n                    <div class=\"separator after-title-spearator small center\"><\/div>\n        \n        \n    <\/a>\n\n    \n<\/li>\n\t<li class=\"product type-product post-423 status-publish first instock has-post-thumbnail shipping-taxable product-type-simple\">\n\t\t\n    <div class=\"top-product-section\">\n\n        <a itemprop=\"url\" href=\"http:\/\/www.tripnet.es\/fr\/producte\/estomac-escaldat\/\" class=\"product-category\">\n            <span class=\"image-wrapper\">\n                        <\/span>\n        <\/a>\n\n\t\t<span class=\"add-to-cart-button-outer\"><span class=\"add-to-cart-button-inner\"><a href=\"http:\/\/www.tripnet.es\/fr\/producte\/estomac-escaldat\/\" data-quantity=\"1\" class=\"button wp-element-button product_type_simple qbutton add-to-cart-button\" data-product_id=\"423\" data-product_sku=\"\" aria-label=\"Read more about &ldquo;Est\u00f3mac escaldat&rdquo;\" rel=\"nofollow\">Read more<\/a><\/span><\/span>\n    <\/div>\n        <a itemprop=\"url\" href=\"http:\/\/www.tripnet.es\/fr\/producte\/estomac-escaldat\/\" class=\"product-category product-info\">\n        <h6 itemprop=\"name\">Est\u00f3mac escaldat<\/h6>\n\n                    <div class=\"separator after-title-spearator small center\"><\/div>\n        \n        \n    <\/a>\n\n    \n<\/li>\n\t<li class=\"product type-product post-426 status-publish instock product_cat-visceres-de-porc-fr has-post-thumbnail shipping-taxable product-type-simple\">\n\t\t\n    <div class=\"top-product-section\">\n\n        <a itemprop=\"url\" href=\"http:\/\/www.tripnet.es\/fr\/producte\/estomac\/\" class=\"product-category\">\n            <span class=\"image-wrapper\">\n                        <\/span>\n        <\/a>\n\n\t\t<span class=\"add-to-cart-button-outer\"><span class=\"add-to-cart-button-inner\"><a href=\"http:\/\/www.tripnet.es\/fr\/producte\/estomac\/\" data-quantity=\"1\" class=\"button wp-element-button product_type_simple qbutton add-to-cart-button\" data-product_id=\"426\" data-product_sku=\"\" aria-label=\"Read more about &ldquo;Est\u00f3mac&rdquo;\" rel=\"nofollow\">Read more<\/a><\/span><\/span>\n    <\/div>\n        <a itemprop=\"url\" href=\"http:\/\/www.tripnet.es\/fr\/producte\/estomac\/\" class=\"product-category product-info\">\n        <h6 itemprop=\"name\">Est\u00f3mac<\/h6>\n\n                    <div class=\"separator after-title-spearator small center\"><\/div>\n        \n        \n    <\/a>\n\n    \n<\/li><\/ul>\n<\/div>[\/vc_column][vc_column width=\u00a0\u00bb1\/4&Prime;][vc_widget_sidebar sidebar_id=\u00a0\u00bbproductes\u00a0\u00bb el_class=\u00a0\u00bb.sidebar\u00a0\u00bb][\/vc_column][\/vc_row]<\/p>\n","protected":false},"excerpt":{"rendered":"<p>[vc_row css_animation=\u00a0\u00bb\u00a0\u00bb row_type=\u00a0\u00bbrow\u00a0\u00bb use_row_as_full_screen_section=\u00a0\u00bbno\u00a0\u00bb type=\u00a0\u00bbfull_width\u00a0\u00bb angled_section=\u00a0\u00bbno\u00a0\u00bb text_align=\u00a0\u00bbleft\u00a0\u00bb background_image_as_pattern=\u00a0\u00bbwithout_pattern\u00a0\u00bb][vc_column width=\u00a0\u00bb3\/4&Prime;][\/vc_column][vc_column width=\u00a0\u00bb1\/4&Prime;][vc_widget_sidebar sidebar_id=\u00a0\u00bbproductes\u00a0\u00bb el_class=\u00a0\u00bb.sidebar\u00a0\u00bb][\/vc_column][\/vc_row]<\/p>\n","protected":false},"author":1,"featured_media":608,"parent":0,"menu_order":0,"comment_status":"closed","ping_status":"closed","template":"","meta":{"footnotes":""},"class_list":["post-634","page","type-page","status-publish","has-post-thumbnail","hentry"],"yoast_head":"<!-- This site is optimized with the Yoast SEO plugin v19.10 - https:\/\/yoast.com\/wordpress\/plugins\/seo\/ -->\n<title>V\u00edsceres - Tripnet<\/title>\n<meta name=\"description\" content=\"Chez Tripnet, nous sommes sp\u00e9cialis\u00e9s dans les visc\u00e8res naturels de haute qualit\u00e9 : intestin gr\u00eale, mantille, estomac, vessie, gros intestin...\" \/>\n<meta name=\"robots\" content=\"index, follow, max-snippet:-1, max-image-preview:large, max-video-preview:-1\" \/>\n<link rel=\"canonical\" href=\"https:\/\/www.tripnet.es\/fr\/visceres\/\" \/>\n<meta property=\"og:locale\" content=\"fr_FR\" \/>\n<meta property=\"og:type\" content=\"article\" \/>\n<meta property=\"og:title\" content=\"V\u00edsceres - Tripnet\" \/>\n<meta property=\"og:description\" content=\"Chez Tripnet, nous sommes sp\u00e9cialis\u00e9s dans les visc\u00e8res naturels de haute qualit\u00e9 : intestin gr\u00eale, mantille, estomac, vessie, gros intestin...\" \/>\n<meta property=\"og:url\" content=\"https:\/\/www.tripnet.es\/fr\/visceres\/\" \/>\n<meta property=\"og:site_name\" content=\"Tripnet\" \/>\n<meta property=\"article:publisher\" content=\"https:\/\/www.facebook.com\/TNTripnet\" \/>\n<meta property=\"article:modified_time\" content=\"2022-04-18T11:40:14+00:00\" \/>\n<meta property=\"og:image\" content=\"https:\/\/i0.wp.com\/www.tripnet.es\/wp-content\/uploads\/2021\/03\/productes-tripnet-14.png?fit=501%2C501&ssl=1\" \/>\n\t<meta property=\"og:image:width\" content=\"501\" \/>\n\t<meta property=\"og:image:height\" content=\"501\" \/>\n\t<meta property=\"og:image:type\" content=\"image\/png\" \/>\n<meta name=\"twitter:card\" content=\"summary_large_image\" \/>\n<script type=\"application\/ld+json\" class=\"yoast-schema-graph\">{\"@context\":\"https:\/\/schema.org\",\"@graph\":[{\"@type\":\"WebPage\",\"@id\":\"https:\/\/www.tripnet.es\/fr\/visceres\/\",\"url\":\"https:\/\/www.tripnet.es\/fr\/visceres\/\",\"name\":\"V\u00edsceres - Tripnet\",\"isPartOf\":{\"@id\":\"https:\/\/www.tripnet.es\/#website\"},\"datePublished\":\"2021-03-22T09:35:03+00:00\",\"dateModified\":\"2022-04-18T11:40:14+00:00\",\"description\":\"Chez Tripnet, nous sommes sp\u00e9cialis\u00e9s dans les visc\u00e8res naturels de haute qualit\u00e9 : intestin gr\u00eale, mantille, estomac, vessie, gros intestin...\",\"breadcrumb\":{\"@id\":\"https:\/\/www.tripnet.es\/fr\/visceres\/#breadcrumb\"},\"inLanguage\":\"fr-FR\",\"potentialAction\":[{\"@type\":\"ReadAction\",\"target\":[\"https:\/\/www.tripnet.es\/fr\/visceres\/\"]}]},{\"@type\":\"BreadcrumbList\",\"@id\":\"https:\/\/www.tripnet.es\/fr\/visceres\/#breadcrumb\",\"itemListElement\":[{\"@type\":\"ListItem\",\"position\":1,\"name\":\"Inici\",\"item\":\"https:\/\/www.tripnet.es\/fr\/\"},{\"@type\":\"ListItem\",\"position\":2,\"name\":\"V\u00edsceres\"}]},{\"@type\":\"WebSite\",\"@id\":\"https:\/\/www.tripnet.es\/#website\",\"url\":\"https:\/\/www.tripnet.es\/\",\"name\":\"Tripnet\",\"description\":\"tripes naturals per l&#039;elaboraci\u00f3 d&#039;embotits\",\"publisher\":{\"@id\":\"https:\/\/www.tripnet.es\/#organization\"},\"potentialAction\":[{\"@type\":\"SearchAction\",\"target\":{\"@type\":\"EntryPoint\",\"urlTemplate\":\"https:\/\/www.tripnet.es\/?s={search_term_string}\"},\"query-input\":\"required name=search_term_string\"}],\"inLanguage\":\"fr-FR\"},{\"@type\":\"Organization\",\"@id\":\"https:\/\/www.tripnet.es\/#organization\",\"name\":\"Tripnet, S.L.\",\"url\":\"https:\/\/www.tripnet.es\/\",\"logo\":{\"@type\":\"ImageObject\",\"inLanguage\":\"fr-FR\",\"@id\":\"https:\/\/www.tripnet.es\/#\/schema\/logo\/image\/\",\"url\":\"https:\/\/i0.wp.com\/www.tripnet.es\/wp-content\/uploads\/2022\/03\/Logotip_TRIPNET_TT-002-1.png?fit=749%2C911&ssl=1\",\"contentUrl\":\"https:\/\/i0.wp.com\/www.tripnet.es\/wp-content\/uploads\/2022\/03\/Logotip_TRIPNET_TT-002-1.png?fit=749%2C911&ssl=1\",\"width\":749,\"height\":911,\"caption\":\"Tripnet, S.L.\"},\"image\":{\"@id\":\"https:\/\/www.tripnet.es\/#\/schema\/logo\/image\/\"},\"sameAs\":[\"https:\/\/www.instagram.com\/_tripnet_\/\",\"https:\/\/www.linkedin.com\/company\/tntripnet\",\"https:\/\/www.facebook.com\/TNTripnet\"]}]}<\/script>\n<!-- \/ Yoast SEO plugin. -->","yoast_head_json":{"title":"V\u00edsceres - Tripnet","description":"Chez Tripnet, nous sommes sp\u00e9cialis\u00e9s dans les visc\u00e8res naturels de haute qualit\u00e9 : intestin gr\u00eale, mantille, estomac, vessie, gros intestin...","robots":{"index":"index","follow":"follow","max-snippet":"max-snippet:-1","max-image-preview":"max-image-preview:large","max-video-preview":"max-video-preview:-1"},"canonical":"https:\/\/www.tripnet.es\/fr\/visceres\/","og_locale":"fr_FR","og_type":"article","og_title":"V\u00edsceres - Tripnet","og_description":"Chez Tripnet, nous sommes sp\u00e9cialis\u00e9s dans les visc\u00e8res naturels de haute qualit\u00e9 : intestin gr\u00eale, mantille, estomac, vessie, gros intestin...","og_url":"https:\/\/www.tripnet.es\/fr\/visceres\/","og_site_name":"Tripnet","article_publisher":"https:\/\/www.facebook.com\/TNTripnet","article_modified_time":"2022-04-18T11:40:14+00:00","og_image":[{"width":501,"height":501,"url":"https:\/\/i0.wp.com\/www.tripnet.es\/wp-content\/uploads\/2021\/03\/productes-tripnet-14.png?fit=501%2C501&ssl=1","type":"image\/png"}],"twitter_card":"summary_large_image","schema":{"@context":"https:\/\/schema.org","@graph":[{"@type":"WebPage","@id":"https:\/\/www.tripnet.es\/fr\/visceres\/","url":"https:\/\/www.tripnet.es\/fr\/visceres\/","name":"V\u00edsceres - Tripnet","isPartOf":{"@id":"https:\/\/www.tripnet.es\/#website"},"datePublished":"2021-03-22T09:35:03+00:00","dateModified":"2022-04-18T11:40:14+00:00","description":"Chez Tripnet, nous sommes sp\u00e9cialis\u00e9s dans les visc\u00e8res naturels de haute qualit\u00e9 : intestin gr\u00eale, mantille, estomac, vessie, gros intestin...","breadcrumb":{"@id":"https:\/\/www.tripnet.es\/fr\/visceres\/#breadcrumb"},"inLanguage":"fr-FR","potentialAction":[{"@type":"ReadAction","target":["https:\/\/www.tripnet.es\/fr\/visceres\/"]}]},{"@type":"BreadcrumbList","@id":"https:\/\/www.tripnet.es\/fr\/visceres\/#breadcrumb","itemListElement":[{"@type":"ListItem","position":1,"name":"Inici","item":"https:\/\/www.tripnet.es\/fr\/"},{"@type":"ListItem","position":2,"name":"V\u00edsceres"}]},{"@type":"WebSite","@id":"https:\/\/www.tripnet.es\/#website","url":"https:\/\/www.tripnet.es\/","name":"Tripnet","description":"tripes naturals per l&#039;elaboraci\u00f3 d&#039;embotits","publisher":{"@id":"https:\/\/www.tripnet.es\/#organization"},"potentialAction":[{"@type":"SearchAction","target":{"@type":"EntryPoint","urlTemplate":"https:\/\/www.tripnet.es\/?s={search_term_string}"},"query-input":"required name=search_term_string"}],"inLanguage":"fr-FR"},{"@type":"Organization","@id":"https:\/\/www.tripnet.es\/#organization","name":"Tripnet, S.L.","url":"https:\/\/www.tripnet.es\/","logo":{"@type":"ImageObject","inLanguage":"fr-FR","@id":"https:\/\/www.tripnet.es\/#\/schema\/logo\/image\/","url":"https:\/\/i0.wp.com\/www.tripnet.es\/wp-content\/uploads\/2022\/03\/Logotip_TRIPNET_TT-002-1.png?fit=749%2C911&ssl=1","contentUrl":"https:\/\/i0.wp.com\/www.tripnet.es\/wp-content\/uploads\/2022\/03\/Logotip_TRIPNET_TT-002-1.png?fit=749%2C911&ssl=1","width":749,"height":911,"caption":"Tripnet, S.L."},"image":{"@id":"https:\/\/www.tripnet.es\/#\/schema\/logo\/image\/"},"sameAs":["https:\/\/www.instagram.com\/_tripnet_\/","https:\/\/www.linkedin.com\/company\/tntripnet","https:\/\/www.facebook.com\/TNTripnet"]}]}},"_links":{"self":[{"href":"http:\/\/www.tripnet.es\/fr\/wp-json\/wp\/v2\/pages\/634","targetHints":{"allow":["GET"]}}],"collection":[{"href":"http:\/\/www.tripnet.es\/fr\/wp-json\/wp\/v2\/pages"}],"about":[{"href":"http:\/\/www.tripnet.es\/fr\/wp-json\/wp\/v2\/types\/page"}],"author":[{"embeddable":true,"href":"http:\/\/www.tripnet.es\/fr\/wp-json\/wp\/v2\/users\/1"}],"replies":[{"embeddable":true,"href":"http:\/\/www.tripnet.es\/fr\/wp-json\/wp\/v2\/comments?post=634"}],"version-history":[{"count":9,"href":"http:\/\/www.tripnet.es\/fr\/wp-json\/wp\/v2\/pages\/634\/revisions"}],"predecessor-version":[{"id":1430,"href":"http:\/\/www.tripnet.es\/fr\/wp-json\/wp\/v2\/pages\/634\/revisions\/1430"}],"wp:featuredmedia":[{"embeddable":true,"href":"http:\/\/www.tripnet.es\/fr\/wp-json\/wp\/v2\/media\/608"}],"wp:attachment":[{"href":"http:\/\/www.tripnet.es\/fr\/wp-json\/wp\/v2\/media?parent=634"}],"curies":[{"name":"wp","href":"https:\/\/api.w.org\/{rel}","templated":true}]}}