{"id":423,"date":"2021-03-19T14:14:09","date_gmt":"2021-03-19T13:14:09","guid":{"rendered":"http:\/\/tripnet.es\/product\/estomac-escaldat\/"},"modified":"2022-03-24T13:09:55","modified_gmt":"2022-03-24T12:09:55","slug":"estomac-escaldat","status":"publish","type":"product","link":"http:\/\/www.tripnet.es\/fr\/producte\/estomac-escaldat\/","title":{"rendered":"Est\u00f3mac escaldat"},"content":{"rendered":"<p>L\u2019est\u00f3mac de porc \u00e9s una v\u00edscera allotjada a la cavitat abdominal del porc.<\/p>\n<p>Dins el nostre escorxador se separa de l\u2019es\u00f2fag i intest\u00ed prim, es retira l\u2019exc\u00e9s de greix superficial, el contingut estomacal i se sotmet a rentat.<\/p>\n<p>Un cop acabat el proc\u00e9s de neteja s&rsquo;escalda, es congela i es presenta en bosses de pl\u00e0stic d\u00fas alimentari.<\/p>\n<p>Es recomana conservar congelat a una temperatura de -18\u202f\u00b0C.<\/p>\n","protected":false},"excerpt":{"rendered":"<p>L\u2019est\u00f3mac de porc \u00e9s una v\u00edscera allotjada a la cavitat abdominal del porc. Dins el nostre escorxador se separa de l\u2019es\u00f2fag i intest\u00ed prim, es retira l\u2019exc\u00e9s de greix superficial, el contingut estomacal i se sotmet a rentat. Un cop acabat el proc\u00e9s de neteja&#8230;<\/p>\n","protected":false},"featured_media":576,"template":"","meta":[],"product_cat":[58,63],"product_tag":[],"class_list":["post-423","product","type-product","status-publish","has-post-thumbnail","hentry","product_cat-visceres-fr","product_cat-visceres-de-porc-fr"],"yoast_head":"<!-- This site is optimized with the Yoast SEO plugin v19.10 - https:\/\/yoast.com\/wordpress\/plugins\/seo\/ -->\n<title>Est\u00f3mac escaldat - Tripnet<\/title>\n<meta name=\"description\" content=\"L\u2019est\u00f3mac de porc \u00e9s una v\u00edscera allotjada a la cavitat abdominal del porc.Dins el nostre escorxador se separa de l\u2019es\u00f2fag i intest\u00ed prim, es retira l\u2019exc\u00e9s de greix superficial, el contingut estomacal i se sotmet a rentat.\" \/>\n<meta name=\"robots\" content=\"index, follow, max-snippet:-1, max-image-preview:large, max-video-preview:-1\" \/>\n<link rel=\"canonical\" href=\"http:\/\/www.tripnet.es\/fr\/producte\/estomac-escaldat\/\" \/>\n<meta property=\"og:locale\" content=\"fr_FR\" \/>\n<meta property=\"og:type\" content=\"article\" \/>\n<meta property=\"og:title\" content=\"Est\u00f3mac escaldat - Tripnet\" \/>\n<meta property=\"og:description\" content=\"L\u2019est\u00f3mac de porc \u00e9s una v\u00edscera allotjada a la cavitat abdominal del porc.Dins el nostre escorxador se separa de l\u2019es\u00f2fag i intest\u00ed prim, es retira l\u2019exc\u00e9s de greix superficial, el contingut estomacal i se sotmet a rentat.\" \/>\n<meta property=\"og:url\" content=\"http:\/\/www.tripnet.es\/fr\/producte\/estomac-escaldat\/\" \/>\n<meta property=\"og:site_name\" content=\"Tripnet\" \/>\n<meta property=\"article:publisher\" content=\"https:\/\/www.facebook.com\/TNTripnet\" \/>\n<meta property=\"article:modified_time\" content=\"2022-03-24T12:09:55+00:00\" \/>\n<meta property=\"og:image\" content=\"http:\/\/www.tripnet.es\/wp-content\/uploads\/2021\/03\/Esto\u0301mac-escaldat-1024x1024.jpg\" \/>\n\t<meta property=\"og:image:width\" content=\"1024\" \/>\n\t<meta property=\"og:image:height\" content=\"1024\" \/>\n\t<meta property=\"og:image:type\" content=\"image\/jpeg\" \/>\n<meta name=\"twitter:card\" content=\"summary_large_image\" \/>\n<script type=\"application\/ld+json\" class=\"yoast-schema-graph\">{\"@context\":\"https:\/\/schema.org\",\"@graph\":[{\"@type\":\"WebPage\",\"@id\":\"http:\/\/www.tripnet.es\/fr\/producte\/estomac-escaldat\/\",\"url\":\"http:\/\/www.tripnet.es\/fr\/producte\/estomac-escaldat\/\",\"name\":\"Est\u00f3mac escaldat - Tripnet\",\"isPartOf\":{\"@id\":\"http:\/\/www.tripnet.es\/en\/#website\"},\"datePublished\":\"2021-03-19T13:14:09+00:00\",\"dateModified\":\"2022-03-24T12:09:55+00:00\",\"description\":\"L\u2019est\u00f3mac de porc \u00e9s una v\u00edscera allotjada a la cavitat abdominal del porc.Dins el nostre escorxador se separa de l\u2019es\u00f2fag i intest\u00ed prim, es retira l\u2019exc\u00e9s de greix superficial, el contingut estomacal i se sotmet a rentat.\",\"breadcrumb\":{\"@id\":\"http:\/\/www.tripnet.es\/fr\/producte\/estomac-escaldat\/#breadcrumb\"},\"inLanguage\":\"fr-FR\",\"potentialAction\":[{\"@type\":\"ReadAction\",\"target\":[\"http:\/\/www.tripnet.es\/fr\/producte\/estomac-escaldat\/\"]}]},{\"@type\":\"BreadcrumbList\",\"@id\":\"http:\/\/www.tripnet.es\/fr\/producte\/estomac-escaldat\/#breadcrumb\",\"itemListElement\":[{\"@type\":\"ListItem\",\"position\":1,\"name\":\"Inici\",\"item\":\"http:\/\/www.tripnet.es\/fr\/\"},{\"@type\":\"ListItem\",\"position\":2,\"name\":\"Est\u00f3mac escaldat\"}]},{\"@type\":\"WebSite\",\"@id\":\"http:\/\/www.tripnet.es\/en\/#website\",\"url\":\"http:\/\/www.tripnet.es\/en\/\",\"name\":\"Tripnet\",\"description\":\"tripes naturals per l&#039;elaboraci\u00f3 d&#039;embotits\",\"publisher\":{\"@id\":\"http:\/\/www.tripnet.es\/en\/#organization\"},\"potentialAction\":[{\"@type\":\"SearchAction\",\"target\":{\"@type\":\"EntryPoint\",\"urlTemplate\":\"http:\/\/www.tripnet.es\/en\/?s={search_term_string}\"},\"query-input\":\"required name=search_term_string\"}],\"inLanguage\":\"fr-FR\"},{\"@type\":\"Organization\",\"@id\":\"http:\/\/www.tripnet.es\/en\/#organization\",\"name\":\"Tripnet, S.L.\",\"url\":\"http:\/\/www.tripnet.es\/en\/\",\"logo\":{\"@type\":\"ImageObject\",\"inLanguage\":\"fr-FR\",\"@id\":\"http:\/\/www.tripnet.es\/en\/#\/schema\/logo\/image\/\",\"url\":\"https:\/\/i0.wp.com\/www.tripnet.es\/wp-content\/uploads\/2022\/03\/Logotip_TRIPNET_TT-002-1.png?fit=749%2C911&ssl=1\",\"contentUrl\":\"https:\/\/i0.wp.com\/www.tripnet.es\/wp-content\/uploads\/2022\/03\/Logotip_TRIPNET_TT-002-1.png?fit=749%2C911&ssl=1\",\"width\":749,\"height\":911,\"caption\":\"Tripnet, S.L.\"},\"image\":{\"@id\":\"http:\/\/www.tripnet.es\/en\/#\/schema\/logo\/image\/\"},\"sameAs\":[\"https:\/\/www.instagram.com\/_tripnet_\/\",\"https:\/\/www.linkedin.com\/company\/tntripnet\",\"https:\/\/www.facebook.com\/TNTripnet\"]}]}<\/script>\n<!-- \/ Yoast SEO plugin. -->","yoast_head_json":{"title":"Est\u00f3mac escaldat - Tripnet","description":"L\u2019est\u00f3mac de porc \u00e9s una v\u00edscera allotjada a la cavitat abdominal del porc.Dins el nostre escorxador se separa de l\u2019es\u00f2fag i intest\u00ed prim, es retira l\u2019exc\u00e9s de greix superficial, el contingut estomacal i se sotmet a rentat.","robots":{"index":"index","follow":"follow","max-snippet":"max-snippet:-1","max-image-preview":"max-image-preview:large","max-video-preview":"max-video-preview:-1"},"canonical":"http:\/\/www.tripnet.es\/fr\/producte\/estomac-escaldat\/","og_locale":"fr_FR","og_type":"article","og_title":"Est\u00f3mac escaldat - Tripnet","og_description":"L\u2019est\u00f3mac de porc \u00e9s una v\u00edscera allotjada a la cavitat abdominal del porc.Dins el nostre escorxador se separa de l\u2019es\u00f2fag i intest\u00ed prim, es retira l\u2019exc\u00e9s de greix superficial, el contingut estomacal i se sotmet a rentat.","og_url":"http:\/\/www.tripnet.es\/fr\/producte\/estomac-escaldat\/","og_site_name":"Tripnet","article_publisher":"https:\/\/www.facebook.com\/TNTripnet","article_modified_time":"2022-03-24T12:09:55+00:00","og_image":[{"width":1024,"height":1024,"url":"http:\/\/www.tripnet.es\/wp-content\/uploads\/2021\/03\/Esto\u0301mac-escaldat-1024x1024.jpg","type":"image\/jpeg"}],"twitter_card":"summary_large_image","schema":{"@context":"https:\/\/schema.org","@graph":[{"@type":"WebPage","@id":"http:\/\/www.tripnet.es\/fr\/producte\/estomac-escaldat\/","url":"http:\/\/www.tripnet.es\/fr\/producte\/estomac-escaldat\/","name":"Est\u00f3mac escaldat - Tripnet","isPartOf":{"@id":"http:\/\/www.tripnet.es\/en\/#website"},"datePublished":"2021-03-19T13:14:09+00:00","dateModified":"2022-03-24T12:09:55+00:00","description":"L\u2019est\u00f3mac de porc \u00e9s una v\u00edscera allotjada a la cavitat abdominal del porc.Dins el nostre escorxador se separa de l\u2019es\u00f2fag i intest\u00ed prim, es retira l\u2019exc\u00e9s de greix superficial, el contingut estomacal i se sotmet a rentat.","breadcrumb":{"@id":"http:\/\/www.tripnet.es\/fr\/producte\/estomac-escaldat\/#breadcrumb"},"inLanguage":"fr-FR","potentialAction":[{"@type":"ReadAction","target":["http:\/\/www.tripnet.es\/fr\/producte\/estomac-escaldat\/"]}]},{"@type":"BreadcrumbList","@id":"http:\/\/www.tripnet.es\/fr\/producte\/estomac-escaldat\/#breadcrumb","itemListElement":[{"@type":"ListItem","position":1,"name":"Inici","item":"http:\/\/www.tripnet.es\/fr\/"},{"@type":"ListItem","position":2,"name":"Est\u00f3mac escaldat"}]},{"@type":"WebSite","@id":"http:\/\/www.tripnet.es\/en\/#website","url":"http:\/\/www.tripnet.es\/en\/","name":"Tripnet","description":"tripes naturals per l&#039;elaboraci\u00f3 d&#039;embotits","publisher":{"@id":"http:\/\/www.tripnet.es\/en\/#organization"},"potentialAction":[{"@type":"SearchAction","target":{"@type":"EntryPoint","urlTemplate":"http:\/\/www.tripnet.es\/en\/?s={search_term_string}"},"query-input":"required name=search_term_string"}],"inLanguage":"fr-FR"},{"@type":"Organization","@id":"http:\/\/www.tripnet.es\/en\/#organization","name":"Tripnet, S.L.","url":"http:\/\/www.tripnet.es\/en\/","logo":{"@type":"ImageObject","inLanguage":"fr-FR","@id":"http:\/\/www.tripnet.es\/en\/#\/schema\/logo\/image\/","url":"https:\/\/i0.wp.com\/www.tripnet.es\/wp-content\/uploads\/2022\/03\/Logotip_TRIPNET_TT-002-1.png?fit=749%2C911&ssl=1","contentUrl":"https:\/\/i0.wp.com\/www.tripnet.es\/wp-content\/uploads\/2022\/03\/Logotip_TRIPNET_TT-002-1.png?fit=749%2C911&ssl=1","width":749,"height":911,"caption":"Tripnet, S.L."},"image":{"@id":"http:\/\/www.tripnet.es\/en\/#\/schema\/logo\/image\/"},"sameAs":["https:\/\/www.instagram.com\/_tripnet_\/","https:\/\/www.linkedin.com\/company\/tntripnet","https:\/\/www.facebook.com\/TNTripnet"]}]}},"_links":{"self":[{"href":"http:\/\/www.tripnet.es\/fr\/wp-json\/wp\/v2\/product\/423","targetHints":{"allow":["GET"]}}],"collection":[{"href":"http:\/\/www.tripnet.es\/fr\/wp-json\/wp\/v2\/product"}],"about":[{"href":"http:\/\/www.tripnet.es\/fr\/wp-json\/wp\/v2\/types\/product"}],"wp:featuredmedia":[{"embeddable":true,"href":"http:\/\/www.tripnet.es\/fr\/wp-json\/wp\/v2\/media\/576"}],"wp:attachment":[{"href":"http:\/\/www.tripnet.es\/fr\/wp-json\/wp\/v2\/media?parent=423"}],"wp:term":[{"taxonomy":"product_cat","embeddable":true,"href":"http:\/\/www.tripnet.es\/fr\/wp-json\/wp\/v2\/product_cat?post=423"},{"taxonomy":"product_tag","embeddable":true,"href":"http:\/\/www.tripnet.es\/fr\/wp-json\/wp\/v2\/product_tag?post=423"}],"curies":[{"name":"wp","href":"https:\/\/api.w.org\/{rel}","templated":true}]}}